{"id":3,"date":"2024-01-17T15:27:12","date_gmt":"2024-01-17T15:27:12","guid":{"rendered":"https:\/\/saveurduliban.com\/?page_id=3"},"modified":"2025-08-29T19:35:46","modified_gmt":"2025-08-29T19:35:46","slug":"politique-de-confidentialite","status":"publish","type":"page","link":"https:\/\/saveurduliban.com\/fr\/privacy-policy\/","title":{"rendered":"Politique de confidentialit\u00e9"},"content":{"rendered":"<div data-elementor-type=\"wp-page\" data-elementor-id=\"3\" class=\"elementor elementor-3\">\n\t\t\t\t<div class=\"elementor-element elementor-element-5c4fef6f e-flex e-con-boxed wpr-particle-no wpr-jarallax-no wpr-parallax-no wpr-sticky-section-no wpr-equal-height-no e-con e-parent\" data-id=\"5c4fef6f\" data-element_type=\"container\" data-e-type=\"container\">\n\t\t\t\t\t<div class=\"e-con-inner\">\n\t\t\t\t<div class=\"elementor-element elementor-element-70ebbef4 elementor-widget elementor-widget-text-editor\" data-id=\"70ebbef4\" data-element_type=\"widget\" data-e-type=\"widget\" data-widget_type=\"text-editor.default\">\n\t\t\t\t\t\t\t\t\t\n<h2 class=\"wp-block-heading\">Qui sommes-nous ?<\/h2>\n\n<p>L'adresse de notre site web est la suivante : https:\/\/saveurduliban.com.<\/p>\n\n<h2 class=\"wp-block-heading\">Commentaires<\/h2>\n\n<p>Lorsque les visiteurs laissent des commentaires sur le site, nous recueillons les donn\u00e9es figurant dans le formulaire de commentaires, ainsi que l'adresse IP du visiteur et la cha\u00eene de l'agent utilisateur du navigateur afin de faciliter la d\u00e9tection des spams.<\/p>\n\n<p>Une cha\u00eene anonyme cr\u00e9\u00e9e \u00e0 partir de votre adresse \u00e9lectronique (\u00e9galement appel\u00e9e \"hash\") peut \u00eatre fournie au service Gravatar pour v\u00e9rifier si vous l'utilisez. La politique de confidentialit\u00e9 du service Gravatar est disponible ici : https:\/\/automattic.com\/privacy\/. Apr\u00e8s approbation de votre commentaire, votre photo de profil est visible par le public dans le contexte de votre commentaire.<\/p>\n\n<h2 class=\"wp-block-heading\">Les m\u00e9dias<\/h2>\n\n<p>Si vous t\u00e9l\u00e9chargez des images sur le site web, vous devez \u00e9viter de t\u00e9l\u00e9charger des images contenant des donn\u00e9es de localisation int\u00e9gr\u00e9es (EXIF GPS). Les visiteurs du site web peuvent t\u00e9l\u00e9charger et extraire toutes les donn\u00e9es de localisation des images sur le site web.<\/p>\n\n<h2 class=\"wp-block-heading\">Cookies<\/h2>\n\n<p>Si vous laissez un commentaire sur notre site, vous pouvez accepter que votre nom, votre adresse \u00e9lectronique et votre site web soient enregistr\u00e9s dans des cookies. Ces cookies sont destin\u00e9s \u00e0 vous faciliter la t\u00e2che, de sorte que vous n'ayez pas \u00e0 fournir \u00e0 nouveau vos coordonn\u00e9es lorsque vous laissez un autre commentaire. Ces cookies ont une dur\u00e9e de vie d'un an.<\/p>\n\n<p>Si vous visitez notre page de connexion, nous installerons un cookie temporaire pour d\u00e9terminer si votre navigateur accepte les cookies. Ce cookie ne contient aucune donn\u00e9e personnelle et est supprim\u00e9 lorsque vous fermez votre navigateur.<\/p>\n\n<p>Lorsque vous vous connectez, nous installons \u00e9galement plusieurs cookies pour enregistrer vos informations de connexion et vos choix d'affichage \u00e0 l'\u00e9cran. Les cookies de connexion ont une dur\u00e9e de vie de deux jours et les cookies d'options d'\u00e9cran ont une dur\u00e9e de vie d'un an. Si vous s\u00e9lectionnez l'option \u201cSe souvenir de moi\u201d, votre connexion sera conserv\u00e9e pendant deux semaines. Si vous vous d\u00e9connectez de votre compte, les cookies de connexion seront supprim\u00e9s.<\/p>\n\n<p>Si vous modifiez ou publiez un article, un cookie suppl\u00e9mentaire sera enregistr\u00e9 dans votre navigateur. Ce cookie ne contient aucune donn\u00e9e personnelle et indique simplement l'identifiant de l'article que vous venez de modifier. Il expire apr\u00e8s 1 jour.<\/p>\n\n<h2 class=\"wp-block-heading\">Contenu int\u00e9gr\u00e9 d'autres sites web<\/h2>\n\n<p>Les articles de ce site peuvent contenir du contenu int\u00e9gr\u00e9 (par exemple des vid\u00e9os, des images, des articles, etc.). Le contenu int\u00e9gr\u00e9 provenant d'autres sites web se comporte exactement de la m\u00eame mani\u00e8re que si le visiteur avait visit\u00e9 l'autre site web.<\/p>\n\n<p>Ces sites web peuvent collecter des donn\u00e9es vous concernant, utiliser des cookies, int\u00e9grer un suivi suppl\u00e9mentaire par des tiers et surveiller votre interaction avec ce contenu int\u00e9gr\u00e9, y compris votre interaction avec le contenu int\u00e9gr\u00e9 si vous avez un compte et que vous \u00eates connect\u00e9 \u00e0 ce site web.<\/p>\n\n<h2 class=\"wp-block-heading\">Avec qui nous partageons vos donn\u00e9es<\/h2>\n\n<p>Si vous demandez une r\u00e9initialisation de votre mot de passe, votre adresse IP sera incluse dans l'e-mail de r\u00e9initialisation.<\/p>\n\n<h2 class=\"wp-block-heading\">Dur\u00e9e de conservation des donn\u00e9es<\/h2>\n\n<p>Si vous laissez un commentaire, celui-ci et ses m\u00e9tadonn\u00e9es sont conserv\u00e9s ind\u00e9finiment. Cela nous permet de reconna\u00eetre et d'approuver automatiquement les commentaires de suivi au lieu de les conserver dans une file d'attente de mod\u00e9ration.<\/p>\n\n<p>Pour les utilisateurs qui s'inscrivent sur notre site web (le cas \u00e9ch\u00e9ant), nous stockons \u00e9galement les informations personnelles qu'ils fournissent dans leur profil d'utilisateur. Tous les utilisateurs peuvent voir, modifier ou supprimer leurs informations personnelles \u00e0 tout moment (sauf qu'ils ne peuvent pas changer leur nom d'utilisateur). Les administrateurs du site web peuvent \u00e9galement consulter et modifier ces informations.<\/p>\n\n<h2 class=\"wp-block-heading\">Quels sont les droits dont vous disposez sur vos donn\u00e9es ?<\/h2>\n\n<p>Si vous avez un compte sur ce site, ou si vous avez laiss\u00e9 des commentaires, vous pouvez demander \u00e0 recevoir un fichier export\u00e9 des donn\u00e9es personnelles que nous d\u00e9tenons \u00e0 votre sujet, y compris toutes les donn\u00e9es que vous nous avez fournies. Vous pouvez \u00e9galement nous demander d'effacer toutes les donn\u00e9es personnelles que nous d\u00e9tenons \u00e0 votre sujet. Cela n'inclut pas les donn\u00e9es que nous sommes oblig\u00e9s de conserver \u00e0 des fins administratives, juridiques ou de s\u00e9curit\u00e9.<\/p>\n\n<h2 class=\"wp-block-heading\">O\u00f9 vos donn\u00e9es sont-elles envoy\u00e9es ?<\/h2>\n\n<p>Les commentaires des visiteurs peuvent \u00eatre v\u00e9rifi\u00e9s par un service automatis\u00e9 de d\u00e9tection des spams.<\/p>\n\t\t\t\t\t\t\t\t<\/div>\n\t\t\t\t\t<\/div>\n\t\t\t\t<\/div>\n\t\t\t\t<\/div>","protected":false},"excerpt":{"rendered":"<p>Qui nous sommes L'adresse de notre site web est : https:\/\/saveurduliban.com. Commentaires Lorsque des visiteurs laissent des commentaires sur le site, nous recueillons les donn\u00e9es figurant dans le formulaire de commentaires, ainsi que l'adresse IP du visiteur et la cha\u00eene de l'agent utilisateur du navigateur pour faciliter la d\u00e9tection des spams. Une cha\u00eene anonyme cr\u00e9\u00e9e \u00e0 partir de votre adresse \u00e9lectronique (\u00e9galement appel\u00e9e \u201chash\u201d) peut \u00eatre fournie au service Gravatar pour v\u00e9rifier si vous l'utilisez. La politique de confidentialit\u00e9 du service Gravatar est disponible ici : https:\/\/automattic.com\/privacy\/. Apr\u00e8s approbation de votre commentaire, votre photo de profil est visible par le public dans le contexte de votre commentaire. M\u00e9dias Si vous t\u00e9l\u00e9chargez des images sur le site web, vous devez \u00e9viter de t\u00e9l\u00e9charger des images contenant des donn\u00e9es de localisation int\u00e9gr\u00e9es (EXIF GPS). Les visiteurs du site web peuvent t\u00e9l\u00e9charger et extraire toutes les donn\u00e9es de localisation des images sur le site web. Cookies Si vous laissez un commentaire sur notre site, vous pouvez accepter que votre nom, votre adresse \u00e9lectronique et votre site web soient enregistr\u00e9s dans des cookies. Ces cookies sont destin\u00e9s \u00e0 vous faciliter la t\u00e2che, de sorte que vous n'ayez pas \u00e0 fournir \u00e0 nouveau vos coordonn\u00e9es lorsque vous laissez un autre commentaire. Ces cookies ont une dur\u00e9e de vie d'un an. Si vous visitez notre page de connexion, nous installerons un cookie temporaire pour d\u00e9terminer si votre navigateur accepte les cookies. Ce cookie ne contient aucune donn\u00e9e personnelle et est supprim\u00e9 lorsque vous fermez votre navigateur. Lorsque vous vous connectez, nous installons \u00e9galement plusieurs cookies pour enregistrer vos informations de connexion et vos choix d'affichage \u00e0 l'\u00e9cran. Les cookies de connexion ont une dur\u00e9e de vie de deux jours et les cookies d'options d'\u00e9cran ont une dur\u00e9e de vie d'un an. Si vous s\u00e9lectionnez l'option \"Se souvenir de moi\", votre connexion sera conserv\u00e9e pendant deux semaines. Si vous vous d\u00e9connectez de votre compte, les cookies de connexion seront supprim\u00e9s. Si vous modifiez ou publiez un article, un cookie suppl\u00e9mentaire sera enregistr\u00e9 dans votre navigateur. Ce cookie ne contient aucune donn\u00e9e personnelle et indique simplement l'ID de l'article que vous venez de modifier. Il expire au bout d'un jour. Contenu int\u00e9gr\u00e9 d'autres sites web Les articles de ce site peuvent contenir du contenu int\u00e9gr\u00e9 (par exemple, des vid\u00e9os, des images, des articles, etc.). Le contenu int\u00e9gr\u00e9 provenant d'autres sites web se comporte exactement de la m\u00eame mani\u00e8re que si le visiteur avait visit\u00e9 l'autre site web. Ces sites web peuvent collecter des donn\u00e9es vous concernant, utiliser des cookies, int\u00e9grer un suivi suppl\u00e9mentaire par des tiers et surveiller votre interaction avec ce contenu int\u00e9gr\u00e9, y compris votre interaction avec le contenu int\u00e9gr\u00e9 si vous avez un compte et que vous \u00eates connect\u00e9 \u00e0 ce site web. Avec qui partageons-nous vos donn\u00e9es Si vous demandez une r\u00e9initialisation de votre mot de passe, votre adresse IP sera incluse dans l'e-mail de r\u00e9initialisation. Dur\u00e9e de conservation de vos donn\u00e9es Si vous laissez un commentaire, celui-ci et ses m\u00e9tadonn\u00e9es sont conserv\u00e9s ind\u00e9finiment. Cela nous permet de reconna\u00eetre et d'approuver automatiquement les commentaires ult\u00e9rieurs au lieu de les conserver dans une file d'attente de mod\u00e9ration. Pour les utilisateurs qui s'inscrivent sur notre site web (le cas \u00e9ch\u00e9ant), nous stockons \u00e9galement les informations personnelles qu'ils fournissent dans leur profil d'utilisateur. Tous les utilisateurs peuvent voir, modifier ou supprimer leurs informations personnelles \u00e0 tout moment (sauf qu'ils ne peuvent pas changer leur nom d'utilisateur). Les administrateurs du site web peuvent \u00e9galement consulter et modifier ces informations. Droits sur vos donn\u00e9es Si vous avez un compte sur ce site, ou si vous avez laiss\u00e9 des commentaires, vous pouvez demander \u00e0 recevoir un fichier export\u00e9 des donn\u00e9es personnelles que nous d\u00e9tenons \u00e0 votre sujet, y compris toutes les donn\u00e9es que vous nous avez fournies. Vous pouvez \u00e9galement nous demander d'effacer toutes les donn\u00e9es personnelles que nous d\u00e9tenons \u00e0 votre sujet. Cela n'inclut pas les donn\u00e9es que nous sommes oblig\u00e9s de conserver \u00e0 des fins administratives, juridiques ou de s\u00e9curit\u00e9. Lorsque vos donn\u00e9es sont envoy\u00e9es, les commentaires des visiteurs peuvent \u00eatre v\u00e9rifi\u00e9s par un service automatis\u00e9 de d\u00e9tection des spams.<\/p>","protected":false},"author":1,"featured_media":0,"parent":0,"menu_order":0,"comment_status":"closed","ping_status":"open","template":"","meta":{"footnotes":""},"class_list":["post-3","page","type-page","status-publish","hentry"],"blocksy_meta":[],"yoast_head":"<!-- This site is optimized with the Yoast SEO plugin v27.5 - https:\/\/yoast.com\/product\/yoast-seo-wordpress\/ -->\n<title>Privacy Policy - Saveurs Du Liban<\/title>\n<meta name=\"robots\" content=\"index, follow, max-snippet:-1, max-image-preview:large, max-video-preview:-1\" \/>\n<link rel=\"canonical\" href=\"https:\/\/saveurduliban.com\/fr\/politique-de-confidentialite\/\" \/>\n<meta property=\"og:locale\" content=\"fr_CA\" \/>\n<meta property=\"og:type\" content=\"article\" \/>\n<meta property=\"og:title\" content=\"Privacy Policy - Saveurs Du Liban\" \/>\n<meta property=\"og:description\" content=\"Who we are Our website address is: https:\/\/saveurduliban.com. Comments When visitors leave comments on the site we collect the data shown in the comments form, and also the visitor\u2019s IP address and browser user agent string to help spam detection. An anonymized string created from your email address (also called a hash) may be provided to the Gravatar service to see if you are using it. The Gravatar service privacy policy is available here: https:\/\/automattic.com\/privacy\/. After approval of your comment, your profile picture is visible to the public in the context of your comment. Media If you upload images to the website, you should avoid uploading images with embedded location data (EXIF GPS) included. Visitors to the website can download and extract any location data from images on the website. Cookies If you leave a comment on our site you may opt-in to saving your name, email address and website in cookies. These are for your convenience so that you do not have to fill in your details again when you leave another comment. These cookies will last for one year. If you visit our login page, we will set a temporary cookie to determine if your browser accepts cookies. This cookie contains no personal data and is discarded when you close your browser. When you log in, we will also set up several cookies to save your login information and your screen display choices. Login cookies last for two days, and screen options cookies last for a year. If you select &#8220;Remember Me&#8221;, your login will persist for two weeks. If you log out of your account, the login cookies will be removed. If you edit or publish an article, an additional cookie will be saved in your browser. This cookie includes no personal data and simply indicates the post ID of the article you just edited. It expires after 1 day. Embedded content from other websites Articles on this site may include embedded content (e.g. videos, images, articles, etc.). Embedded content from other websites behaves in the exact same way as if the visitor has visited the other website. These websites may collect data about you, use cookies, embed additional third-party tracking, and monitor your interaction with that embedded content, including tracking your interaction with the embedded content if you have an account and are logged in to that website. Who we share your data with If you request a password reset, your IP address will be included in the reset email. How long we retain your data If you leave a comment, the comment and its metadata are retained indefinitely. This is so we can recognize and approve any follow-up comments automatically instead of holding them in a moderation queue. For users that register on our website (if any), we also store the personal information they provide in their user profile. All users can see, edit, or delete their personal information at any time (except they cannot change their username). Website administrators can also see and edit that information. What rights you have over your data If you have an account on this site, or have left comments, you can request to receive an exported file of the personal data we hold about you, including any data you have provided to us. You can also request that we erase any personal data we hold about you. This does not include any data we are obliged to keep for administrative, legal, or security purposes. Where your data is sent Visitor comments may be checked through an automated spam detection service.\" \/>\n<meta property=\"og:url\" content=\"https:\/\/saveurduliban.com\/fr\/politique-de-confidentialite\/\" \/>\n<meta property=\"og:site_name\" content=\"Saveurs Du Liban\" \/>\n<meta property=\"article:modified_time\" content=\"2025-08-29T19:35:46+00:00\" \/>\n<meta name=\"twitter:card\" content=\"summary_large_image\" \/>\n<meta name=\"twitter:label1\" content=\"Estimation du temps de lecture\" \/>\n\t<meta name=\"twitter:data1\" content=\"3 minutes\" \/>\n<script type=\"application\/ld+json\" class=\"yoast-schema-graph\">{\"@context\":\"https:\\\/\\\/schema.org\",\"@graph\":[{\"@type\":\"WebPage\",\"@id\":\"https:\\\/\\\/saveurduliban.com\\\/privacy-policy\\\/\",\"url\":\"https:\\\/\\\/saveurduliban.com\\\/privacy-policy\\\/\",\"name\":\"Privacy Policy - Saveurs Du Liban\",\"isPartOf\":{\"@id\":\"https:\\\/\\\/saveurduliban.com\\\/#website\"},\"datePublished\":\"2024-01-17T15:27:12+00:00\",\"dateModified\":\"2025-08-29T19:35:46+00:00\",\"breadcrumb\":{\"@id\":\"https:\\\/\\\/saveurduliban.com\\\/privacy-policy\\\/#breadcrumb\"},\"inLanguage\":\"fr-CA\",\"potentialAction\":[{\"@type\":\"ReadAction\",\"target\":[\"https:\\\/\\\/saveurduliban.com\\\/privacy-policy\\\/\"]}]},{\"@type\":\"BreadcrumbList\",\"@id\":\"https:\\\/\\\/saveurduliban.com\\\/privacy-policy\\\/#breadcrumb\",\"itemListElement\":[{\"@type\":\"ListItem\",\"position\":1,\"name\":\"Home\",\"item\":\"https:\\\/\\\/saveurduliban.com\\\/\"},{\"@type\":\"ListItem\",\"position\":2,\"name\":\"Privacy Policy\"}]},{\"@type\":\"WebSite\",\"@id\":\"https:\\\/\\\/saveurduliban.com\\\/#website\",\"url\":\"https:\\\/\\\/saveurduliban.com\\\/\",\"name\":\"Saveurs Du Liban - Taste of Lebanon\",\"description\":\"Saveurs Du Liban delivers homemade goods from Lebanon to Canada. Our artisans professionally prepare tasty goods that contain love and a feel of home.\",\"publisher\":{\"@id\":\"https:\\\/\\\/saveurduliban.com\\\/#organization\"},\"potentialAction\":[{\"@type\":\"SearchAction\",\"target\":{\"@type\":\"EntryPoint\",\"urlTemplate\":\"https:\\\/\\\/saveurduliban.com\\\/?s={search_term_string}\"},\"query-input\":{\"@type\":\"PropertyValueSpecification\",\"valueRequired\":true,\"valueName\":\"search_term_string\"}}],\"inLanguage\":\"fr-CA\"},{\"@type\":\"Organization\",\"@id\":\"https:\\\/\\\/saveurduliban.com\\\/#organization\",\"name\":\"Saveurs Du Liban - Taste of Lebanon\",\"url\":\"https:\\\/\\\/saveurduliban.com\\\/\",\"logo\":{\"@type\":\"ImageObject\",\"inLanguage\":\"fr-CA\",\"@id\":\"https:\\\/\\\/saveurduliban.com\\\/#\\\/schema\\\/logo\\\/image\\\/\",\"url\":\"https:\\\/\\\/saveurduliban.com\\\/wp-content\\\/uploads\\\/2024\\\/01\\\/logo-03-2.png\",\"contentUrl\":\"https:\\\/\\\/saveurduliban.com\\\/wp-content\\\/uploads\\\/2024\\\/01\\\/logo-03-2.png\",\"width\":480,\"height\":530,\"caption\":\"Saveurs Du Liban - Taste of Lebanon\"},\"image\":{\"@id\":\"https:\\\/\\\/saveurduliban.com\\\/#\\\/schema\\\/logo\\\/image\\\/\"},\"sameAs\":[\"https:\\\/\\\/instagram.com\\\/saveurduliban\"]}]}<\/script>\n<!-- \/ Yoast SEO plugin. -->","yoast_head_json":{"title":"Privacy Policy - Saveurs Du Liban","robots":{"index":"index","follow":"follow","max-snippet":"max-snippet:-1","max-image-preview":"max-image-preview:large","max-video-preview":"max-video-preview:-1"},"canonical":"https:\/\/saveurduliban.com\/fr\/politique-de-confidentialite\/","og_locale":"fr_CA","og_type":"article","og_title":"Privacy Policy - Saveurs Du Liban","og_description":"Who we are Our website address is: https:\/\/saveurduliban.com. Comments When visitors leave comments on the site we collect the data shown in the comments form, and also the visitor\u2019s IP address and browser user agent string to help spam detection. An anonymized string created from your email address (also called a hash) may be provided to the Gravatar service to see if you are using it. The Gravatar service privacy policy is available here: https:\/\/automattic.com\/privacy\/. After approval of your comment, your profile picture is visible to the public in the context of your comment. Media If you upload images to the website, you should avoid uploading images with embedded location data (EXIF GPS) included. Visitors to the website can download and extract any location data from images on the website. Cookies If you leave a comment on our site you may opt-in to saving your name, email address and website in cookies. These are for your convenience so that you do not have to fill in your details again when you leave another comment. These cookies will last for one year. If you visit our login page, we will set a temporary cookie to determine if your browser accepts cookies. This cookie contains no personal data and is discarded when you close your browser. When you log in, we will also set up several cookies to save your login information and your screen display choices. Login cookies last for two days, and screen options cookies last for a year. If you select &#8220;Remember Me&#8221;, your login will persist for two weeks. If you log out of your account, the login cookies will be removed. If you edit or publish an article, an additional cookie will be saved in your browser. This cookie includes no personal data and simply indicates the post ID of the article you just edited. It expires after 1 day. Embedded content from other websites Articles on this site may include embedded content (e.g. videos, images, articles, etc.). Embedded content from other websites behaves in the exact same way as if the visitor has visited the other website. These websites may collect data about you, use cookies, embed additional third-party tracking, and monitor your interaction with that embedded content, including tracking your interaction with the embedded content if you have an account and are logged in to that website. Who we share your data with If you request a password reset, your IP address will be included in the reset email. How long we retain your data If you leave a comment, the comment and its metadata are retained indefinitely. This is so we can recognize and approve any follow-up comments automatically instead of holding them in a moderation queue. For users that register on our website (if any), we also store the personal information they provide in their user profile. All users can see, edit, or delete their personal information at any time (except they cannot change their username). Website administrators can also see and edit that information. What rights you have over your data If you have an account on this site, or have left comments, you can request to receive an exported file of the personal data we hold about you, including any data you have provided to us. You can also request that we erase any personal data we hold about you. This does not include any data we are obliged to keep for administrative, legal, or security purposes. Where your data is sent Visitor comments may be checked through an automated spam detection service.","og_url":"https:\/\/saveurduliban.com\/fr\/politique-de-confidentialite\/","og_site_name":"Saveurs Du Liban","article_modified_time":"2025-08-29T19:35:46+00:00","twitter_card":"summary_large_image","twitter_misc":{"Estimation du temps de lecture":"3 minutes"},"schema":{"@context":"https:\/\/schema.org","@graph":[{"@type":"WebPage","@id":"https:\/\/saveurduliban.com\/privacy-policy\/","url":"https:\/\/saveurduliban.com\/privacy-policy\/","name":"Privacy Policy - Saveurs Du Liban","isPartOf":{"@id":"https:\/\/saveurduliban.com\/#website"},"datePublished":"2024-01-17T15:27:12+00:00","dateModified":"2025-08-29T19:35:46+00:00","breadcrumb":{"@id":"https:\/\/saveurduliban.com\/privacy-policy\/#breadcrumb"},"inLanguage":"fr-CA","potentialAction":[{"@type":"ReadAction","target":["https:\/\/saveurduliban.com\/privacy-policy\/"]}]},{"@type":"BreadcrumbList","@id":"https:\/\/saveurduliban.com\/privacy-policy\/#breadcrumb","itemListElement":[{"@type":"ListItem","position":1,"name":"Home","item":"https:\/\/saveurduliban.com\/"},{"@type":"ListItem","position":2,"name":"Privacy Policy"}]},{"@type":"WebSite","@id":"https:\/\/saveurduliban.com\/#website","url":"https:\/\/saveurduliban.com\/","name":"Saveurs Du Liban - Taste of Lebanon","description":"Saveurs Du Liban livre des produits faits maison du Liban au Canada. Nos artisans pr\u00e9parent professionnellement des produits savoureux qui contiennent de l'amour et un sentiment d'appartenance \u00e0 la maison.","publisher":{"@id":"https:\/\/saveurduliban.com\/#organization"},"potentialAction":[{"@type":"SearchAction","target":{"@type":"EntryPoint","urlTemplate":"https:\/\/saveurduliban.com\/?s={search_term_string}"},"query-input":{"@type":"PropertyValueSpecification","valueRequired":true,"valueName":"search_term_string"}}],"inLanguage":"fr-CA"},{"@type":"Organization","@id":"https:\/\/saveurduliban.com\/#organization","name":"Saveurs Du Liban - Taste of Lebanon","url":"https:\/\/saveurduliban.com\/","logo":{"@type":"ImageObject","inLanguage":"fr-CA","@id":"https:\/\/saveurduliban.com\/#\/schema\/logo\/image\/","url":"https:\/\/saveurduliban.com\/wp-content\/uploads\/2024\/01\/logo-03-2.png","contentUrl":"https:\/\/saveurduliban.com\/wp-content\/uploads\/2024\/01\/logo-03-2.png","width":480,"height":530,"caption":"Saveurs Du Liban - Taste of Lebanon"},"image":{"@id":"https:\/\/saveurduliban.com\/#\/schema\/logo\/image\/"},"sameAs":["https:\/\/instagram.com\/saveurduliban"]}]}},"jetpack_sharing_enabled":true,"_links":{"self":[{"href":"https:\/\/saveurduliban.com\/fr\/wp-json\/wp\/v2\/pages\/3","targetHints":{"allow":["GET"]}}],"collection":[{"href":"https:\/\/saveurduliban.com\/fr\/wp-json\/wp\/v2\/pages"}],"about":[{"href":"https:\/\/saveurduliban.com\/fr\/wp-json\/wp\/v2\/types\/page"}],"author":[{"embeddable":true,"href":"https:\/\/saveurduliban.com\/fr\/wp-json\/wp\/v2\/users\/1"}],"replies":[{"embeddable":true,"href":"https:\/\/saveurduliban.com\/fr\/wp-json\/wp\/v2\/comments?post=3"}],"version-history":[{"count":4,"href":"https:\/\/saveurduliban.com\/fr\/wp-json\/wp\/v2\/pages\/3\/revisions"}],"predecessor-version":[{"id":6888,"href":"https:\/\/saveurduliban.com\/fr\/wp-json\/wp\/v2\/pages\/3\/revisions\/6888"}],"wp:attachment":[{"href":"https:\/\/saveurduliban.com\/fr\/wp-json\/wp\/v2\/media?parent=3"}],"curies":[{"name":"wp","href":"https:\/\/api.w.org\/{rel}","templated":true}]}}