{"id":9,"date":"2024-01-25T10:46:54","date_gmt":"2024-01-25T10:46:54","guid":{"rendered":"https:\/\/saveurduliban.com\/?page_id=9"},"modified":"2025-10-17T21:50:21","modified_gmt":"2025-10-17T21:50:21","slug":"remboursements","status":"publish","type":"page","link":"https:\/\/saveurduliban.com\/fr\/refund_returns\/","title":{"rendered":"Politique de remboursement et de retour"},"content":{"rendered":"<div data-elementor-type=\"wp-page\" data-elementor-id=\"9\" class=\"elementor elementor-9\">\n\t\t\t\t<div class=\"elementor-element elementor-element-599cfa31 e-flex e-con-boxed wpr-particle-no wpr-jarallax-no wpr-parallax-no wpr-sticky-section-no wpr-equal-height-no e-con e-parent\" data-id=\"599cfa31\" data-element_type=\"container\" data-e-type=\"container\">\n\t\t\t\t\t<div class=\"e-con-inner\">\n\t\t\t\t<div class=\"elementor-element elementor-element-4f3f073b elementor-widget elementor-widget-text-editor\" data-id=\"4f3f073b\" data-element_type=\"widget\" data-e-type=\"widget\" data-widget_type=\"text-editor.default\">\n\t\t\t\t\t\t\t\t\t\n<p>Au <strong>Saveurs du Liban<\/strong>, tout ce que nous partageons avec vous est fabriqu\u00e9 en petites quantit\u00e9s, avec soin, et souvent en quantit\u00e9s limit\u00e9es. C'est pourquoi nous faisons tout notre possible pour que vous soyez satisfait de votre commande. Mais si quelque chose ne va pas comme pr\u00e9vu, voici comment nous traitons les retours :<\/p>\n\n<p><strong>Retours<\/strong><br \/>Pour des raisons de s\u00e9curit\u00e9 alimentaire, nous n'acceptons que les retours d'articles non ouverts dans leur emballage d'origine. <strong>14 jours apr\u00e8s la livraison<\/strong>.<\/p>\n\n<p><strong>Remboursements<\/strong><br \/>Si votre commande arrive <strong>endommag\u00e9e, d\u00e9fectueuse ou incorrecte<\/strong>, veuillez nous contacter \u00e0 l'adresse suivante <strong>durant les 7 jours<\/strong> \u00e0 <strong><a href=\"mailto:CUSTOMER@SAVEURDULIBAN.COM\">CUSTOMER@SAVEURDULIBAN.COM<\/a><\/strong> avec votre num\u00e9ro de commande et une photo. Apr\u00e8s examen, nous \u00e9mettrons un <strong>remboursement ou remplacement<\/strong> pour arranger les choses.<\/p>\n\n<p><strong>\u00c9changes<\/strong><br \/>Nos produits sont saisonniers et fabriqu\u00e9s en petites quantit\u00e9s, ce qui signifie que leur disponibilit\u00e9 est limit\u00e9e. Si un produit arrive endommag\u00e9 ou d\u00e9fectueux, nous serons heureux de vous envoyer un produit de remplacement dans la mesure du possible.<\/p>\n\n<p><strong>Besoin d'aide ?<\/strong><br \/>Nous voulons que vous appr\u00e9ciez votre exp\u00e9rience avec nous. Si vous avez des questions concernant votre commande, veuillez nous contacter \u00e0 l'adresse suivante <strong><a href=\"mailto:CUSTOMER@SAVEURDULIBAN.COM\">CUSTOMER@SAVEURDULIBAN.COM<\/a><\/strong> et nous nous ferons un plaisir de vous aider.<\/p>\n\n<p>\u00a0<\/p>\n\t\t\t\t\t\t\t\t<\/div>\n\t\t\t\t\t<\/div>\n\t\t\t\t<\/div>\n\t\t\t\t<\/div>","protected":false},"excerpt":{"rendered":"<p>Chez Saveurs du Liban, tout ce que nous partageons avec vous est fabriqu\u00e9 en petites s\u00e9ries, avec soin et souvent en quantit\u00e9s limit\u00e9es. C'est pourquoi nous faisons de notre mieux pour nous assurer que vous \u00eates satisfait de votre commande - mais si quelque chose ne va pas comme pr\u00e9vu, voici comment nous traitons les retours : Retours Pour des raisons de s\u00e9curit\u00e9 alimentaire, nous n'acceptons que les retours d'articles non ouverts dans leur emballage d'origine, dans un d\u00e9lai de 14 jours \u00e0 compter de la date de livraison. RemboursementsSi votre commande arrive endommag\u00e9e, d\u00e9fectueuse ou incorrecte, veuillez nous contacter dans les 7 jours \u00e0 l'adresse CUSTOMER@SAVEURDULIBAN.COM en indiquant votre num\u00e9ro de commande et en joignant une photo. Apr\u00e8s examen, nous proc\u00e9derons \u00e0 un remboursement ou \u00e0 un remplacement afin de rem\u00e9dier \u00e0 la situation. \u00c9changesNos produits sont saisonniers et fabriqu\u00e9s en petites s\u00e9ries, ce qui signifie que leur disponibilit\u00e9 est limit\u00e9e. Si un article arrive endommag\u00e9 ou d\u00e9fectueux, nous serons heureux de vous envoyer un produit de remplacement dans la mesure du possible. Besoin d'aide ? Nous voulons que vous appr\u00e9ciez votre exp\u00e9rience avec nous. Si vous avez des questions concernant votre commande, veuillez nous contacter \u00e0 l'adresse CUSTOMER@SAVEURDULIBAN.COM et nous nous ferons un plaisir de vous aider. \u00a0<\/p>","protected":false},"author":1,"featured_media":0,"parent":0,"menu_order":0,"comment_status":"closed","ping_status":"closed","template":"","meta":{"footnotes":""},"class_list":["post-9","page","type-page","status-publish","hentry"],"blocksy_meta":[],"yoast_head":"<!-- This site is optimized with the Yoast SEO plugin v27.5 - https:\/\/yoast.com\/product\/yoast-seo-wordpress\/ -->\n<title>Refund and Returns Policy - Saveurs Du Liban<\/title>\n<meta name=\"robots\" content=\"index, follow, max-snippet:-1, max-image-preview:large, max-video-preview:-1\" \/>\n<link rel=\"canonical\" href=\"https:\/\/saveurduliban.com\/fr\/remboursements\/\" \/>\n<meta property=\"og:locale\" content=\"fr_CA\" \/>\n<meta property=\"og:type\" content=\"article\" \/>\n<meta property=\"og:title\" content=\"Refund and Returns Policy - Saveurs Du Liban\" \/>\n<meta property=\"og:description\" content=\"At Saveurs du Liban, everything we share with you is made in small batches, crafted with care, and often produced in limited quantities. Because of this, we do our best to make sure you\u2019re happy with your order \u2014 but if something doesn\u2019t go as expected, here\u2019s how we handle returns: ReturnsFor food safety reasons, we can only accept returns on unopened items in their original packaging within 14 days of delivery. RefundsIf your order arrives damaged, defective, or incorrect, please reach out to us within 7 days at CUSTOMER@SAVEURDULIBAN.COM with your order number and a photo. Once reviewed, we will issue a refund or replacement to make things right. ExchangesOur products are seasonal and crafted in small batches, which means availability is limited. If something arrives damaged or defective, we\u2019re happy to send you a replacement when possible. Need Help?We want you to enjoy your experience with us. If you have any questions about your order, please contact us at CUSTOMER@SAVEURDULIBAN.COM and we\u2019ll be glad to help. \u00a0\" \/>\n<meta property=\"og:url\" content=\"https:\/\/saveurduliban.com\/fr\/remboursements\/\" \/>\n<meta property=\"og:site_name\" content=\"Saveurs Du Liban\" \/>\n<meta property=\"article:modified_time\" content=\"2025-10-17T21:50:21+00:00\" \/>\n<meta name=\"twitter:card\" content=\"summary_large_image\" \/>\n<meta name=\"twitter:label1\" content=\"Estimation du temps de lecture\" \/>\n\t<meta name=\"twitter:data1\" content=\"1 minute\" \/>\n<script type=\"application\/ld+json\" class=\"yoast-schema-graph\">{\"@context\":\"https:\\\/\\\/schema.org\",\"@graph\":[{\"@type\":\"WebPage\",\"@id\":\"https:\\\/\\\/saveurduliban.com\\\/refund_returns\\\/\",\"url\":\"https:\\\/\\\/saveurduliban.com\\\/refund_returns\\\/\",\"name\":\"Refund and Returns Policy - Saveurs Du Liban\",\"isPartOf\":{\"@id\":\"https:\\\/\\\/saveurduliban.com\\\/#website\"},\"datePublished\":\"2024-01-25T10:46:54+00:00\",\"dateModified\":\"2025-10-17T21:50:21+00:00\",\"breadcrumb\":{\"@id\":\"https:\\\/\\\/saveurduliban.com\\\/refund_returns\\\/#breadcrumb\"},\"inLanguage\":\"fr-CA\",\"potentialAction\":[{\"@type\":\"ReadAction\",\"target\":[\"https:\\\/\\\/saveurduliban.com\\\/refund_returns\\\/\"]}]},{\"@type\":\"BreadcrumbList\",\"@id\":\"https:\\\/\\\/saveurduliban.com\\\/refund_returns\\\/#breadcrumb\",\"itemListElement\":[{\"@type\":\"ListItem\",\"position\":1,\"name\":\"Home\",\"item\":\"https:\\\/\\\/saveurduliban.com\\\/\"},{\"@type\":\"ListItem\",\"position\":2,\"name\":\"Refund and Returns Policy\"}]},{\"@type\":\"WebSite\",\"@id\":\"https:\\\/\\\/saveurduliban.com\\\/#website\",\"url\":\"https:\\\/\\\/saveurduliban.com\\\/\",\"name\":\"Saveurs Du Liban - Taste of Lebanon\",\"description\":\"Saveurs Du Liban delivers homemade goods from Lebanon to Canada. Our artisans professionally prepare tasty goods that contain love and a feel of home.\",\"publisher\":{\"@id\":\"https:\\\/\\\/saveurduliban.com\\\/#organization\"},\"potentialAction\":[{\"@type\":\"SearchAction\",\"target\":{\"@type\":\"EntryPoint\",\"urlTemplate\":\"https:\\\/\\\/saveurduliban.com\\\/?s={search_term_string}\"},\"query-input\":{\"@type\":\"PropertyValueSpecification\",\"valueRequired\":true,\"valueName\":\"search_term_string\"}}],\"inLanguage\":\"fr-CA\"},{\"@type\":\"Organization\",\"@id\":\"https:\\\/\\\/saveurduliban.com\\\/#organization\",\"name\":\"Saveurs Du Liban - Taste of Lebanon\",\"url\":\"https:\\\/\\\/saveurduliban.com\\\/\",\"logo\":{\"@type\":\"ImageObject\",\"inLanguage\":\"fr-CA\",\"@id\":\"https:\\\/\\\/saveurduliban.com\\\/#\\\/schema\\\/logo\\\/image\\\/\",\"url\":\"https:\\\/\\\/saveurduliban.com\\\/wp-content\\\/uploads\\\/2024\\\/01\\\/logo-03-2.png\",\"contentUrl\":\"https:\\\/\\\/saveurduliban.com\\\/wp-content\\\/uploads\\\/2024\\\/01\\\/logo-03-2.png\",\"width\":480,\"height\":530,\"caption\":\"Saveurs Du Liban - Taste of Lebanon\"},\"image\":{\"@id\":\"https:\\\/\\\/saveurduliban.com\\\/#\\\/schema\\\/logo\\\/image\\\/\"},\"sameAs\":[\"https:\\\/\\\/instagram.com\\\/saveurduliban\"]}]}<\/script>\n<!-- \/ Yoast SEO plugin. -->","yoast_head_json":{"title":"Refund and Returns Policy - Saveurs Du Liban","robots":{"index":"index","follow":"follow","max-snippet":"max-snippet:-1","max-image-preview":"max-image-preview:large","max-video-preview":"max-video-preview:-1"},"canonical":"https:\/\/saveurduliban.com\/fr\/remboursements\/","og_locale":"fr_CA","og_type":"article","og_title":"Refund and Returns Policy - Saveurs Du Liban","og_description":"At Saveurs du Liban, everything we share with you is made in small batches, crafted with care, and often produced in limited quantities. Because of this, we do our best to make sure you\u2019re happy with your order \u2014 but if something doesn\u2019t go as expected, here\u2019s how we handle returns: ReturnsFor food safety reasons, we can only accept returns on unopened items in their original packaging within 14 days of delivery. RefundsIf your order arrives damaged, defective, or incorrect, please reach out to us within 7 days at CUSTOMER@SAVEURDULIBAN.COM with your order number and a photo. Once reviewed, we will issue a refund or replacement to make things right. ExchangesOur products are seasonal and crafted in small batches, which means availability is limited. If something arrives damaged or defective, we\u2019re happy to send you a replacement when possible. Need Help?We want you to enjoy your experience with us. If you have any questions about your order, please contact us at CUSTOMER@SAVEURDULIBAN.COM and we\u2019ll be glad to help. \u00a0","og_url":"https:\/\/saveurduliban.com\/fr\/remboursements\/","og_site_name":"Saveurs Du Liban","article_modified_time":"2025-10-17T21:50:21+00:00","twitter_card":"summary_large_image","twitter_misc":{"Estimation du temps de lecture":"1 minute"},"schema":{"@context":"https:\/\/schema.org","@graph":[{"@type":"WebPage","@id":"https:\/\/saveurduliban.com\/refund_returns\/","url":"https:\/\/saveurduliban.com\/refund_returns\/","name":"Refund and Returns Policy - Saveurs Du Liban","isPartOf":{"@id":"https:\/\/saveurduliban.com\/#website"},"datePublished":"2024-01-25T10:46:54+00:00","dateModified":"2025-10-17T21:50:21+00:00","breadcrumb":{"@id":"https:\/\/saveurduliban.com\/refund_returns\/#breadcrumb"},"inLanguage":"fr-CA","potentialAction":[{"@type":"ReadAction","target":["https:\/\/saveurduliban.com\/refund_returns\/"]}]},{"@type":"BreadcrumbList","@id":"https:\/\/saveurduliban.com\/refund_returns\/#breadcrumb","itemListElement":[{"@type":"ListItem","position":1,"name":"Home","item":"https:\/\/saveurduliban.com\/"},{"@type":"ListItem","position":2,"name":"Refund and Returns Policy"}]},{"@type":"WebSite","@id":"https:\/\/saveurduliban.com\/#website","url":"https:\/\/saveurduliban.com\/","name":"Saveurs Du Liban - Taste of Lebanon","description":"Saveurs Du Liban livre des produits faits maison du Liban au Canada. Nos artisans pr\u00e9parent professionnellement des produits savoureux qui contiennent de l'amour et un sentiment d'appartenance \u00e0 la maison.","publisher":{"@id":"https:\/\/saveurduliban.com\/#organization"},"potentialAction":[{"@type":"SearchAction","target":{"@type":"EntryPoint","urlTemplate":"https:\/\/saveurduliban.com\/?s={search_term_string}"},"query-input":{"@type":"PropertyValueSpecification","valueRequired":true,"valueName":"search_term_string"}}],"inLanguage":"fr-CA"},{"@type":"Organization","@id":"https:\/\/saveurduliban.com\/#organization","name":"Saveurs Du Liban - Taste of Lebanon","url":"https:\/\/saveurduliban.com\/","logo":{"@type":"ImageObject","inLanguage":"fr-CA","@id":"https:\/\/saveurduliban.com\/#\/schema\/logo\/image\/","url":"https:\/\/saveurduliban.com\/wp-content\/uploads\/2024\/01\/logo-03-2.png","contentUrl":"https:\/\/saveurduliban.com\/wp-content\/uploads\/2024\/01\/logo-03-2.png","width":480,"height":530,"caption":"Saveurs Du Liban - Taste of Lebanon"},"image":{"@id":"https:\/\/saveurduliban.com\/#\/schema\/logo\/image\/"},"sameAs":["https:\/\/instagram.com\/saveurduliban"]}]}},"jetpack_sharing_enabled":true,"_links":{"self":[{"href":"https:\/\/saveurduliban.com\/fr\/wp-json\/wp\/v2\/pages\/9","targetHints":{"allow":["GET"]}}],"collection":[{"href":"https:\/\/saveurduliban.com\/fr\/wp-json\/wp\/v2\/pages"}],"about":[{"href":"https:\/\/saveurduliban.com\/fr\/wp-json\/wp\/v2\/types\/page"}],"author":[{"embeddable":true,"href":"https:\/\/saveurduliban.com\/fr\/wp-json\/wp\/v2\/users\/1"}],"replies":[{"embeddable":true,"href":"https:\/\/saveurduliban.com\/fr\/wp-json\/wp\/v2\/comments?post=9"}],"version-history":[{"count":17,"href":"https:\/\/saveurduliban.com\/fr\/wp-json\/wp\/v2\/pages\/9\/revisions"}],"predecessor-version":[{"id":7033,"href":"https:\/\/saveurduliban.com\/fr\/wp-json\/wp\/v2\/pages\/9\/revisions\/7033"}],"wp:attachment":[{"href":"https:\/\/saveurduliban.com\/fr\/wp-json\/wp\/v2\/media?parent=9"}],"curies":[{"name":"wp","href":"https:\/\/api.w.org\/{rel}","templated":true}]}}