{"id":912,"date":"2024-01-24T19:15:38","date_gmt":"2024-01-24T19:15:38","guid":{"rendered":"https:\/\/saveurduliban.com\/?page_id=912"},"modified":"2025-10-14T18:51:04","modified_gmt":"2025-10-14T18:51:04","slug":"politique-dexpedition","status":"publish","type":"page","link":"https:\/\/saveurduliban.com\/fr\/shipping-policy\/","title":{"rendered":"Politique d'exp\u00e9dition"},"content":{"rendered":"<div data-elementor-type=\"wp-page\" data-elementor-id=\"912\" class=\"elementor elementor-912\">\n\t\t\t\t<div class=\"elementor-element elementor-element-1b87d8b e-flex e-con-boxed wpr-particle-no wpr-jarallax-no wpr-parallax-no wpr-sticky-section-no wpr-equal-height-no e-con e-parent\" data-id=\"1b87d8b\" data-element_type=\"container\" data-e-type=\"container\" data-settings=\"{&quot;background_background&quot;:&quot;classic&quot;}\">\n\t\t\t\t\t<div class=\"e-con-inner\">\n\t\t\t\t<div class=\"elementor-element elementor-element-322f52b elementor-widget elementor-widget-heading\" data-id=\"322f52b\" data-element_type=\"widget\" data-e-type=\"widget\" data-widget_type=\"heading.default\">\n\t\t\t\t\t<h2 class=\"elementor-heading-title elementor-size-default\">Politique d'exp\u00e9dition<\/h2>\t\t\t\t<\/div>\n\t\t\t\t\t<\/div>\n\t\t\t\t<\/div>\n\t\t<div class=\"elementor-element elementor-element-f421c07 e-flex e-con-boxed wpr-particle-no wpr-jarallax-no wpr-parallax-no wpr-sticky-section-no wpr-equal-height-no e-con e-parent\" data-id=\"f421c07\" data-element_type=\"container\" data-e-type=\"container\">\n\t\t\t\t\t<div class=\"e-con-inner\">\n\t\t\t\t<div class=\"elementor-element elementor-element-4d48a28 elementor-widget elementor-widget-text-editor\" data-id=\"4d48a28\" data-element_type=\"widget\" data-e-type=\"widget\" data-widget_type=\"text-editor.default\">\n\t\t\t\t\t\t\t\t\t<p><strong>D\u00e9lai de traitement<\/strong><\/p>\n<p><!-- \/wp:paragraph --><!-- wp:list --><\/p>\n<ul class=\"wp-block-list\"><!-- wp:list-item -->\n<li>Les commandes sont trait\u00e9es dans un d\u00e9lai de <strong>1-3 jours ouvrables<\/strong>.<\/li>\n<!-- \/wp:list-item --><!-- wp:list-item -->\n<li>Vous recevrez un e-mail de confirmation avec les d\u00e9tails de suivi une fois que votre commande sera exp\u00e9di\u00e9e.<\/li>\n<!-- \/wp:list-item --><\/ul>\n<p><!-- \/wp:list --><!-- wp:paragraph --><\/p>\n<p><strong>Tarifs et options d'exp\u00e9dition<\/strong><\/p>\n<p><!-- \/wp:paragraph --><!-- wp:list --><\/p>\n<ul class=\"wp-block-list\"><!-- wp:list-item -->\n<li>Nous proposons <strong>exp\u00e9dition standard \u00e0 travers le Canada<\/strong>.<\/li>\n<!-- \/wp:list-item --><!-- wp:list-item -->\n<li>Les frais d'exp\u00e9dition sont calcul\u00e9s lors de la commande en fonction du lieu de livraison de la commande.<\/li>\n<!-- \/wp:list-item --><!-- wp:list-item -->\n<li>Livraison gratuite \u00e0 partir de <strong>$60 dans la r\u00e9gion du Grand Montr\u00e9al<\/strong>a.<\/li>\n<!-- \/wp:list-item --><\/ul>\n<p><!-- \/wp:list --><!-- wp:paragraph --><\/p>\n<p><strong>Questions d'ordre<\/strong><\/p>\n<p><!-- \/wp:paragraph --><!-- wp:list --><\/p>\n<ul class=\"wp-block-list\"><!-- wp:list-item -->\n<li>Si votre colis est retard\u00e9, endommag\u00e9 ou perdu, veuillez nous contacter dans les d\u00e9lais suivants <strong>7 jours de livraison<\/strong> afin que nous puissions rectifier le tir.<\/li>\n<li>Si vous n'\u00eates pas satisfait de votre commande, veuillez vous r\u00e9f\u00e9rer \u00e0 notre <span style=\"text-decoration: underline;\"><strong><a href=\"https:\/\/saveurduliban.com\/fr\/remboursements\/\">Politique de remboursement<\/a><\/strong><\/span>.<\/li>\n<!-- \/wp:list-item --><\/ul>\n<p><!-- \/wp:list --><\/p>\t\t\t\t\t\t\t\t<\/div>\n\t\t\t\t\t<\/div>\n\t\t\t\t<\/div>\n\t\t\t\t<\/div>","protected":false},"excerpt":{"rendered":"<p>Politique d'exp\u00e9dition D\u00e9lai de traitement Les commandes sont trait\u00e9es dans un d\u00e9lai de 1 \u00e0 3 jours ouvrables. Vous recevrez un courriel de confirmation avec les d\u00e9tails de suivi une fois votre commande exp\u00e9di\u00e9e. Tarifs et options d'exp\u00e9dition Nous offrons un service d'exp\u00e9dition standard \u00e0 travers le Canada. Les frais d'exp\u00e9dition sont calcul\u00e9s au moment du paiement en fonction du lieu de livraison de la commande. Livraison gratuite pour les commandes de plus de $60 dans la r\u00e9gion m\u00e9tropolitaine de Montr\u00e9al. Probl\u00e8mes li\u00e9s \u00e0 la commande Si votre colis est retard\u00e9, endommag\u00e9 ou perdu, veuillez nous contacter dans les 7 jours suivant la livraison afin que nous puissions arranger les choses. Si vous n'\u00eates pas satisfait de votre commande, veuillez consulter notre politique de remboursement.<\/p>","protected":false},"author":1,"featured_media":0,"parent":0,"menu_order":0,"comment_status":"closed","ping_status":"closed","template":"","meta":{"footnotes":""},"class_list":["post-912","page","type-page","status-publish","hentry"],"blocksy_meta":[],"yoast_head":"<!-- This site is optimized with the Yoast SEO plugin v27.5 - https:\/\/yoast.com\/product\/yoast-seo-wordpress\/ -->\n<title>Shipping Policy - Saveurs Du Liban<\/title>\n<meta name=\"robots\" content=\"index, follow, max-snippet:-1, max-image-preview:large, max-video-preview:-1\" \/>\n<link rel=\"canonical\" href=\"https:\/\/saveurduliban.com\/fr\/politique-dexpedition\/\" \/>\n<meta property=\"og:locale\" content=\"fr_CA\" \/>\n<meta property=\"og:type\" content=\"article\" \/>\n<meta property=\"og:title\" content=\"Shipping Policy - Saveurs Du Liban\" \/>\n<meta property=\"og:description\" content=\"Shipping policy Processing Time Orders are processed within 1-3 business days. You will receive a confirmation email with tracking details once your order ships. Shipping Rates &amp; Options We offer standard shipping across Canada. Shipping costs are calculated at checkout based on order delivery location. Free shipping on orders over $60 in the Greater Montreal Area. Order Issues If your package is delayed, damaged, or lost, please contact us within 7 days of delivery so we can make it right. If you are unhappy with your order please refer to our Refund policy.\" \/>\n<meta property=\"og:url\" content=\"https:\/\/saveurduliban.com\/fr\/politique-dexpedition\/\" \/>\n<meta property=\"og:site_name\" content=\"Saveurs Du Liban\" \/>\n<meta property=\"article:modified_time\" content=\"2025-10-14T18:51:04+00:00\" \/>\n<meta name=\"twitter:card\" content=\"summary_large_image\" \/>\n<meta name=\"twitter:label1\" content=\"Estimation du temps de lecture\" \/>\n\t<meta name=\"twitter:data1\" content=\"1 minute\" \/>\n<script type=\"application\/ld+json\" class=\"yoast-schema-graph\">{\"@context\":\"https:\\\/\\\/schema.org\",\"@graph\":[{\"@type\":\"WebPage\",\"@id\":\"https:\\\/\\\/saveurduliban.com\\\/shipping-policy\\\/\",\"url\":\"https:\\\/\\\/saveurduliban.com\\\/shipping-policy\\\/\",\"name\":\"Shipping Policy - Saveurs Du Liban\",\"isPartOf\":{\"@id\":\"https:\\\/\\\/saveurduliban.com\\\/#website\"},\"datePublished\":\"2024-01-24T19:15:38+00:00\",\"dateModified\":\"2025-10-14T18:51:04+00:00\",\"breadcrumb\":{\"@id\":\"https:\\\/\\\/saveurduliban.com\\\/shipping-policy\\\/#breadcrumb\"},\"inLanguage\":\"fr-CA\",\"potentialAction\":[{\"@type\":\"ReadAction\",\"target\":[\"https:\\\/\\\/saveurduliban.com\\\/shipping-policy\\\/\"]}]},{\"@type\":\"BreadcrumbList\",\"@id\":\"https:\\\/\\\/saveurduliban.com\\\/shipping-policy\\\/#breadcrumb\",\"itemListElement\":[{\"@type\":\"ListItem\",\"position\":1,\"name\":\"Home\",\"item\":\"https:\\\/\\\/saveurduliban.com\\\/\"},{\"@type\":\"ListItem\",\"position\":2,\"name\":\"Shipping Policy\"}]},{\"@type\":\"WebSite\",\"@id\":\"https:\\\/\\\/saveurduliban.com\\\/#website\",\"url\":\"https:\\\/\\\/saveurduliban.com\\\/\",\"name\":\"Saveurs Du Liban - Taste of Lebanon\",\"description\":\"Saveurs Du Liban delivers homemade goods from Lebanon to Canada. Our artisans professionally prepare tasty goods that contain love and a feel of home.\",\"publisher\":{\"@id\":\"https:\\\/\\\/saveurduliban.com\\\/#organization\"},\"potentialAction\":[{\"@type\":\"SearchAction\",\"target\":{\"@type\":\"EntryPoint\",\"urlTemplate\":\"https:\\\/\\\/saveurduliban.com\\\/?s={search_term_string}\"},\"query-input\":{\"@type\":\"PropertyValueSpecification\",\"valueRequired\":true,\"valueName\":\"search_term_string\"}}],\"inLanguage\":\"fr-CA\"},{\"@type\":\"Organization\",\"@id\":\"https:\\\/\\\/saveurduliban.com\\\/#organization\",\"name\":\"Saveurs Du Liban - Taste of Lebanon\",\"url\":\"https:\\\/\\\/saveurduliban.com\\\/\",\"logo\":{\"@type\":\"ImageObject\",\"inLanguage\":\"fr-CA\",\"@id\":\"https:\\\/\\\/saveurduliban.com\\\/#\\\/schema\\\/logo\\\/image\\\/\",\"url\":\"https:\\\/\\\/saveurduliban.com\\\/wp-content\\\/uploads\\\/2024\\\/01\\\/logo-03-2.png\",\"contentUrl\":\"https:\\\/\\\/saveurduliban.com\\\/wp-content\\\/uploads\\\/2024\\\/01\\\/logo-03-2.png\",\"width\":480,\"height\":530,\"caption\":\"Saveurs Du Liban - Taste of Lebanon\"},\"image\":{\"@id\":\"https:\\\/\\\/saveurduliban.com\\\/#\\\/schema\\\/logo\\\/image\\\/\"},\"sameAs\":[\"https:\\\/\\\/instagram.com\\\/saveurduliban\"]}]}<\/script>\n<!-- \/ Yoast SEO plugin. -->","yoast_head_json":{"title":"Shipping Policy - Saveurs Du Liban","robots":{"index":"index","follow":"follow","max-snippet":"max-snippet:-1","max-image-preview":"max-image-preview:large","max-video-preview":"max-video-preview:-1"},"canonical":"https:\/\/saveurduliban.com\/fr\/politique-dexpedition\/","og_locale":"fr_CA","og_type":"article","og_title":"Shipping Policy - Saveurs Du Liban","og_description":"Shipping policy Processing Time Orders are processed within 1-3 business days. You will receive a confirmation email with tracking details once your order ships. Shipping Rates &amp; Options We offer standard shipping across Canada. Shipping costs are calculated at checkout based on order delivery location. Free shipping on orders over $60 in the Greater Montreal Area. Order Issues If your package is delayed, damaged, or lost, please contact us within 7 days of delivery so we can make it right. If you are unhappy with your order please refer to our Refund policy.","og_url":"https:\/\/saveurduliban.com\/fr\/politique-dexpedition\/","og_site_name":"Saveurs Du Liban","article_modified_time":"2025-10-14T18:51:04+00:00","twitter_card":"summary_large_image","twitter_misc":{"Estimation du temps de lecture":"1 minute"},"schema":{"@context":"https:\/\/schema.org","@graph":[{"@type":"WebPage","@id":"https:\/\/saveurduliban.com\/shipping-policy\/","url":"https:\/\/saveurduliban.com\/shipping-policy\/","name":"Shipping Policy - Saveurs Du Liban","isPartOf":{"@id":"https:\/\/saveurduliban.com\/#website"},"datePublished":"2024-01-24T19:15:38+00:00","dateModified":"2025-10-14T18:51:04+00:00","breadcrumb":{"@id":"https:\/\/saveurduliban.com\/shipping-policy\/#breadcrumb"},"inLanguage":"fr-CA","potentialAction":[{"@type":"ReadAction","target":["https:\/\/saveurduliban.com\/shipping-policy\/"]}]},{"@type":"BreadcrumbList","@id":"https:\/\/saveurduliban.com\/shipping-policy\/#breadcrumb","itemListElement":[{"@type":"ListItem","position":1,"name":"Home","item":"https:\/\/saveurduliban.com\/"},{"@type":"ListItem","position":2,"name":"Shipping Policy"}]},{"@type":"WebSite","@id":"https:\/\/saveurduliban.com\/#website","url":"https:\/\/saveurduliban.com\/","name":"Saveurs Du Liban - Taste of Lebanon","description":"Saveurs Du Liban livre des produits faits maison du Liban au Canada. Nos artisans pr\u00e9parent professionnellement des produits savoureux qui contiennent de l'amour et un sentiment d'appartenance \u00e0 la maison.","publisher":{"@id":"https:\/\/saveurduliban.com\/#organization"},"potentialAction":[{"@type":"SearchAction","target":{"@type":"EntryPoint","urlTemplate":"https:\/\/saveurduliban.com\/?s={search_term_string}"},"query-input":{"@type":"PropertyValueSpecification","valueRequired":true,"valueName":"search_term_string"}}],"inLanguage":"fr-CA"},{"@type":"Organization","@id":"https:\/\/saveurduliban.com\/#organization","name":"Saveurs Du Liban - Taste of Lebanon","url":"https:\/\/saveurduliban.com\/","logo":{"@type":"ImageObject","inLanguage":"fr-CA","@id":"https:\/\/saveurduliban.com\/#\/schema\/logo\/image\/","url":"https:\/\/saveurduliban.com\/wp-content\/uploads\/2024\/01\/logo-03-2.png","contentUrl":"https:\/\/saveurduliban.com\/wp-content\/uploads\/2024\/01\/logo-03-2.png","width":480,"height":530,"caption":"Saveurs Du Liban - Taste of Lebanon"},"image":{"@id":"https:\/\/saveurduliban.com\/#\/schema\/logo\/image\/"},"sameAs":["https:\/\/instagram.com\/saveurduliban"]}]}},"jetpack_sharing_enabled":true,"_links":{"self":[{"href":"https:\/\/saveurduliban.com\/fr\/wp-json\/wp\/v2\/pages\/912","targetHints":{"allow":["GET"]}}],"collection":[{"href":"https:\/\/saveurduliban.com\/fr\/wp-json\/wp\/v2\/pages"}],"about":[{"href":"https:\/\/saveurduliban.com\/fr\/wp-json\/wp\/v2\/types\/page"}],"author":[{"embeddable":true,"href":"https:\/\/saveurduliban.com\/fr\/wp-json\/wp\/v2\/users\/1"}],"replies":[{"embeddable":true,"href":"https:\/\/saveurduliban.com\/fr\/wp-json\/wp\/v2\/comments?post=912"}],"version-history":[{"count":24,"href":"https:\/\/saveurduliban.com\/fr\/wp-json\/wp\/v2\/pages\/912\/revisions"}],"predecessor-version":[{"id":7016,"href":"https:\/\/saveurduliban.com\/fr\/wp-json\/wp\/v2\/pages\/912\/revisions\/7016"}],"wp:attachment":[{"href":"https:\/\/saveurduliban.com\/fr\/wp-json\/wp\/v2\/media?parent=912"}],"curies":[{"name":"wp","href":"https:\/\/api.w.org\/{rel}","templated":true}]}}