{"id":987,"date":"2024-01-25T11:03:09","date_gmt":"2024-01-25T11:03:09","guid":{"rendered":"https:\/\/saveurduliban.com\/?page_id=987"},"modified":"2025-09-03T20:08:49","modified_gmt":"2025-09-03T20:08:49","slug":"mon-panier-2","status":"publish","type":"page","link":"https:\/\/saveurduliban.com\/fr\/my-cart-2\/","title":{"rendered":"Mon panier"},"content":{"rendered":"<div data-elementor-type=\"wp-page\" data-elementor-id=\"987\" class=\"elementor elementor-987\">\n\t\t\t\t<div class=\"elementor-element elementor-element-ec6295a e-flex e-con-boxed wpr-particle-no wpr-jarallax-no wpr-parallax-no wpr-sticky-section-no wpr-equal-height-no e-con e-parent\" data-id=\"ec6295a\" data-element_type=\"container\" data-e-type=\"container\">\n\t\t\t\t\t<div class=\"e-con-inner\">\n\t\t\t\t<div class=\"elementor-element elementor-element-08539b1 elementor-widget elementor-widget-eael-woo-cart\" data-id=\"08539b1\" data-element_type=\"widget\" data-e-type=\"widget\" data-settings=\"{&quot;eael_woo_cart_table_components_remove_icon&quot;:{&quot;value&quot;:&quot;fas fa-times&quot;,&quot;library&quot;:&quot;fa-solid&quot;},&quot;eael_woo_cart_components_continue_shopping_icon&quot;:{&quot;value&quot;:&quot;fas fa-chevron-left&quot;,&quot;library&quot;:&quot;fa-solid&quot;}}\" data-widget_type=\"eael-woo-cart.default\">\n\t\t\t\t\t\t\t\t\t<div class=\"eael-woo-cart-wrapper eael-woo-cart-empty eael-woo-style-2 eael-auto-update33\">\n\t\t\t\t<div class=\"woocommerce-notices-wrapper\"><\/div><div class=\"wc-empty-cart-message\">\n\t<div class=\"cart-empty woocommerce-info\">\n\t\tVotre panier est actuellement vide.\t<\/div>\n<\/div>\t<p class=\"return-to-shop\">\n\t\t<a class=\"button wc-backward\" href=\"https:\/\/saveurduliban.com\/fr\/shop-homemade-goods\/\">\n\t\t\tRetour \u00e0 la boutique\t\t<\/a>\n\t<\/p>\n                <\/div>\n\t\t\t\t        <script>document.body.classList.add(\"eael-woo-cart\");<\/script>\n\t\t\t\t\t\t<\/div>\n\t\t\t\t\t<\/div>\n\t\t\t\t<\/div>\n\t\t\t\t<\/div>","protected":false},"excerpt":{"rendered":"<p>Produit Prix Quantit\u00e9 Sous-total \u00d7 Super Extra Mix 9.14 $ Super Extra Mix quantit\u00e9 9.14 $ \u00d7 \u00d7 Chutney de cerises au vin rouge 16.25 $ Chutney de cerises au vin rouge quantit\u00e9 16.25 $ \u00d7 \u00d7 Graines \u00e9gyptiennes 5.49 $ Graines \u00e9gyptiennes quantit\u00e9 5.49 $ \u00d7 Coupon : Apply Coupon Continue Shopping Update Cart Subtotal 30.88 $ Proceed to Checkout<\/p>","protected":false},"author":1,"featured_media":0,"parent":0,"menu_order":0,"comment_status":"closed","ping_status":"closed","template":"","meta":{"footnotes":""},"class_list":["post-987","page","type-page","status-publish","hentry"],"blocksy_meta":[],"yoast_head":"<!-- This site is optimized with the Yoast SEO plugin v27.5 - https:\/\/yoast.com\/product\/yoast-seo-wordpress\/ -->\n<title>My Cart - Saveurs Du Liban<\/title>\n<meta name=\"robots\" content=\"index, follow, max-snippet:-1, max-image-preview:large, max-video-preview:-1\" \/>\n<link rel=\"canonical\" href=\"https:\/\/saveurduliban.com\/fr\/mon-panier-2\/\" \/>\n<meta property=\"og:locale\" content=\"fr_CA\" \/>\n<meta property=\"og:type\" content=\"article\" \/>\n<meta property=\"og:title\" content=\"My Cart - Saveurs Du Liban\" \/>\n<meta property=\"og:description\" content=\"Product Price Quantity Subtotal &times; Super Extra Mix 9.14&nbsp;&#036; Super Extra Mix quantity 9.14&nbsp;&#036; &times; &times; Cherry Chutney with red wine 16.25&nbsp;&#036; Cherry Chutney with red wine quantity 16.25&nbsp;&#036; &times; &times; Egyptian Seeds 5.49&nbsp;&#036; Egyptian Seeds quantity 5.49&nbsp;&#036; &times; Coupon: Apply Coupon Continue Shopping Update Cart Subtotal 30.88&nbsp;&#036; Proceed to Checkout\" \/>\n<meta property=\"og:url\" content=\"https:\/\/saveurduliban.com\/fr\/mon-panier-2\/\" \/>\n<meta property=\"og:site_name\" content=\"Saveurs Du Liban\" \/>\n<meta property=\"article:modified_time\" content=\"2025-09-03T20:08:49+00:00\" \/>\n<meta property=\"og:image\" content=\"https:\/\/saveurduliban.com\/wp-content\/uploads\/2024\/01\/41-scaled-300x300.jpg\" \/>\n<meta name=\"twitter:card\" content=\"summary_large_image\" \/>\n<meta name=\"twitter:label1\" content=\"Estimation du temps de lecture\" \/>\n\t<meta name=\"twitter:data1\" content=\"1 minute\" \/>\n<script type=\"application\/ld+json\" class=\"yoast-schema-graph\">{\"@context\":\"https:\\\/\\\/schema.org\",\"@graph\":[{\"@type\":\"WebPage\",\"@id\":\"https:\\\/\\\/saveurduliban.com\\\/my-cart-2\\\/\",\"url\":\"https:\\\/\\\/saveurduliban.com\\\/my-cart-2\\\/\",\"name\":\"My Cart - Saveurs Du Liban\",\"isPartOf\":{\"@id\":\"https:\\\/\\\/saveurduliban.com\\\/#website\"},\"primaryImageOfPage\":{\"@id\":\"https:\\\/\\\/saveurduliban.com\\\/my-cart-2\\\/#primaryimage\"},\"image\":{\"@id\":\"https:\\\/\\\/saveurduliban.com\\\/my-cart-2\\\/#primaryimage\"},\"thumbnailUrl\":\"https:\\\/\\\/saveurduliban.com\\\/wp-content\\\/uploads\\\/2024\\\/01\\\/41-scaled-300x300.jpg\",\"datePublished\":\"2024-01-25T11:03:09+00:00\",\"dateModified\":\"2025-09-03T20:08:49+00:00\",\"breadcrumb\":{\"@id\":\"https:\\\/\\\/saveurduliban.com\\\/my-cart-2\\\/#breadcrumb\"},\"inLanguage\":\"fr-CA\",\"potentialAction\":[{\"@type\":\"ReadAction\",\"target\":[\"https:\\\/\\\/saveurduliban.com\\\/my-cart-2\\\/\"]}]},{\"@type\":\"ImageObject\",\"inLanguage\":\"fr-CA\",\"@id\":\"https:\\\/\\\/saveurduliban.com\\\/my-cart-2\\\/#primaryimage\",\"url\":\"https:\\\/\\\/saveurduliban.com\\\/wp-content\\\/uploads\\\/2024\\\/01\\\/41-scaled-300x300.jpg\",\"contentUrl\":\"https:\\\/\\\/saveurduliban.com\\\/wp-content\\\/uploads\\\/2024\\\/01\\\/41-scaled-300x300.jpg\"},{\"@type\":\"BreadcrumbList\",\"@id\":\"https:\\\/\\\/saveurduliban.com\\\/my-cart-2\\\/#breadcrumb\",\"itemListElement\":[{\"@type\":\"ListItem\",\"position\":1,\"name\":\"Home\",\"item\":\"https:\\\/\\\/saveurduliban.com\\\/\"},{\"@type\":\"ListItem\",\"position\":2,\"name\":\"My Cart\"}]},{\"@type\":\"WebSite\",\"@id\":\"https:\\\/\\\/saveurduliban.com\\\/#website\",\"url\":\"https:\\\/\\\/saveurduliban.com\\\/\",\"name\":\"Saveurs Du Liban - Taste of Lebanon\",\"description\":\"Saveurs Du Liban delivers homemade goods from Lebanon to Canada. Our artisans professionally prepare tasty goods that contain love and a feel of home.\",\"publisher\":{\"@id\":\"https:\\\/\\\/saveurduliban.com\\\/#organization\"},\"potentialAction\":[{\"@type\":\"SearchAction\",\"target\":{\"@type\":\"EntryPoint\",\"urlTemplate\":\"https:\\\/\\\/saveurduliban.com\\\/?s={search_term_string}\"},\"query-input\":{\"@type\":\"PropertyValueSpecification\",\"valueRequired\":true,\"valueName\":\"search_term_string\"}}],\"inLanguage\":\"fr-CA\"},{\"@type\":\"Organization\",\"@id\":\"https:\\\/\\\/saveurduliban.com\\\/#organization\",\"name\":\"Saveurs Du Liban - Taste of Lebanon\",\"url\":\"https:\\\/\\\/saveurduliban.com\\\/\",\"logo\":{\"@type\":\"ImageObject\",\"inLanguage\":\"fr-CA\",\"@id\":\"https:\\\/\\\/saveurduliban.com\\\/#\\\/schema\\\/logo\\\/image\\\/\",\"url\":\"https:\\\/\\\/saveurduliban.com\\\/wp-content\\\/uploads\\\/2024\\\/01\\\/logo-03-2.png\",\"contentUrl\":\"https:\\\/\\\/saveurduliban.com\\\/wp-content\\\/uploads\\\/2024\\\/01\\\/logo-03-2.png\",\"width\":480,\"height\":530,\"caption\":\"Saveurs Du Liban - Taste of Lebanon\"},\"image\":{\"@id\":\"https:\\\/\\\/saveurduliban.com\\\/#\\\/schema\\\/logo\\\/image\\\/\"},\"sameAs\":[\"https:\\\/\\\/instagram.com\\\/saveurduliban\"]}]}<\/script>\n<!-- \/ Yoast SEO plugin. -->","yoast_head_json":{"title":"My Cart - Saveurs Du Liban","robots":{"index":"index","follow":"follow","max-snippet":"max-snippet:-1","max-image-preview":"max-image-preview:large","max-video-preview":"max-video-preview:-1"},"canonical":"https:\/\/saveurduliban.com\/fr\/mon-panier-2\/","og_locale":"fr_CA","og_type":"article","og_title":"My Cart - Saveurs Du Liban","og_description":"Product Price Quantity Subtotal &times; Super Extra Mix 9.14&nbsp;&#36; Super Extra Mix quantity 9.14&nbsp;&#36; &times; &times; Cherry Chutney with red wine 16.25&nbsp;&#36; Cherry Chutney with red wine quantity 16.25&nbsp;&#36; &times; &times; Egyptian Seeds 5.49&nbsp;&#36; Egyptian Seeds quantity 5.49&nbsp;&#36; &times; Coupon: Apply Coupon Continue Shopping Update Cart Subtotal 30.88&nbsp;&#36; Proceed to Checkout","og_url":"https:\/\/saveurduliban.com\/fr\/mon-panier-2\/","og_site_name":"Saveurs Du Liban","article_modified_time":"2025-09-03T20:08:49+00:00","og_image":[{"url":"https:\/\/saveurduliban.com\/wp-content\/uploads\/2024\/01\/41-scaled-300x300.jpg","type":"","width":"","height":""}],"twitter_card":"summary_large_image","twitter_misc":{"Estimation du temps de lecture":"1 minute"},"schema":{"@context":"https:\/\/schema.org","@graph":[{"@type":"WebPage","@id":"https:\/\/saveurduliban.com\/my-cart-2\/","url":"https:\/\/saveurduliban.com\/my-cart-2\/","name":"My Cart - Saveurs Du Liban","isPartOf":{"@id":"https:\/\/saveurduliban.com\/#website"},"primaryImageOfPage":{"@id":"https:\/\/saveurduliban.com\/my-cart-2\/#primaryimage"},"image":{"@id":"https:\/\/saveurduliban.com\/my-cart-2\/#primaryimage"},"thumbnailUrl":"https:\/\/saveurduliban.com\/wp-content\/uploads\/2024\/01\/41-scaled-300x300.jpg","datePublished":"2024-01-25T11:03:09+00:00","dateModified":"2025-09-03T20:08:49+00:00","breadcrumb":{"@id":"https:\/\/saveurduliban.com\/my-cart-2\/#breadcrumb"},"inLanguage":"fr-CA","potentialAction":[{"@type":"ReadAction","target":["https:\/\/saveurduliban.com\/my-cart-2\/"]}]},{"@type":"ImageObject","inLanguage":"fr-CA","@id":"https:\/\/saveurduliban.com\/my-cart-2\/#primaryimage","url":"https:\/\/saveurduliban.com\/wp-content\/uploads\/2024\/01\/41-scaled-300x300.jpg","contentUrl":"https:\/\/saveurduliban.com\/wp-content\/uploads\/2024\/01\/41-scaled-300x300.jpg"},{"@type":"BreadcrumbList","@id":"https:\/\/saveurduliban.com\/my-cart-2\/#breadcrumb","itemListElement":[{"@type":"ListItem","position":1,"name":"Home","item":"https:\/\/saveurduliban.com\/"},{"@type":"ListItem","position":2,"name":"My Cart"}]},{"@type":"WebSite","@id":"https:\/\/saveurduliban.com\/#website","url":"https:\/\/saveurduliban.com\/","name":"Saveurs Du Liban - Taste of Lebanon","description":"Saveurs Du Liban livre des produits faits maison du Liban au Canada. Nos artisans pr\u00e9parent professionnellement des produits savoureux qui contiennent de l'amour et un sentiment d'appartenance \u00e0 la maison.","publisher":{"@id":"https:\/\/saveurduliban.com\/#organization"},"potentialAction":[{"@type":"SearchAction","target":{"@type":"EntryPoint","urlTemplate":"https:\/\/saveurduliban.com\/?s={search_term_string}"},"query-input":{"@type":"PropertyValueSpecification","valueRequired":true,"valueName":"search_term_string"}}],"inLanguage":"fr-CA"},{"@type":"Organization","@id":"https:\/\/saveurduliban.com\/#organization","name":"Saveurs Du Liban - Taste of Lebanon","url":"https:\/\/saveurduliban.com\/","logo":{"@type":"ImageObject","inLanguage":"fr-CA","@id":"https:\/\/saveurduliban.com\/#\/schema\/logo\/image\/","url":"https:\/\/saveurduliban.com\/wp-content\/uploads\/2024\/01\/logo-03-2.png","contentUrl":"https:\/\/saveurduliban.com\/wp-content\/uploads\/2024\/01\/logo-03-2.png","width":480,"height":530,"caption":"Saveurs Du Liban - Taste of Lebanon"},"image":{"@id":"https:\/\/saveurduliban.com\/#\/schema\/logo\/image\/"},"sameAs":["https:\/\/instagram.com\/saveurduliban"]}]}},"jetpack_sharing_enabled":true,"_links":{"self":[{"href":"https:\/\/saveurduliban.com\/fr\/wp-json\/wp\/v2\/pages\/987","targetHints":{"allow":["GET"]}}],"collection":[{"href":"https:\/\/saveurduliban.com\/fr\/wp-json\/wp\/v2\/pages"}],"about":[{"href":"https:\/\/saveurduliban.com\/fr\/wp-json\/wp\/v2\/types\/page"}],"author":[{"embeddable":true,"href":"https:\/\/saveurduliban.com\/fr\/wp-json\/wp\/v2\/users\/1"}],"replies":[{"embeddable":true,"href":"https:\/\/saveurduliban.com\/fr\/wp-json\/wp\/v2\/comments?post=987"}],"version-history":[{"count":16,"href":"https:\/\/saveurduliban.com\/fr\/wp-json\/wp\/v2\/pages\/987\/revisions"}],"predecessor-version":[{"id":1059,"href":"https:\/\/saveurduliban.com\/fr\/wp-json\/wp\/v2\/pages\/987\/revisions\/1059"}],"wp:attachment":[{"href":"https:\/\/saveurduliban.com\/fr\/wp-json\/wp\/v2\/media?parent=987"}],"curies":[{"name":"wp","href":"https:\/\/api.w.org\/{rel}","templated":true}]}}