{"id":1178,"date":"2025-02-21T15:01:51","date_gmt":"2025-02-21T15:01:51","guid":{"rendered":"https:\/\/saveurduliban.com\/?post_type=product&#038;p=1178"},"modified":"2026-04-24T22:09:47","modified_gmt":"2026-04-24T22:09:47","slug":"melange-de-thym-et-de-noix","status":"publish","type":"product","link":"https:\/\/saveurduliban.com\/fr\/product\/thyme-mix-with-nuts\/","title":{"rendered":"M\u00e9lange de thym et de noix"},"content":{"rendered":"<p>500gr<\/p>","protected":false},"excerpt":{"rendered":"<p>Aromatique, croquant et d\u00e9bordant de saveurs m\u00e9diterran\u00e9ennes.<\/p>\n<p data-start=\"499\" data-end=\"844\">Notre m\u00e9lange de noix au thym libanais associe des herbes aromatiques, du sumac piquant et des noix croquantes pour un m\u00e9lange polyvalent et savoureux. \u00c9labor\u00e9 avec soin \u00e0 partir de thym, d'origan, de sumac, de graines de s\u00e9same, de noix de cajou, d'amandes, de cumin, de coriandre, de menthe et de sel de mer de haute qualit\u00e9, il apporte une saveur m\u00e9diterran\u00e9enne sophistiqu\u00e9e \u00e0 votre cuisine.<\/p>\n<p data-start=\"846\" data-end=\"1041\">Utilisez-le pour rehausser les pains plats, les salades, les l\u00e9gumes r\u00f4tis ou m\u00eame comme garniture pour le yogourt ou les trempettes. Plein de saveur et de texture, ce m\u00e9lange est \u00e0 la fois un d\u00e9lice culinaire et une valeur nutritionnelle.<\/p>\n<p data-start=\"846\" data-end=\"1041\"><strong data-start=\"1820\" data-end=\"1836\">Ingr\u00e9dients : <\/strong>Thym, origan, sumac, graines de s\u00e9same, noix de cajou, amandes, cumin, coriandre, menthe, sel de mer.<\/p>\n<p data-start=\"846\" data-end=\"1041\">Sans conservateurs, ar\u00f4mes artificiels ou additifs. Emball\u00e9s dans des sachets kraft durables.<br \/>\nConserver dans un endroit frais, sec et sombre. Refermer herm\u00e9tiquement le sac kraft apr\u00e8s chaque utilisation pour pr\u00e9server la saveur et l'ar\u00f4me.<\/p>","protected":false},"featured_media":6749,"comment_status":"open","ping_status":"closed","template":"","meta":[],"product_brand":[],"product_cat":[31,55],"product_tag":[],"class_list":{"0":"post-1178","1":"product","2":"type-product","3":"status-publish","4":"has-post-thumbnail","6":"product_cat-all-products","7":"product_cat-spices-and-herbs","9":"first","10":"instock","11":"purchasable","12":"product-type-simple"},"yoast_head":"<!-- This site is optimized with the Yoast SEO plugin v27.5 - https:\/\/yoast.com\/product\/yoast-seo-wordpress\/ -->\n<title>Thyme mix with nuts - Saveurs Du Liban<\/title>\n<meta name=\"robots\" content=\"index, follow, max-snippet:-1, max-image-preview:large, max-video-preview:-1\" \/>\n<link rel=\"canonical\" href=\"https:\/\/saveurduliban.com\/fr\/produit\/melange-de-thym-et-de-noix\/\" \/>\n<meta property=\"og:locale\" content=\"fr_CA\" \/>\n<meta property=\"og:type\" content=\"article\" \/>\n<meta property=\"og:title\" content=\"Thyme mix with nuts - Saveurs Du Liban\" \/>\n<meta property=\"og:description\" content=\"Aromatic, crunchy, and bursting with Mediterranean flavors. Our Lebanese Thyme Nut Mix combines aromatic herbs, tangy sumac, and crunchy nuts for a versatile and flavorful blend. Carefully crafted using high-quality thyme, oregano, sumac, sesame seeds, cashews, almonds, cumin, coriander, mint, and sea salt, it brings a sophisticated Mediterranean taste to your kitchen. Use it to enhance flatbreads, salads, roasted vegetables, or even as a topping for yogurt or dips. Packed with flavor and texture, this mix delivers both culinary delight and nutritional value. Ingredients: Thyme, oregano, sumac, sesame seeds, cashew, almond, cumin, coriander, mint, sea salt. No preservatives, artificial flavors or additives. Packaged in durable kraft bags. Store in a cool dry and dark place. Reseal the kraft bag tightly after each use to flavor and aroma.\" \/>\n<meta property=\"og:url\" content=\"https:\/\/saveurduliban.com\/fr\/produit\/melange-de-thym-et-de-noix\/\" \/>\n<meta property=\"og:site_name\" content=\"Saveurs Du Liban\" \/>\n<meta property=\"article:modified_time\" content=\"2026-04-24T22:09:47+00:00\" \/>\n<meta property=\"og:image\" content=\"https:\/\/saveurduliban.com\/wp-content\/uploads\/2025\/08\/DSC_9006-scaled-e1757012353722.jpg\" \/>\n\t<meta property=\"og:image:width\" content=\"704\" \/>\n\t<meta property=\"og:image:height\" content=\"875\" \/>\n\t<meta property=\"og:image:type\" content=\"image\/jpeg\" \/>\n<meta name=\"twitter:card\" content=\"summary_large_image\" \/>\n<meta name=\"twitter:label1\" content=\"Estimation du temps de lecture\" \/>\n\t<meta name=\"twitter:data1\" content=\"1 minute\" \/>\n<script type=\"application\/ld+json\" class=\"yoast-schema-graph\">{\"@context\":\"https:\\\/\\\/schema.org\",\"@graph\":[{\"@type\":\"WebPage\",\"@id\":\"https:\\\/\\\/saveurduliban.com\\\/product\\\/thyme-mix-with-nuts\\\/\",\"url\":\"https:\\\/\\\/saveurduliban.com\\\/product\\\/thyme-mix-with-nuts\\\/\",\"name\":\"Thyme mix with nuts - Saveurs Du Liban\",\"isPartOf\":{\"@id\":\"https:\\\/\\\/saveurduliban.com\\\/#website\"},\"primaryImageOfPage\":{\"@id\":\"https:\\\/\\\/saveurduliban.com\\\/product\\\/thyme-mix-with-nuts\\\/#primaryimage\"},\"image\":{\"@id\":\"https:\\\/\\\/saveurduliban.com\\\/product\\\/thyme-mix-with-nuts\\\/#primaryimage\"},\"thumbnailUrl\":\"https:\\\/\\\/saveurduliban.com\\\/wp-content\\\/uploads\\\/2025\\\/08\\\/DSC_9006-scaled-e1757012353722.jpg\",\"datePublished\":\"2025-02-21T15:01:51+00:00\",\"dateModified\":\"2026-04-24T22:09:47+00:00\",\"breadcrumb\":{\"@id\":\"https:\\\/\\\/saveurduliban.com\\\/product\\\/thyme-mix-with-nuts\\\/#breadcrumb\"},\"inLanguage\":\"fr-CA\",\"potentialAction\":[{\"@type\":\"ReadAction\",\"target\":[\"https:\\\/\\\/saveurduliban.com\\\/product\\\/thyme-mix-with-nuts\\\/\"]}]},{\"@type\":\"ImageObject\",\"inLanguage\":\"fr-CA\",\"@id\":\"https:\\\/\\\/saveurduliban.com\\\/product\\\/thyme-mix-with-nuts\\\/#primaryimage\",\"url\":\"https:\\\/\\\/saveurduliban.com\\\/wp-content\\\/uploads\\\/2025\\\/08\\\/DSC_9006-scaled-e1757012353722.jpg\",\"contentUrl\":\"https:\\\/\\\/saveurduliban.com\\\/wp-content\\\/uploads\\\/2025\\\/08\\\/DSC_9006-scaled-e1757012353722.jpg\",\"width\":704,\"height\":875},{\"@type\":\"BreadcrumbList\",\"@id\":\"https:\\\/\\\/saveurduliban.com\\\/product\\\/thyme-mix-with-nuts\\\/#breadcrumb\",\"itemListElement\":[{\"@type\":\"ListItem\",\"position\":1,\"name\":\"Home\",\"item\":\"https:\\\/\\\/saveurduliban.com\\\/\"},{\"@type\":\"ListItem\",\"position\":2,\"name\":\"Shop\",\"item\":\"https:\\\/\\\/saveurduliban.com\\\/shop-homemade-goods\\\/\"},{\"@type\":\"ListItem\",\"position\":3,\"name\":\"Thyme mix with nuts\"}]},{\"@type\":\"WebSite\",\"@id\":\"https:\\\/\\\/saveurduliban.com\\\/#website\",\"url\":\"https:\\\/\\\/saveurduliban.com\\\/\",\"name\":\"Saveurs Du Liban - Taste of Lebanon\",\"description\":\"Saveurs Du Liban delivers homemade goods from Lebanon to Canada. Our artisans professionally prepare tasty goods that contain love and a feel of home.\",\"publisher\":{\"@id\":\"https:\\\/\\\/saveurduliban.com\\\/#organization\"},\"potentialAction\":[{\"@type\":\"SearchAction\",\"target\":{\"@type\":\"EntryPoint\",\"urlTemplate\":\"https:\\\/\\\/saveurduliban.com\\\/?s={search_term_string}\"},\"query-input\":{\"@type\":\"PropertyValueSpecification\",\"valueRequired\":true,\"valueName\":\"search_term_string\"}}],\"inLanguage\":\"fr-CA\"},{\"@type\":\"Organization\",\"@id\":\"https:\\\/\\\/saveurduliban.com\\\/#organization\",\"name\":\"Saveurs Du Liban - Taste of Lebanon\",\"url\":\"https:\\\/\\\/saveurduliban.com\\\/\",\"logo\":{\"@type\":\"ImageObject\",\"inLanguage\":\"fr-CA\",\"@id\":\"https:\\\/\\\/saveurduliban.com\\\/#\\\/schema\\\/logo\\\/image\\\/\",\"url\":\"https:\\\/\\\/saveurduliban.com\\\/wp-content\\\/uploads\\\/2024\\\/01\\\/logo-03-2.png\",\"contentUrl\":\"https:\\\/\\\/saveurduliban.com\\\/wp-content\\\/uploads\\\/2024\\\/01\\\/logo-03-2.png\",\"width\":480,\"height\":530,\"caption\":\"Saveurs Du Liban - Taste of Lebanon\"},\"image\":{\"@id\":\"https:\\\/\\\/saveurduliban.com\\\/#\\\/schema\\\/logo\\\/image\\\/\"},\"sameAs\":[\"https:\\\/\\\/instagram.com\\\/saveurduliban\"]}]}<\/script>\n<!-- \/ Yoast SEO plugin. -->","yoast_head_json":{"title":"Thyme mix with nuts - Saveurs Du Liban","robots":{"index":"index","follow":"follow","max-snippet":"max-snippet:-1","max-image-preview":"max-image-preview:large","max-video-preview":"max-video-preview:-1"},"canonical":"https:\/\/saveurduliban.com\/fr\/produit\/melange-de-thym-et-de-noix\/","og_locale":"fr_CA","og_type":"article","og_title":"Thyme mix with nuts - Saveurs Du Liban","og_description":"Aromatic, crunchy, and bursting with Mediterranean flavors. Our Lebanese Thyme Nut Mix combines aromatic herbs, tangy sumac, and crunchy nuts for a versatile and flavorful blend. Carefully crafted using high-quality thyme, oregano, sumac, sesame seeds, cashews, almonds, cumin, coriander, mint, and sea salt, it brings a sophisticated Mediterranean taste to your kitchen. Use it to enhance flatbreads, salads, roasted vegetables, or even as a topping for yogurt or dips. Packed with flavor and texture, this mix delivers both culinary delight and nutritional value. Ingredients: Thyme, oregano, sumac, sesame seeds, cashew, almond, cumin, coriander, mint, sea salt. No preservatives, artificial flavors or additives. Packaged in durable kraft bags. Store in a cool dry and dark place. Reseal the kraft bag tightly after each use to flavor and aroma.","og_url":"https:\/\/saveurduliban.com\/fr\/produit\/melange-de-thym-et-de-noix\/","og_site_name":"Saveurs Du Liban","article_modified_time":"2026-04-24T22:09:47+00:00","og_image":[{"width":704,"height":875,"url":"https:\/\/saveurduliban.com\/wp-content\/uploads\/2025\/08\/DSC_9006-scaled-e1757012353722.jpg","type":"image\/jpeg"}],"twitter_card":"summary_large_image","twitter_misc":{"Estimation du temps de lecture":"1 minute"},"schema":{"@context":"https:\/\/schema.org","@graph":[{"@type":"WebPage","@id":"https:\/\/saveurduliban.com\/product\/thyme-mix-with-nuts\/","url":"https:\/\/saveurduliban.com\/product\/thyme-mix-with-nuts\/","name":"Thyme mix with nuts - Saveurs Du Liban","isPartOf":{"@id":"https:\/\/saveurduliban.com\/#website"},"primaryImageOfPage":{"@id":"https:\/\/saveurduliban.com\/product\/thyme-mix-with-nuts\/#primaryimage"},"image":{"@id":"https:\/\/saveurduliban.com\/product\/thyme-mix-with-nuts\/#primaryimage"},"thumbnailUrl":"https:\/\/saveurduliban.com\/wp-content\/uploads\/2025\/08\/DSC_9006-scaled-e1757012353722.jpg","datePublished":"2025-02-21T15:01:51+00:00","dateModified":"2026-04-24T22:09:47+00:00","breadcrumb":{"@id":"https:\/\/saveurduliban.com\/product\/thyme-mix-with-nuts\/#breadcrumb"},"inLanguage":"fr-CA","potentialAction":[{"@type":"ReadAction","target":["https:\/\/saveurduliban.com\/product\/thyme-mix-with-nuts\/"]}]},{"@type":"ImageObject","inLanguage":"fr-CA","@id":"https:\/\/saveurduliban.com\/product\/thyme-mix-with-nuts\/#primaryimage","url":"https:\/\/saveurduliban.com\/wp-content\/uploads\/2025\/08\/DSC_9006-scaled-e1757012353722.jpg","contentUrl":"https:\/\/saveurduliban.com\/wp-content\/uploads\/2025\/08\/DSC_9006-scaled-e1757012353722.jpg","width":704,"height":875},{"@type":"BreadcrumbList","@id":"https:\/\/saveurduliban.com\/product\/thyme-mix-with-nuts\/#breadcrumb","itemListElement":[{"@type":"ListItem","position":1,"name":"Home","item":"https:\/\/saveurduliban.com\/"},{"@type":"ListItem","position":2,"name":"Shop","item":"https:\/\/saveurduliban.com\/shop-homemade-goods\/"},{"@type":"ListItem","position":3,"name":"Thyme mix with nuts"}]},{"@type":"WebSite","@id":"https:\/\/saveurduliban.com\/#website","url":"https:\/\/saveurduliban.com\/","name":"Saveurs Du Liban - Taste of Lebanon","description":"Saveurs Du Liban livre des produits faits maison du Liban au Canada. Nos artisans pr\u00e9parent professionnellement des produits savoureux qui contiennent de l'amour et un sentiment d'appartenance \u00e0 la maison.","publisher":{"@id":"https:\/\/saveurduliban.com\/#organization"},"potentialAction":[{"@type":"SearchAction","target":{"@type":"EntryPoint","urlTemplate":"https:\/\/saveurduliban.com\/?s={search_term_string}"},"query-input":{"@type":"PropertyValueSpecification","valueRequired":true,"valueName":"search_term_string"}}],"inLanguage":"fr-CA"},{"@type":"Organization","@id":"https:\/\/saveurduliban.com\/#organization","name":"Saveurs Du Liban - Taste of Lebanon","url":"https:\/\/saveurduliban.com\/","logo":{"@type":"ImageObject","inLanguage":"fr-CA","@id":"https:\/\/saveurduliban.com\/#\/schema\/logo\/image\/","url":"https:\/\/saveurduliban.com\/wp-content\/uploads\/2024\/01\/logo-03-2.png","contentUrl":"https:\/\/saveurduliban.com\/wp-content\/uploads\/2024\/01\/logo-03-2.png","width":480,"height":530,"caption":"Saveurs Du Liban - Taste of Lebanon"},"image":{"@id":"https:\/\/saveurduliban.com\/#\/schema\/logo\/image\/"},"sameAs":["https:\/\/instagram.com\/saveurduliban"]}]}},"jetpack_sharing_enabled":true,"_links":{"self":[{"href":"https:\/\/saveurduliban.com\/fr\/wp-json\/wp\/v2\/product\/1178","targetHints":{"allow":["GET"]}}],"collection":[{"href":"https:\/\/saveurduliban.com\/fr\/wp-json\/wp\/v2\/product"}],"about":[{"href":"https:\/\/saveurduliban.com\/fr\/wp-json\/wp\/v2\/types\/product"}],"replies":[{"embeddable":true,"href":"https:\/\/saveurduliban.com\/fr\/wp-json\/wp\/v2\/comments?post=1178"}],"wp:featuredmedia":[{"embeddable":true,"href":"https:\/\/saveurduliban.com\/fr\/wp-json\/wp\/v2\/media\/6749"}],"wp:attachment":[{"href":"https:\/\/saveurduliban.com\/fr\/wp-json\/wp\/v2\/media?parent=1178"}],"wp:term":[{"taxonomy":"product_brand","embeddable":true,"href":"https:\/\/saveurduliban.com\/fr\/wp-json\/wp\/v2\/product_brand?post=1178"},{"taxonomy":"product_cat","embeddable":true,"href":"https:\/\/saveurduliban.com\/fr\/wp-json\/wp\/v2\/product_cat?post=1178"},{"taxonomy":"product_tag","embeddable":true,"href":"https:\/\/saveurduliban.com\/fr\/wp-json\/wp\/v2\/product_tag?post=1178"}],"curies":[{"name":"wp","href":"https:\/\/api.w.org\/{rel}","templated":true}]}}