{"id":1181,"date":"2025-02-21T15:03:34","date_gmt":"2025-02-21T15:03:34","guid":{"rendered":"https:\/\/saveurduliban.com\/?post_type=product&#038;p=1181"},"modified":"2026-04-24T23:25:01","modified_gmt":"2026-04-24T23:25:01","slug":"melange-classique-de-thym","status":"publish","type":"product","link":"https:\/\/saveurduliban.com\/fr\/product\/classic-thyme-mix\/","title":{"rendered":"M\u00e9lange classique de thym"},"content":{"rendered":"<p>500gr<\/p>","protected":false},"excerpt":{"rendered":"<p>Parfum\u00e9e, audacieuse, elle est un \u00e9l\u00e9ment essentiel de la cuisine libanaise.<\/p>\n<p>Notre m\u00e9lange de thym libanais (za'atar) est un m\u00e9lange d'\u00e9pices parfum\u00e9, terreux et piquant, soigneusement \u00e9labor\u00e9 \u00e0 partir de thym, d'origan, de sumac, de graines de s\u00e9same et de sel de mer de haute qualit\u00e9. Pierre angulaire de la cuisine du Moyen-Orient, il apporte des saveurs m\u00e9diterran\u00e9ennes audacieuses dans votre cuisine, qu'il soit saupoudr\u00e9 sur du pain chaud avec de l'huile d'olive, m\u00e9lang\u00e9 \u00e0 des trempettes ou utilis\u00e9 pour assaisonner des l\u00e9gumes r\u00f4tis et des viandes grill\u00e9es.<\/p>\n<p data-start=\"1625\" data-end=\"1692\"><strong data-start=\"1625\" data-end=\"1641\">Ingr\u00e9dients : <\/strong>Thym, origan, sumac, graines de s\u00e9same, sel de mer.<\/p>\n<p data-start=\"1694\" data-end=\"1824\">Sans conservateurs, ar\u00f4mes artificiels ou additifs. Emball\u00e9s dans des sachets kraft durables.<br \/>\nConserver dans un endroit frais, sec et sombre. Refermer herm\u00e9tiquement le sac kraft apr\u00e8s chaque utilisation pour pr\u00e9server la saveur et l'ar\u00f4me.<\/p>","protected":false},"featured_media":6955,"comment_status":"open","ping_status":"closed","template":"","meta":[],"product_brand":[],"product_cat":[31,55],"product_tag":[],"class_list":{"0":"post-1181","1":"product","2":"type-product","3":"status-publish","4":"has-post-thumbnail","6":"product_cat-all-products","7":"product_cat-spices-and-herbs","9":"first","10":"instock","11":"purchasable","12":"product-type-variable"},"yoast_head":"<!-- This site is optimized with the Yoast SEO plugin v27.5 - https:\/\/yoast.com\/product\/yoast-seo-wordpress\/ -->\n<title>Classic thyme mix - Saveurs Du Liban<\/title>\n<meta name=\"robots\" content=\"index, follow, max-snippet:-1, max-image-preview:large, max-video-preview:-1\" \/>\n<link rel=\"canonical\" href=\"https:\/\/saveurduliban.com\/fr\/produit\/melange-classique-de-thym\/\" \/>\n<meta property=\"og:locale\" content=\"fr_CA\" \/>\n<meta property=\"og:type\" content=\"article\" \/>\n<meta property=\"og:title\" content=\"Classic thyme mix - Saveurs Du Liban\" \/>\n<meta property=\"og:description\" content=\"Fragrant, bold, and a staple of Lebanese cooking.  Our Lebanese Thyme (Za\u2019atar) Mix is a fragrant, earthy, and tangy spice blend, carefully crafted using high-quality thyme, oregano, sumac, sesame seeds, and sea salt. A cornerstone of Middle Eastern cuisine, it brings bold Mediterranean flavors to your kitchen, whether sprinkled on warm bread with olive oil, mixed into dips, or used to season roasted vegetables and grilled meats. Ingredients: Thyme, oregano, sumac, sesame seeds, sea salt. No preservatives, artificial flavors or additives. Packaged in durable kraft bags. Store in a cool dry and dark place. Reseal the kraft bag tightly after each use to flavor and aroma.\" \/>\n<meta property=\"og:url\" content=\"https:\/\/saveurduliban.com\/fr\/produit\/melange-classique-de-thym\/\" \/>\n<meta property=\"og:site_name\" content=\"Saveurs Du Liban\" \/>\n<meta property=\"article:modified_time\" content=\"2026-04-24T23:25:01+00:00\" \/>\n<meta property=\"og:image\" content=\"https:\/\/saveurduliban.com\/wp-content\/uploads\/2025\/02\/Screenshot-2025-09-04-at-3.45.08-PM-e1757016023167.png\" \/>\n\t<meta property=\"og:image:width\" content=\"596\" \/>\n\t<meta property=\"og:image:height\" content=\"746\" \/>\n\t<meta property=\"og:image:type\" content=\"image\/png\" \/>\n<meta name=\"twitter:card\" content=\"summary_large_image\" \/>\n<meta name=\"twitter:label1\" content=\"Estimation du temps de lecture\" \/>\n\t<meta name=\"twitter:data1\" content=\"1 minute\" \/>\n<script type=\"application\/ld+json\" class=\"yoast-schema-graph\">{\"@context\":\"https:\\\/\\\/schema.org\",\"@graph\":[{\"@type\":\"WebPage\",\"@id\":\"https:\\\/\\\/saveurduliban.com\\\/product\\\/classic-thyme-mix\\\/\",\"url\":\"https:\\\/\\\/saveurduliban.com\\\/product\\\/classic-thyme-mix\\\/\",\"name\":\"Classic thyme mix - Saveurs Du Liban\",\"isPartOf\":{\"@id\":\"https:\\\/\\\/saveurduliban.com\\\/#website\"},\"primaryImageOfPage\":{\"@id\":\"https:\\\/\\\/saveurduliban.com\\\/product\\\/classic-thyme-mix\\\/#primaryimage\"},\"image\":{\"@id\":\"https:\\\/\\\/saveurduliban.com\\\/product\\\/classic-thyme-mix\\\/#primaryimage\"},\"thumbnailUrl\":\"https:\\\/\\\/saveurduliban.com\\\/wp-content\\\/uploads\\\/2025\\\/02\\\/Screenshot-2025-09-04-at-3.45.08-PM-e1757016023167.png\",\"datePublished\":\"2025-02-21T15:03:34+00:00\",\"dateModified\":\"2026-04-24T23:25:01+00:00\",\"breadcrumb\":{\"@id\":\"https:\\\/\\\/saveurduliban.com\\\/product\\\/classic-thyme-mix\\\/#breadcrumb\"},\"inLanguage\":\"fr-CA\",\"potentialAction\":[{\"@type\":\"ReadAction\",\"target\":[\"https:\\\/\\\/saveurduliban.com\\\/product\\\/classic-thyme-mix\\\/\"]}]},{\"@type\":\"ImageObject\",\"inLanguage\":\"fr-CA\",\"@id\":\"https:\\\/\\\/saveurduliban.com\\\/product\\\/classic-thyme-mix\\\/#primaryimage\",\"url\":\"https:\\\/\\\/saveurduliban.com\\\/wp-content\\\/uploads\\\/2025\\\/02\\\/Screenshot-2025-09-04-at-3.45.08-PM-e1757016023167.png\",\"contentUrl\":\"https:\\\/\\\/saveurduliban.com\\\/wp-content\\\/uploads\\\/2025\\\/02\\\/Screenshot-2025-09-04-at-3.45.08-PM-e1757016023167.png\",\"width\":596,\"height\":746},{\"@type\":\"BreadcrumbList\",\"@id\":\"https:\\\/\\\/saveurduliban.com\\\/product\\\/classic-thyme-mix\\\/#breadcrumb\",\"itemListElement\":[{\"@type\":\"ListItem\",\"position\":1,\"name\":\"Home\",\"item\":\"https:\\\/\\\/saveurduliban.com\\\/\"},{\"@type\":\"ListItem\",\"position\":2,\"name\":\"Shop\",\"item\":\"https:\\\/\\\/saveurduliban.com\\\/shop-homemade-goods\\\/\"},{\"@type\":\"ListItem\",\"position\":3,\"name\":\"Classic thyme mix\"}]},{\"@type\":\"WebSite\",\"@id\":\"https:\\\/\\\/saveurduliban.com\\\/#website\",\"url\":\"https:\\\/\\\/saveurduliban.com\\\/\",\"name\":\"Saveurs Du Liban - Taste of Lebanon\",\"description\":\"Saveurs Du Liban delivers homemade goods from Lebanon to Canada. Our artisans professionally prepare tasty goods that contain love and a feel of home.\",\"publisher\":{\"@id\":\"https:\\\/\\\/saveurduliban.com\\\/#organization\"},\"potentialAction\":[{\"@type\":\"SearchAction\",\"target\":{\"@type\":\"EntryPoint\",\"urlTemplate\":\"https:\\\/\\\/saveurduliban.com\\\/?s={search_term_string}\"},\"query-input\":{\"@type\":\"PropertyValueSpecification\",\"valueRequired\":true,\"valueName\":\"search_term_string\"}}],\"inLanguage\":\"fr-CA\"},{\"@type\":\"Organization\",\"@id\":\"https:\\\/\\\/saveurduliban.com\\\/#organization\",\"name\":\"Saveurs Du Liban - Taste of Lebanon\",\"url\":\"https:\\\/\\\/saveurduliban.com\\\/\",\"logo\":{\"@type\":\"ImageObject\",\"inLanguage\":\"fr-CA\",\"@id\":\"https:\\\/\\\/saveurduliban.com\\\/#\\\/schema\\\/logo\\\/image\\\/\",\"url\":\"https:\\\/\\\/saveurduliban.com\\\/wp-content\\\/uploads\\\/2024\\\/01\\\/logo-03-2.png\",\"contentUrl\":\"https:\\\/\\\/saveurduliban.com\\\/wp-content\\\/uploads\\\/2024\\\/01\\\/logo-03-2.png\",\"width\":480,\"height\":530,\"caption\":\"Saveurs Du Liban - Taste of Lebanon\"},\"image\":{\"@id\":\"https:\\\/\\\/saveurduliban.com\\\/#\\\/schema\\\/logo\\\/image\\\/\"},\"sameAs\":[\"https:\\\/\\\/instagram.com\\\/saveurduliban\"]}]}<\/script>\n<!-- \/ Yoast SEO plugin. -->","yoast_head_json":{"title":"Classic thyme mix - Saveurs Du Liban","robots":{"index":"index","follow":"follow","max-snippet":"max-snippet:-1","max-image-preview":"max-image-preview:large","max-video-preview":"max-video-preview:-1"},"canonical":"https:\/\/saveurduliban.com\/fr\/produit\/melange-classique-de-thym\/","og_locale":"fr_CA","og_type":"article","og_title":"Classic thyme mix - Saveurs Du Liban","og_description":"Fragrant, bold, and a staple of Lebanese cooking.  Our Lebanese Thyme (Za\u2019atar) Mix is a fragrant, earthy, and tangy spice blend, carefully crafted using high-quality thyme, oregano, sumac, sesame seeds, and sea salt. A cornerstone of Middle Eastern cuisine, it brings bold Mediterranean flavors to your kitchen, whether sprinkled on warm bread with olive oil, mixed into dips, or used to season roasted vegetables and grilled meats. Ingredients: Thyme, oregano, sumac, sesame seeds, sea salt. No preservatives, artificial flavors or additives. Packaged in durable kraft bags. Store in a cool dry and dark place. Reseal the kraft bag tightly after each use to flavor and aroma.","og_url":"https:\/\/saveurduliban.com\/fr\/produit\/melange-classique-de-thym\/","og_site_name":"Saveurs Du Liban","article_modified_time":"2026-04-24T23:25:01+00:00","og_image":[{"width":596,"height":746,"url":"https:\/\/saveurduliban.com\/wp-content\/uploads\/2025\/02\/Screenshot-2025-09-04-at-3.45.08-PM-e1757016023167.png","type":"image\/png"}],"twitter_card":"summary_large_image","twitter_misc":{"Estimation du temps de lecture":"1 minute"},"schema":{"@context":"https:\/\/schema.org","@graph":[{"@type":"WebPage","@id":"https:\/\/saveurduliban.com\/product\/classic-thyme-mix\/","url":"https:\/\/saveurduliban.com\/product\/classic-thyme-mix\/","name":"Classic thyme mix - Saveurs Du Liban","isPartOf":{"@id":"https:\/\/saveurduliban.com\/#website"},"primaryImageOfPage":{"@id":"https:\/\/saveurduliban.com\/product\/classic-thyme-mix\/#primaryimage"},"image":{"@id":"https:\/\/saveurduliban.com\/product\/classic-thyme-mix\/#primaryimage"},"thumbnailUrl":"https:\/\/saveurduliban.com\/wp-content\/uploads\/2025\/02\/Screenshot-2025-09-04-at-3.45.08-PM-e1757016023167.png","datePublished":"2025-02-21T15:03:34+00:00","dateModified":"2026-04-24T23:25:01+00:00","breadcrumb":{"@id":"https:\/\/saveurduliban.com\/product\/classic-thyme-mix\/#breadcrumb"},"inLanguage":"fr-CA","potentialAction":[{"@type":"ReadAction","target":["https:\/\/saveurduliban.com\/product\/classic-thyme-mix\/"]}]},{"@type":"ImageObject","inLanguage":"fr-CA","@id":"https:\/\/saveurduliban.com\/product\/classic-thyme-mix\/#primaryimage","url":"https:\/\/saveurduliban.com\/wp-content\/uploads\/2025\/02\/Screenshot-2025-09-04-at-3.45.08-PM-e1757016023167.png","contentUrl":"https:\/\/saveurduliban.com\/wp-content\/uploads\/2025\/02\/Screenshot-2025-09-04-at-3.45.08-PM-e1757016023167.png","width":596,"height":746},{"@type":"BreadcrumbList","@id":"https:\/\/saveurduliban.com\/product\/classic-thyme-mix\/#breadcrumb","itemListElement":[{"@type":"ListItem","position":1,"name":"Home","item":"https:\/\/saveurduliban.com\/"},{"@type":"ListItem","position":2,"name":"Shop","item":"https:\/\/saveurduliban.com\/shop-homemade-goods\/"},{"@type":"ListItem","position":3,"name":"Classic thyme mix"}]},{"@type":"WebSite","@id":"https:\/\/saveurduliban.com\/#website","url":"https:\/\/saveurduliban.com\/","name":"Saveurs Du Liban - Taste of Lebanon","description":"Saveurs Du Liban livre des produits faits maison du Liban au Canada. Nos artisans pr\u00e9parent professionnellement des produits savoureux qui contiennent de l'amour et un sentiment d'appartenance \u00e0 la maison.","publisher":{"@id":"https:\/\/saveurduliban.com\/#organization"},"potentialAction":[{"@type":"SearchAction","target":{"@type":"EntryPoint","urlTemplate":"https:\/\/saveurduliban.com\/?s={search_term_string}"},"query-input":{"@type":"PropertyValueSpecification","valueRequired":true,"valueName":"search_term_string"}}],"inLanguage":"fr-CA"},{"@type":"Organization","@id":"https:\/\/saveurduliban.com\/#organization","name":"Saveurs Du Liban - Taste of Lebanon","url":"https:\/\/saveurduliban.com\/","logo":{"@type":"ImageObject","inLanguage":"fr-CA","@id":"https:\/\/saveurduliban.com\/#\/schema\/logo\/image\/","url":"https:\/\/saveurduliban.com\/wp-content\/uploads\/2024\/01\/logo-03-2.png","contentUrl":"https:\/\/saveurduliban.com\/wp-content\/uploads\/2024\/01\/logo-03-2.png","width":480,"height":530,"caption":"Saveurs Du Liban - Taste of Lebanon"},"image":{"@id":"https:\/\/saveurduliban.com\/#\/schema\/logo\/image\/"},"sameAs":["https:\/\/instagram.com\/saveurduliban"]}]}},"jetpack_sharing_enabled":true,"_links":{"self":[{"href":"https:\/\/saveurduliban.com\/fr\/wp-json\/wp\/v2\/product\/1181","targetHints":{"allow":["GET"]}}],"collection":[{"href":"https:\/\/saveurduliban.com\/fr\/wp-json\/wp\/v2\/product"}],"about":[{"href":"https:\/\/saveurduliban.com\/fr\/wp-json\/wp\/v2\/types\/product"}],"replies":[{"embeddable":true,"href":"https:\/\/saveurduliban.com\/fr\/wp-json\/wp\/v2\/comments?post=1181"}],"wp:featuredmedia":[{"embeddable":true,"href":"https:\/\/saveurduliban.com\/fr\/wp-json\/wp\/v2\/media\/6955"}],"wp:attachment":[{"href":"https:\/\/saveurduliban.com\/fr\/wp-json\/wp\/v2\/media?parent=1181"}],"wp:term":[{"taxonomy":"product_brand","embeddable":true,"href":"https:\/\/saveurduliban.com\/fr\/wp-json\/wp\/v2\/product_brand?post=1181"},{"taxonomy":"product_cat","embeddable":true,"href":"https:\/\/saveurduliban.com\/fr\/wp-json\/wp\/v2\/product_cat?post=1181"},{"taxonomy":"product_tag","embeddable":true,"href":"https:\/\/saveurduliban.com\/fr\/wp-json\/wp\/v2\/product_tag?post=1181"}],"curies":[{"name":"wp","href":"https:\/\/api.w.org\/{rel}","templated":true}]}}