{"id":1187,"date":"2025-02-21T15:10:07","date_gmt":"2025-02-21T15:10:07","guid":{"rendered":"https:\/\/saveurduliban.com\/?post_type=product&#038;p=1187"},"modified":"2026-01-04T15:25:27","modified_gmt":"2026-01-04T15:25:27","slug":"thym","status":"publish","type":"product","link":"https:\/\/saveurduliban.com\/fr\/product\/thyme\/","title":{"rendered":"Thym"},"content":{"rendered":"<p>500gr<\/p>","protected":false},"excerpt":{"rendered":"<p data-start=\"165\" data-end=\"225\">Parfum\u00e9e, terreuse et authentiquement libanaise.<\/p>\n<p data-start=\"165\" data-end=\"225\">Notre thym libanais est soigneusement cueilli \u00e0 la main sur les collines du Liban et s\u00e9ch\u00e9 au soleil pour pr\u00e9server son ar\u00f4me et sa saveur naturels. Ses notes herbac\u00e9es et terreuses en font un aliment de base polyvalent dans la cuisine m\u00e9diterran\u00e9enne, rehaussant les viandes, les l\u00e9gumes, les sauces et les vinaigrettes d'une authentique saveur libanaise.<\/p>\n<p data-start=\"1294\" data-end=\"1332\"><strong data-start=\"1294\" data-end=\"1310\">Ingr\u00e9dients :<\/strong><br data-start=\"1310\" data-end=\"1313\" \/>100% thym s\u00e9ch\u00e9.<\/p>\n<p data-start=\"1294\" data-end=\"1332\">Sans conservateurs, ar\u00f4mes artificiels ou additifs. Emball\u00e9s dans des sachets kraft durables.<br \/>\nConserver dans un endroit frais, sec et sombre. Refermer herm\u00e9tiquement le sac kraft apr\u00e8s chaque utilisation pour pr\u00e9server la saveur et l'ar\u00f4me.<\/p>\n<p>&nbsp;<\/p>","protected":false},"featured_media":6956,"comment_status":"open","ping_status":"closed","template":"","meta":[],"product_brand":[],"product_cat":[31,55],"product_tag":[],"class_list":{"0":"post-1187","1":"product","2":"type-product","3":"status-publish","4":"has-post-thumbnail","6":"product_cat-all-products","7":"product_cat-spices-and-herbs","9":"first","10":"instock","11":"taxable","12":"shipping-taxable","13":"purchasable","14":"product-type-simple"},"yoast_head":"<!-- This site is optimized with the Yoast SEO plugin v27.5 - https:\/\/yoast.com\/product\/yoast-seo-wordpress\/ -->\n<title>Thyme - Saveurs Du Liban<\/title>\n<meta name=\"robots\" content=\"index, follow, max-snippet:-1, max-image-preview:large, max-video-preview:-1\" \/>\n<link rel=\"canonical\" href=\"https:\/\/saveurduliban.com\/fr\/produit\/thym\/\" \/>\n<meta property=\"og:locale\" content=\"fr_CA\" \/>\n<meta property=\"og:type\" content=\"article\" \/>\n<meta property=\"og:title\" content=\"Thyme - Saveurs Du Liban\" \/>\n<meta property=\"og:description\" content=\"Fragrant, earthy, and authentically Lebanese. Our Lebanese thyme is carefully hand-picked from the hills of Lebanon and sun-dried to preserve its natural aroma and flavor. Its earthy, herbal notes make it a versatile staple in Mediterranean cooking\u2014enhancing meats, vegetables, sauces, and dressings with authentic Lebanese taste. Ingredients:100% dried thyme. No preservatives, artificial flavors or additives. Packaged in durable kraft bags. Store in a cool dry and dark place. Reseal the kraft bag tightly after each use to flavor and aroma. &nbsp;\" \/>\n<meta property=\"og:url\" content=\"https:\/\/saveurduliban.com\/fr\/produit\/thym\/\" \/>\n<meta property=\"og:site_name\" content=\"Saveurs Du Liban\" \/>\n<meta property=\"article:modified_time\" content=\"2026-01-04T15:25:27+00:00\" \/>\n<meta property=\"og:image\" content=\"https:\/\/saveurduliban.com\/wp-content\/uploads\/2025\/02\/Screenshot-2025-09-04-at-3.45.02-PM-e1757015955408.png\" \/>\n\t<meta property=\"og:image:width\" content=\"596\" \/>\n\t<meta property=\"og:image:height\" content=\"746\" \/>\n\t<meta property=\"og:image:type\" content=\"image\/png\" \/>\n<meta name=\"twitter:card\" content=\"summary_large_image\" \/>\n<meta name=\"twitter:label1\" content=\"Estimation du temps de lecture\" \/>\n\t<meta name=\"twitter:data1\" content=\"1 minute\" \/>\n<script type=\"application\/ld+json\" class=\"yoast-schema-graph\">{\"@context\":\"https:\\\/\\\/schema.org\",\"@graph\":[{\"@type\":\"WebPage\",\"@id\":\"https:\\\/\\\/saveurduliban.com\\\/product\\\/thyme\\\/\",\"url\":\"https:\\\/\\\/saveurduliban.com\\\/product\\\/thyme\\\/\",\"name\":\"Thyme - Saveurs Du Liban\",\"isPartOf\":{\"@id\":\"https:\\\/\\\/saveurduliban.com\\\/#website\"},\"primaryImageOfPage\":{\"@id\":\"https:\\\/\\\/saveurduliban.com\\\/product\\\/thyme\\\/#primaryimage\"},\"image\":{\"@id\":\"https:\\\/\\\/saveurduliban.com\\\/product\\\/thyme\\\/#primaryimage\"},\"thumbnailUrl\":\"https:\\\/\\\/saveurduliban.com\\\/wp-content\\\/uploads\\\/2025\\\/02\\\/Screenshot-2025-09-04-at-3.45.02-PM-e1757015955408.png\",\"datePublished\":\"2025-02-21T15:10:07+00:00\",\"dateModified\":\"2026-01-04T15:25:27+00:00\",\"breadcrumb\":{\"@id\":\"https:\\\/\\\/saveurduliban.com\\\/product\\\/thyme\\\/#breadcrumb\"},\"inLanguage\":\"fr-CA\",\"potentialAction\":[{\"@type\":\"ReadAction\",\"target\":[\"https:\\\/\\\/saveurduliban.com\\\/product\\\/thyme\\\/\"]}]},{\"@type\":\"ImageObject\",\"inLanguage\":\"fr-CA\",\"@id\":\"https:\\\/\\\/saveurduliban.com\\\/product\\\/thyme\\\/#primaryimage\",\"url\":\"https:\\\/\\\/saveurduliban.com\\\/wp-content\\\/uploads\\\/2025\\\/02\\\/Screenshot-2025-09-04-at-3.45.02-PM-e1757015955408.png\",\"contentUrl\":\"https:\\\/\\\/saveurduliban.com\\\/wp-content\\\/uploads\\\/2025\\\/02\\\/Screenshot-2025-09-04-at-3.45.02-PM-e1757015955408.png\",\"width\":596,\"height\":746},{\"@type\":\"BreadcrumbList\",\"@id\":\"https:\\\/\\\/saveurduliban.com\\\/product\\\/thyme\\\/#breadcrumb\",\"itemListElement\":[{\"@type\":\"ListItem\",\"position\":1,\"name\":\"Home\",\"item\":\"https:\\\/\\\/saveurduliban.com\\\/\"},{\"@type\":\"ListItem\",\"position\":2,\"name\":\"Shop\",\"item\":\"https:\\\/\\\/saveurduliban.com\\\/shop-homemade-goods\\\/\"},{\"@type\":\"ListItem\",\"position\":3,\"name\":\"Thyme\"}]},{\"@type\":\"WebSite\",\"@id\":\"https:\\\/\\\/saveurduliban.com\\\/#website\",\"url\":\"https:\\\/\\\/saveurduliban.com\\\/\",\"name\":\"Saveurs Du Liban - Taste of Lebanon\",\"description\":\"Saveurs Du Liban delivers homemade goods from Lebanon to Canada. Our artisans professionally prepare tasty goods that contain love and a feel of home.\",\"publisher\":{\"@id\":\"https:\\\/\\\/saveurduliban.com\\\/#organization\"},\"potentialAction\":[{\"@type\":\"SearchAction\",\"target\":{\"@type\":\"EntryPoint\",\"urlTemplate\":\"https:\\\/\\\/saveurduliban.com\\\/?s={search_term_string}\"},\"query-input\":{\"@type\":\"PropertyValueSpecification\",\"valueRequired\":true,\"valueName\":\"search_term_string\"}}],\"inLanguage\":\"fr-CA\"},{\"@type\":\"Organization\",\"@id\":\"https:\\\/\\\/saveurduliban.com\\\/#organization\",\"name\":\"Saveurs Du Liban - Taste of Lebanon\",\"url\":\"https:\\\/\\\/saveurduliban.com\\\/\",\"logo\":{\"@type\":\"ImageObject\",\"inLanguage\":\"fr-CA\",\"@id\":\"https:\\\/\\\/saveurduliban.com\\\/#\\\/schema\\\/logo\\\/image\\\/\",\"url\":\"https:\\\/\\\/saveurduliban.com\\\/wp-content\\\/uploads\\\/2024\\\/01\\\/logo-03-2.png\",\"contentUrl\":\"https:\\\/\\\/saveurduliban.com\\\/wp-content\\\/uploads\\\/2024\\\/01\\\/logo-03-2.png\",\"width\":480,\"height\":530,\"caption\":\"Saveurs Du Liban - Taste of Lebanon\"},\"image\":{\"@id\":\"https:\\\/\\\/saveurduliban.com\\\/#\\\/schema\\\/logo\\\/image\\\/\"},\"sameAs\":[\"https:\\\/\\\/instagram.com\\\/saveurduliban\"]}]}<\/script>\n<!-- \/ Yoast SEO plugin. -->","yoast_head_json":{"title":"Thyme - Saveurs Du Liban","robots":{"index":"index","follow":"follow","max-snippet":"max-snippet:-1","max-image-preview":"max-image-preview:large","max-video-preview":"max-video-preview:-1"},"canonical":"https:\/\/saveurduliban.com\/fr\/produit\/thym\/","og_locale":"fr_CA","og_type":"article","og_title":"Thyme - Saveurs Du Liban","og_description":"Fragrant, earthy, and authentically Lebanese. Our Lebanese thyme is carefully hand-picked from the hills of Lebanon and sun-dried to preserve its natural aroma and flavor. Its earthy, herbal notes make it a versatile staple in Mediterranean cooking\u2014enhancing meats, vegetables, sauces, and dressings with authentic Lebanese taste. Ingredients:100% dried thyme. No preservatives, artificial flavors or additives. Packaged in durable kraft bags. Store in a cool dry and dark place. Reseal the kraft bag tightly after each use to flavor and aroma. &nbsp;","og_url":"https:\/\/saveurduliban.com\/fr\/produit\/thym\/","og_site_name":"Saveurs Du Liban","article_modified_time":"2026-01-04T15:25:27+00:00","og_image":[{"width":596,"height":746,"url":"https:\/\/saveurduliban.com\/wp-content\/uploads\/2025\/02\/Screenshot-2025-09-04-at-3.45.02-PM-e1757015955408.png","type":"image\/png"}],"twitter_card":"summary_large_image","twitter_misc":{"Estimation du temps de lecture":"1 minute"},"schema":{"@context":"https:\/\/schema.org","@graph":[{"@type":"WebPage","@id":"https:\/\/saveurduliban.com\/product\/thyme\/","url":"https:\/\/saveurduliban.com\/product\/thyme\/","name":"Thyme - Saveurs Du Liban","isPartOf":{"@id":"https:\/\/saveurduliban.com\/#website"},"primaryImageOfPage":{"@id":"https:\/\/saveurduliban.com\/product\/thyme\/#primaryimage"},"image":{"@id":"https:\/\/saveurduliban.com\/product\/thyme\/#primaryimage"},"thumbnailUrl":"https:\/\/saveurduliban.com\/wp-content\/uploads\/2025\/02\/Screenshot-2025-09-04-at-3.45.02-PM-e1757015955408.png","datePublished":"2025-02-21T15:10:07+00:00","dateModified":"2026-01-04T15:25:27+00:00","breadcrumb":{"@id":"https:\/\/saveurduliban.com\/product\/thyme\/#breadcrumb"},"inLanguage":"fr-CA","potentialAction":[{"@type":"ReadAction","target":["https:\/\/saveurduliban.com\/product\/thyme\/"]}]},{"@type":"ImageObject","inLanguage":"fr-CA","@id":"https:\/\/saveurduliban.com\/product\/thyme\/#primaryimage","url":"https:\/\/saveurduliban.com\/wp-content\/uploads\/2025\/02\/Screenshot-2025-09-04-at-3.45.02-PM-e1757015955408.png","contentUrl":"https:\/\/saveurduliban.com\/wp-content\/uploads\/2025\/02\/Screenshot-2025-09-04-at-3.45.02-PM-e1757015955408.png","width":596,"height":746},{"@type":"BreadcrumbList","@id":"https:\/\/saveurduliban.com\/product\/thyme\/#breadcrumb","itemListElement":[{"@type":"ListItem","position":1,"name":"Home","item":"https:\/\/saveurduliban.com\/"},{"@type":"ListItem","position":2,"name":"Shop","item":"https:\/\/saveurduliban.com\/shop-homemade-goods\/"},{"@type":"ListItem","position":3,"name":"Thyme"}]},{"@type":"WebSite","@id":"https:\/\/saveurduliban.com\/#website","url":"https:\/\/saveurduliban.com\/","name":"Saveurs Du Liban - Taste of Lebanon","description":"Saveurs Du Liban livre des produits faits maison du Liban au Canada. Nos artisans pr\u00e9parent professionnellement des produits savoureux qui contiennent de l'amour et un sentiment d'appartenance \u00e0 la maison.","publisher":{"@id":"https:\/\/saveurduliban.com\/#organization"},"potentialAction":[{"@type":"SearchAction","target":{"@type":"EntryPoint","urlTemplate":"https:\/\/saveurduliban.com\/?s={search_term_string}"},"query-input":{"@type":"PropertyValueSpecification","valueRequired":true,"valueName":"search_term_string"}}],"inLanguage":"fr-CA"},{"@type":"Organization","@id":"https:\/\/saveurduliban.com\/#organization","name":"Saveurs Du Liban - Taste of Lebanon","url":"https:\/\/saveurduliban.com\/","logo":{"@type":"ImageObject","inLanguage":"fr-CA","@id":"https:\/\/saveurduliban.com\/#\/schema\/logo\/image\/","url":"https:\/\/saveurduliban.com\/wp-content\/uploads\/2024\/01\/logo-03-2.png","contentUrl":"https:\/\/saveurduliban.com\/wp-content\/uploads\/2024\/01\/logo-03-2.png","width":480,"height":530,"caption":"Saveurs Du Liban - Taste of Lebanon"},"image":{"@id":"https:\/\/saveurduliban.com\/#\/schema\/logo\/image\/"},"sameAs":["https:\/\/instagram.com\/saveurduliban"]}]}},"jetpack_sharing_enabled":true,"_links":{"self":[{"href":"https:\/\/saveurduliban.com\/fr\/wp-json\/wp\/v2\/product\/1187","targetHints":{"allow":["GET"]}}],"collection":[{"href":"https:\/\/saveurduliban.com\/fr\/wp-json\/wp\/v2\/product"}],"about":[{"href":"https:\/\/saveurduliban.com\/fr\/wp-json\/wp\/v2\/types\/product"}],"replies":[{"embeddable":true,"href":"https:\/\/saveurduliban.com\/fr\/wp-json\/wp\/v2\/comments?post=1187"}],"wp:featuredmedia":[{"embeddable":true,"href":"https:\/\/saveurduliban.com\/fr\/wp-json\/wp\/v2\/media\/6956"}],"wp:attachment":[{"href":"https:\/\/saveurduliban.com\/fr\/wp-json\/wp\/v2\/media?parent=1187"}],"wp:term":[{"taxonomy":"product_brand","embeddable":true,"href":"https:\/\/saveurduliban.com\/fr\/wp-json\/wp\/v2\/product_brand?post=1187"},{"taxonomy":"product_cat","embeddable":true,"href":"https:\/\/saveurduliban.com\/fr\/wp-json\/wp\/v2\/product_cat?post=1187"},{"taxonomy":"product_tag","embeddable":true,"href":"https:\/\/saveurduliban.com\/fr\/wp-json\/wp\/v2\/product_tag?post=1187"}],"curies":[{"name":"wp","href":"https:\/\/api.w.org\/{rel}","templated":true}]}}