{"id":1189,"date":"2025-02-21T15:12:30","date_gmt":"2025-02-21T15:12:30","guid":{"rendered":"https:\/\/saveurduliban.com\/?post_type=product&#038;p=1189"},"modified":"2026-04-14T23:34:32","modified_gmt":"2026-04-14T23:34:32","slug":"sirop-de-caroube","status":"publish","type":"product","link":"https:\/\/saveurduliban.com\/fr\/product\/carob-syrup\/","title":{"rendered":"Sirop de caroube"},"content":{"rendered":"<p>635ml\/800gr<\/p>\n<p data-start=\"96\" data-end=\"434\">","protected":false},"excerpt":{"rendered":"<p data-start=\"96\" data-end=\"434\">Naturellement doux, riche et nourrissant.<\/p>\n<p data-start=\"96\" data-end=\"434\">Notre sirop de caroube libanais, souvent appel\u00e9 m\u00e9lasse de caroube, est obtenu en r\u00e9duisant lentement le jus de gousses de caroube m\u00fbries au soleil en un sirop \u00e9pais et fonc\u00e9. Naturellement sucr\u00e9 et cors\u00e9, il pr\u00e9sente des notes chaudes de miel, de chocolat et de fruits secs. Depuis des g\u00e9n\u00e9rations, ce sirop est un aliment de base dans les cuisines libanaises, appr\u00e9ci\u00e9 \u00e0 la fois pour sa saveur et sa valeur nutritive naturelle.<\/p>\n<p data-start=\"96\" data-end=\"434\">Traditionnellement m\u00e9lang\u00e9 au tahini pour un petit-d\u00e9jeuner sain, il constitue \u00e9galement un d\u00e9licieux \u00e9dulcorant naturel pour les p\u00e2tisseries, les smoothies et les desserts. Contrairement au sucre raffin\u00e9, le sirop de caroube est riche en min\u00e9raux et ne contient pas de caf\u00e9ine, ce qui en fait une alternative r\u00e9confortante et saine.<\/p>","protected":false},"featured_media":6746,"comment_status":"open","ping_status":"closed","template":"","meta":[],"product_brand":[],"product_cat":[31,37],"product_tag":[],"class_list":{"0":"post-1189","1":"product","2":"type-product","3":"status-publish","4":"has-post-thumbnail","6":"product_cat-all-products","7":"product_cat-molasses","9":"first","10":"instock","11":"taxable","12":"shipping-taxable","13":"purchasable","14":"product-type-simple"},"yoast_head":"<!-- This site is optimized with the Yoast SEO plugin v27.5 - https:\/\/yoast.com\/product\/yoast-seo-wordpress\/ -->\n<title>Carob Syrup - Saveurs Du Liban<\/title>\n<meta name=\"robots\" content=\"index, follow, max-snippet:-1, max-image-preview:large, max-video-preview:-1\" \/>\n<link rel=\"canonical\" href=\"https:\/\/saveurduliban.com\/fr\/produit\/sirop-de-caroube\/\" \/>\n<meta property=\"og:locale\" content=\"fr_CA\" \/>\n<meta property=\"og:type\" content=\"article\" \/>\n<meta property=\"og:title\" content=\"Carob Syrup - Saveurs Du Liban\" \/>\n<meta property=\"og:description\" content=\"Naturally sweet, rich, and nourishing. Our Lebanese Carob Syrup\u2014often called carob molasses\u2014is crafted by slowly reducing the juice of sun-ripened carob pods into a thick, dark syrup. Naturally sweet and full-bodied, it carries warm notes of honey, chocolate, and dried fruit. For generations, this syrup has been a staple in Lebanese kitchens, valued for both its flavor and natural nourishment. Traditionally mixed with tahini for a wholesome breakfast, it also makes a delicious natural sweetener in baking, smoothies, and desserts. Unlike refined sugar, carob syrup is rich in minerals and caffeine-free, offering a comforting and healthy alternative.\" \/>\n<meta property=\"og:url\" content=\"https:\/\/saveurduliban.com\/fr\/produit\/sirop-de-caroube\/\" \/>\n<meta property=\"og:site_name\" content=\"Saveurs Du Liban\" \/>\n<meta property=\"article:modified_time\" content=\"2026-04-14T23:34:32+00:00\" \/>\n<meta property=\"og:image\" content=\"https:\/\/saveurduliban.com\/wp-content\/uploads\/2025\/08\/DSC_8998-scaled.jpg\" \/>\n\t<meta property=\"og:image:width\" content=\"2048\" \/>\n\t<meta property=\"og:image:height\" content=\"2560\" \/>\n\t<meta property=\"og:image:type\" content=\"image\/jpeg\" \/>\n<meta name=\"twitter:card\" content=\"summary_large_image\" \/>\n<meta name=\"twitter:label1\" content=\"Estimation du temps de lecture\" \/>\n\t<meta name=\"twitter:data1\" content=\"1 minute\" \/>\n<script type=\"application\/ld+json\" class=\"yoast-schema-graph\">{\"@context\":\"https:\\\/\\\/schema.org\",\"@graph\":[{\"@type\":\"WebPage\",\"@id\":\"https:\\\/\\\/saveurduliban.com\\\/fr\\\/product\\\/carob-syrup\\\/\",\"url\":\"https:\\\/\\\/saveurduliban.com\\\/fr\\\/product\\\/carob-syrup\\\/\",\"name\":\"Carob Syrup - Saveurs Du Liban\",\"isPartOf\":{\"@id\":\"https:\\\/\\\/saveurduliban.com\\\/#website\"},\"primaryImageOfPage\":{\"@id\":\"https:\\\/\\\/saveurduliban.com\\\/fr\\\/product\\\/carob-syrup\\\/#primaryimage\"},\"image\":{\"@id\":\"https:\\\/\\\/saveurduliban.com\\\/fr\\\/product\\\/carob-syrup\\\/#primaryimage\"},\"thumbnailUrl\":\"https:\\\/\\\/saveurduliban.com\\\/wp-content\\\/uploads\\\/2025\\\/08\\\/DSC_8998-scaled.jpg\",\"datePublished\":\"2025-02-21T15:12:30+00:00\",\"dateModified\":\"2026-04-14T23:34:32+00:00\",\"breadcrumb\":{\"@id\":\"https:\\\/\\\/saveurduliban.com\\\/fr\\\/product\\\/carob-syrup\\\/#breadcrumb\"},\"inLanguage\":\"fr-CA\",\"potentialAction\":[{\"@type\":\"ReadAction\",\"target\":[\"https:\\\/\\\/saveurduliban.com\\\/fr\\\/product\\\/carob-syrup\\\/\"]}]},{\"@type\":\"ImageObject\",\"inLanguage\":\"fr-CA\",\"@id\":\"https:\\\/\\\/saveurduliban.com\\\/fr\\\/product\\\/carob-syrup\\\/#primaryimage\",\"url\":\"https:\\\/\\\/saveurduliban.com\\\/wp-content\\\/uploads\\\/2025\\\/08\\\/DSC_8998-scaled.jpg\",\"contentUrl\":\"https:\\\/\\\/saveurduliban.com\\\/wp-content\\\/uploads\\\/2025\\\/08\\\/DSC_8998-scaled.jpg\",\"width\":2048,\"height\":2560},{\"@type\":\"BreadcrumbList\",\"@id\":\"https:\\\/\\\/saveurduliban.com\\\/fr\\\/product\\\/carob-syrup\\\/#breadcrumb\",\"itemListElement\":[{\"@type\":\"ListItem\",\"position\":1,\"name\":\"Home\",\"item\":\"https:\\\/\\\/saveurduliban.com\\\/\"},{\"@type\":\"ListItem\",\"position\":2,\"name\":\"Shop\",\"item\":\"https:\\\/\\\/saveurduliban.com\\\/shop-homemade-goods\\\/\"},{\"@type\":\"ListItem\",\"position\":3,\"name\":\"Carob Syrup\"}]},{\"@type\":\"WebSite\",\"@id\":\"https:\\\/\\\/saveurduliban.com\\\/#website\",\"url\":\"https:\\\/\\\/saveurduliban.com\\\/\",\"name\":\"Saveurs Du Liban - Taste of Lebanon\",\"description\":\"Saveurs Du Liban delivers homemade goods from Lebanon to Canada. Our artisans professionally prepare tasty goods that contain love and a feel of home.\",\"publisher\":{\"@id\":\"https:\\\/\\\/saveurduliban.com\\\/#organization\"},\"potentialAction\":[{\"@type\":\"SearchAction\",\"target\":{\"@type\":\"EntryPoint\",\"urlTemplate\":\"https:\\\/\\\/saveurduliban.com\\\/?s={search_term_string}\"},\"query-input\":{\"@type\":\"PropertyValueSpecification\",\"valueRequired\":true,\"valueName\":\"search_term_string\"}}],\"inLanguage\":\"fr-CA\"},{\"@type\":\"Organization\",\"@id\":\"https:\\\/\\\/saveurduliban.com\\\/#organization\",\"name\":\"Saveurs Du Liban - Taste of Lebanon\",\"url\":\"https:\\\/\\\/saveurduliban.com\\\/\",\"logo\":{\"@type\":\"ImageObject\",\"inLanguage\":\"fr-CA\",\"@id\":\"https:\\\/\\\/saveurduliban.com\\\/#\\\/schema\\\/logo\\\/image\\\/\",\"url\":\"https:\\\/\\\/saveurduliban.com\\\/wp-content\\\/uploads\\\/2024\\\/01\\\/logo-03-2.png\",\"contentUrl\":\"https:\\\/\\\/saveurduliban.com\\\/wp-content\\\/uploads\\\/2024\\\/01\\\/logo-03-2.png\",\"width\":480,\"height\":530,\"caption\":\"Saveurs Du Liban - Taste of Lebanon\"},\"image\":{\"@id\":\"https:\\\/\\\/saveurduliban.com\\\/#\\\/schema\\\/logo\\\/image\\\/\"},\"sameAs\":[\"https:\\\/\\\/instagram.com\\\/saveurduliban\"]}]}<\/script>\n<!-- \/ Yoast SEO plugin. -->","yoast_head_json":{"title":"Carob Syrup - Saveurs Du Liban","robots":{"index":"index","follow":"follow","max-snippet":"max-snippet:-1","max-image-preview":"max-image-preview:large","max-video-preview":"max-video-preview:-1"},"canonical":"https:\/\/saveurduliban.com\/fr\/produit\/sirop-de-caroube\/","og_locale":"fr_CA","og_type":"article","og_title":"Carob Syrup - Saveurs Du Liban","og_description":"Naturally sweet, rich, and nourishing. Our Lebanese Carob Syrup\u2014often called carob molasses\u2014is crafted by slowly reducing the juice of sun-ripened carob pods into a thick, dark syrup. Naturally sweet and full-bodied, it carries warm notes of honey, chocolate, and dried fruit. For generations, this syrup has been a staple in Lebanese kitchens, valued for both its flavor and natural nourishment. Traditionally mixed with tahini for a wholesome breakfast, it also makes a delicious natural sweetener in baking, smoothies, and desserts. Unlike refined sugar, carob syrup is rich in minerals and caffeine-free, offering a comforting and healthy alternative.","og_url":"https:\/\/saveurduliban.com\/fr\/produit\/sirop-de-caroube\/","og_site_name":"Saveurs Du Liban","article_modified_time":"2026-04-14T23:34:32+00:00","og_image":[{"width":2048,"height":2560,"url":"https:\/\/saveurduliban.com\/wp-content\/uploads\/2025\/08\/DSC_8998-scaled.jpg","type":"image\/jpeg"}],"twitter_card":"summary_large_image","twitter_misc":{"Estimation du temps de lecture":"1 minute"},"schema":{"@context":"https:\/\/schema.org","@graph":[{"@type":"WebPage","@id":"https:\/\/saveurduliban.com\/fr\/product\/carob-syrup\/","url":"https:\/\/saveurduliban.com\/fr\/product\/carob-syrup\/","name":"Carob Syrup - Saveurs Du Liban","isPartOf":{"@id":"https:\/\/saveurduliban.com\/#website"},"primaryImageOfPage":{"@id":"https:\/\/saveurduliban.com\/fr\/product\/carob-syrup\/#primaryimage"},"image":{"@id":"https:\/\/saveurduliban.com\/fr\/product\/carob-syrup\/#primaryimage"},"thumbnailUrl":"https:\/\/saveurduliban.com\/wp-content\/uploads\/2025\/08\/DSC_8998-scaled.jpg","datePublished":"2025-02-21T15:12:30+00:00","dateModified":"2026-04-14T23:34:32+00:00","breadcrumb":{"@id":"https:\/\/saveurduliban.com\/fr\/product\/carob-syrup\/#breadcrumb"},"inLanguage":"fr-CA","potentialAction":[{"@type":"ReadAction","target":["https:\/\/saveurduliban.com\/fr\/product\/carob-syrup\/"]}]},{"@type":"ImageObject","inLanguage":"fr-CA","@id":"https:\/\/saveurduliban.com\/fr\/product\/carob-syrup\/#primaryimage","url":"https:\/\/saveurduliban.com\/wp-content\/uploads\/2025\/08\/DSC_8998-scaled.jpg","contentUrl":"https:\/\/saveurduliban.com\/wp-content\/uploads\/2025\/08\/DSC_8998-scaled.jpg","width":2048,"height":2560},{"@type":"BreadcrumbList","@id":"https:\/\/saveurduliban.com\/fr\/product\/carob-syrup\/#breadcrumb","itemListElement":[{"@type":"ListItem","position":1,"name":"Home","item":"https:\/\/saveurduliban.com\/"},{"@type":"ListItem","position":2,"name":"Shop","item":"https:\/\/saveurduliban.com\/shop-homemade-goods\/"},{"@type":"ListItem","position":3,"name":"Carob Syrup"}]},{"@type":"WebSite","@id":"https:\/\/saveurduliban.com\/#website","url":"https:\/\/saveurduliban.com\/","name":"Saveurs Du Liban - Taste of Lebanon","description":"Saveurs Du Liban livre des produits faits maison du Liban au Canada. Nos artisans pr\u00e9parent professionnellement des produits savoureux qui contiennent de l'amour et un sentiment d'appartenance \u00e0 la maison.","publisher":{"@id":"https:\/\/saveurduliban.com\/#organization"},"potentialAction":[{"@type":"SearchAction","target":{"@type":"EntryPoint","urlTemplate":"https:\/\/saveurduliban.com\/?s={search_term_string}"},"query-input":{"@type":"PropertyValueSpecification","valueRequired":true,"valueName":"search_term_string"}}],"inLanguage":"fr-CA"},{"@type":"Organization","@id":"https:\/\/saveurduliban.com\/#organization","name":"Saveurs Du Liban - Taste of Lebanon","url":"https:\/\/saveurduliban.com\/","logo":{"@type":"ImageObject","inLanguage":"fr-CA","@id":"https:\/\/saveurduliban.com\/#\/schema\/logo\/image\/","url":"https:\/\/saveurduliban.com\/wp-content\/uploads\/2024\/01\/logo-03-2.png","contentUrl":"https:\/\/saveurduliban.com\/wp-content\/uploads\/2024\/01\/logo-03-2.png","width":480,"height":530,"caption":"Saveurs Du Liban - Taste of Lebanon"},"image":{"@id":"https:\/\/saveurduliban.com\/#\/schema\/logo\/image\/"},"sameAs":["https:\/\/instagram.com\/saveurduliban"]}]}},"jetpack_sharing_enabled":true,"_links":{"self":[{"href":"https:\/\/saveurduliban.com\/fr\/wp-json\/wp\/v2\/product\/1189","targetHints":{"allow":["GET"]}}],"collection":[{"href":"https:\/\/saveurduliban.com\/fr\/wp-json\/wp\/v2\/product"}],"about":[{"href":"https:\/\/saveurduliban.com\/fr\/wp-json\/wp\/v2\/types\/product"}],"replies":[{"embeddable":true,"href":"https:\/\/saveurduliban.com\/fr\/wp-json\/wp\/v2\/comments?post=1189"}],"wp:featuredmedia":[{"embeddable":true,"href":"https:\/\/saveurduliban.com\/fr\/wp-json\/wp\/v2\/media\/6746"}],"wp:attachment":[{"href":"https:\/\/saveurduliban.com\/fr\/wp-json\/wp\/v2\/media?parent=1189"}],"wp:term":[{"taxonomy":"product_brand","embeddable":true,"href":"https:\/\/saveurduliban.com\/fr\/wp-json\/wp\/v2\/product_brand?post=1189"},{"taxonomy":"product_cat","embeddable":true,"href":"https:\/\/saveurduliban.com\/fr\/wp-json\/wp\/v2\/product_cat?post=1189"},{"taxonomy":"product_tag","embeddable":true,"href":"https:\/\/saveurduliban.com\/fr\/wp-json\/wp\/v2\/product_tag?post=1189"}],"curies":[{"name":"wp","href":"https:\/\/api.w.org\/{rel}","templated":true}]}}