{"id":644,"date":"2024-01-21T08:22:16","date_gmt":"2024-01-21T08:22:16","guid":{"rendered":"https:\/\/saveurduliban.com\/?post_type=product&#038;p=644"},"modified":"2025-09-05T15:02:36","modified_gmt":"2025-09-05T15:02:36","slug":"chutney-doignons-au-vin-rouge-chaud","status":"publish","type":"product","link":"https:\/\/saveurduliban.com\/fr\/product\/onion-chutney-with-red-wine-hot\/","title":{"rendered":"Chutney d'oignons libanais maison au vin rouge - Chaud"},"content":{"rendered":"","protected":false},"excerpt":{"rendered":"<p>290mL<\/p>\n<p>Ingr\u00e9dients : oignon, vin rouge, vinaigre de pomme, huile v\u00e9g\u00e9tale, sucre brun non raffin\u00e9, \u00e9pices, herbes et fleur de sel.<\/p>\n<p>Conserver dans un endroit frais, sec et sombre.<\/p>\n<p>Essayez-le avec des viandes grill\u00e9es, des fruits de mer, des pommes de terre au four...<br \/>\n<img decoding=\"async\" src=\"https:\/\/cdn.shopify.com\/s\/files\/1\/0808\/5605\/6109\/files\/onionchutney_480x480.jpg?v=1702743004\" alt=\"\" data-sanitized-data-mce-fragment=\"1\" data-sanitized-data-mce-src=\"https:\/\/cdn.shopify.com\/s\/files\/1\/0808\/5605\/6109\/files\/onionchutney_480x480.jpg?v=1702743004\" \/><\/p>","protected":false},"featured_media":645,"comment_status":"open","ping_status":"closed","template":"","meta":[],"product_brand":[],"product_cat":[31,32],"product_tag":[],"class_list":{"0":"post-644","1":"product","2":"type-product","3":"status-publish","4":"has-post-thumbnail","6":"product_cat-all-products","7":"product_cat-chutney","9":"first","10":"instock","11":"taxable","12":"shipping-taxable","13":"purchasable","14":"product-type-simple"},"yoast_head":"<!-- This site is optimized with the Yoast SEO plugin v27.5 - https:\/\/yoast.com\/product\/yoast-seo-wordpress\/ -->\n<title>Lebanese Homemade Onion Chutney with Red Wine - Hot - Saveurs Du Liban<\/title>\n<meta name=\"robots\" content=\"index, follow, max-snippet:-1, max-image-preview:large, max-video-preview:-1\" \/>\n<link rel=\"canonical\" href=\"https:\/\/saveurduliban.com\/fr\/produit\/chutney-doignons-au-vin-rouge-chaud\/\" \/>\n<meta property=\"og:locale\" content=\"fr_CA\" \/>\n<meta property=\"og:type\" content=\"article\" \/>\n<meta property=\"og:title\" content=\"Lebanese Homemade Onion Chutney with Red Wine - Hot - Saveurs Du Liban\" \/>\n<meta property=\"og:description\" content=\"290mL  Ingredients: onion, red wine, apple vinegar, vegetable oil, unrefined brown sugar, spices, herbs and sea salt flower.  Store in a cool dry and dark place.  Try it with grilled meats, seafood, baked potatoes...\" \/>\n<meta property=\"og:url\" content=\"https:\/\/saveurduliban.com\/fr\/produit\/chutney-doignons-au-vin-rouge-chaud\/\" \/>\n<meta property=\"og:site_name\" content=\"Saveurs Du Liban\" \/>\n<meta property=\"article:modified_time\" content=\"2025-09-05T15:02:36+00:00\" \/>\n<meta property=\"og:image\" content=\"https:\/\/saveurduliban.com\/wp-content\/uploads\/2024\/01\/12-scaled.jpg\" \/>\n\t<meta property=\"og:image:width\" content=\"2560\" \/>\n\t<meta property=\"og:image:height\" content=\"2560\" \/>\n\t<meta property=\"og:image:type\" content=\"image\/jpeg\" \/>\n<meta name=\"twitter:card\" content=\"summary_large_image\" \/>\n<script type=\"application\/ld+json\" class=\"yoast-schema-graph\">{\"@context\":\"https:\\\/\\\/schema.org\",\"@graph\":[{\"@type\":\"WebPage\",\"@id\":\"https:\\\/\\\/saveurduliban.com\\\/product\\\/onion-chutney-with-red-wine-hot\\\/\",\"url\":\"https:\\\/\\\/saveurduliban.com\\\/product\\\/onion-chutney-with-red-wine-hot\\\/\",\"name\":\"Lebanese Homemade Onion Chutney with Red Wine - Hot - Saveurs Du Liban\",\"isPartOf\":{\"@id\":\"https:\\\/\\\/saveurduliban.com\\\/#website\"},\"primaryImageOfPage\":{\"@id\":\"https:\\\/\\\/saveurduliban.com\\\/product\\\/onion-chutney-with-red-wine-hot\\\/#primaryimage\"},\"image\":{\"@id\":\"https:\\\/\\\/saveurduliban.com\\\/product\\\/onion-chutney-with-red-wine-hot\\\/#primaryimage\"},\"thumbnailUrl\":\"https:\\\/\\\/saveurduliban.com\\\/wp-content\\\/uploads\\\/2024\\\/01\\\/12-scaled.jpg\",\"datePublished\":\"2024-01-21T08:22:16+00:00\",\"dateModified\":\"2025-09-05T15:02:36+00:00\",\"breadcrumb\":{\"@id\":\"https:\\\/\\\/saveurduliban.com\\\/product\\\/onion-chutney-with-red-wine-hot\\\/#breadcrumb\"},\"inLanguage\":\"fr-CA\",\"potentialAction\":[{\"@type\":\"ReadAction\",\"target\":[\"https:\\\/\\\/saveurduliban.com\\\/product\\\/onion-chutney-with-red-wine-hot\\\/\"]}]},{\"@type\":\"ImageObject\",\"inLanguage\":\"fr-CA\",\"@id\":\"https:\\\/\\\/saveurduliban.com\\\/product\\\/onion-chutney-with-red-wine-hot\\\/#primaryimage\",\"url\":\"https:\\\/\\\/saveurduliban.com\\\/wp-content\\\/uploads\\\/2024\\\/01\\\/12-scaled.jpg\",\"contentUrl\":\"https:\\\/\\\/saveurduliban.com\\\/wp-content\\\/uploads\\\/2024\\\/01\\\/12-scaled.jpg\",\"width\":2560,\"height\":2560},{\"@type\":\"BreadcrumbList\",\"@id\":\"https:\\\/\\\/saveurduliban.com\\\/product\\\/onion-chutney-with-red-wine-hot\\\/#breadcrumb\",\"itemListElement\":[{\"@type\":\"ListItem\",\"position\":1,\"name\":\"Home\",\"item\":\"https:\\\/\\\/saveurduliban.com\\\/\"},{\"@type\":\"ListItem\",\"position\":2,\"name\":\"Shop\",\"item\":\"https:\\\/\\\/saveurduliban.com\\\/shop-homemade-goods\\\/\"},{\"@type\":\"ListItem\",\"position\":3,\"name\":\"Lebanese Homemade Onion Chutney with Red Wine &#8211; Hot\"}]},{\"@type\":\"WebSite\",\"@id\":\"https:\\\/\\\/saveurduliban.com\\\/#website\",\"url\":\"https:\\\/\\\/saveurduliban.com\\\/\",\"name\":\"Saveurs Du Liban - Taste of Lebanon\",\"description\":\"Saveurs Du Liban delivers homemade goods from Lebanon to Canada. Our artisans professionally prepare tasty goods that contain love and a feel of home.\",\"publisher\":{\"@id\":\"https:\\\/\\\/saveurduliban.com\\\/#organization\"},\"potentialAction\":[{\"@type\":\"SearchAction\",\"target\":{\"@type\":\"EntryPoint\",\"urlTemplate\":\"https:\\\/\\\/saveurduliban.com\\\/?s={search_term_string}\"},\"query-input\":{\"@type\":\"PropertyValueSpecification\",\"valueRequired\":true,\"valueName\":\"search_term_string\"}}],\"inLanguage\":\"fr-CA\"},{\"@type\":\"Organization\",\"@id\":\"https:\\\/\\\/saveurduliban.com\\\/#organization\",\"name\":\"Saveurs Du Liban - Taste of Lebanon\",\"url\":\"https:\\\/\\\/saveurduliban.com\\\/\",\"logo\":{\"@type\":\"ImageObject\",\"inLanguage\":\"fr-CA\",\"@id\":\"https:\\\/\\\/saveurduliban.com\\\/#\\\/schema\\\/logo\\\/image\\\/\",\"url\":\"https:\\\/\\\/saveurduliban.com\\\/wp-content\\\/uploads\\\/2024\\\/01\\\/logo-03-2.png\",\"contentUrl\":\"https:\\\/\\\/saveurduliban.com\\\/wp-content\\\/uploads\\\/2024\\\/01\\\/logo-03-2.png\",\"width\":480,\"height\":530,\"caption\":\"Saveurs Du Liban - Taste of Lebanon\"},\"image\":{\"@id\":\"https:\\\/\\\/saveurduliban.com\\\/#\\\/schema\\\/logo\\\/image\\\/\"},\"sameAs\":[\"https:\\\/\\\/instagram.com\\\/saveurduliban\"]}]}<\/script>\n<!-- \/ Yoast SEO plugin. -->","yoast_head_json":{"title":"Lebanese Homemade Onion Chutney with Red Wine - Hot - Saveurs Du Liban","robots":{"index":"index","follow":"follow","max-snippet":"max-snippet:-1","max-image-preview":"max-image-preview:large","max-video-preview":"max-video-preview:-1"},"canonical":"https:\/\/saveurduliban.com\/fr\/produit\/chutney-doignons-au-vin-rouge-chaud\/","og_locale":"fr_CA","og_type":"article","og_title":"Lebanese Homemade Onion Chutney with Red Wine - Hot - Saveurs Du Liban","og_description":"290mL  Ingredients: onion, red wine, apple vinegar, vegetable oil, unrefined brown sugar, spices, herbs and sea salt flower.  Store in a cool dry and dark place.  Try it with grilled meats, seafood, baked potatoes...","og_url":"https:\/\/saveurduliban.com\/fr\/produit\/chutney-doignons-au-vin-rouge-chaud\/","og_site_name":"Saveurs Du Liban","article_modified_time":"2025-09-05T15:02:36+00:00","og_image":[{"width":2560,"height":2560,"url":"https:\/\/saveurduliban.com\/wp-content\/uploads\/2024\/01\/12-scaled.jpg","type":"image\/jpeg"}],"twitter_card":"summary_large_image","schema":{"@context":"https:\/\/schema.org","@graph":[{"@type":"WebPage","@id":"https:\/\/saveurduliban.com\/product\/onion-chutney-with-red-wine-hot\/","url":"https:\/\/saveurduliban.com\/product\/onion-chutney-with-red-wine-hot\/","name":"Lebanese Homemade Onion Chutney with Red Wine - Hot - Saveurs Du Liban","isPartOf":{"@id":"https:\/\/saveurduliban.com\/#website"},"primaryImageOfPage":{"@id":"https:\/\/saveurduliban.com\/product\/onion-chutney-with-red-wine-hot\/#primaryimage"},"image":{"@id":"https:\/\/saveurduliban.com\/product\/onion-chutney-with-red-wine-hot\/#primaryimage"},"thumbnailUrl":"https:\/\/saveurduliban.com\/wp-content\/uploads\/2024\/01\/12-scaled.jpg","datePublished":"2024-01-21T08:22:16+00:00","dateModified":"2025-09-05T15:02:36+00:00","breadcrumb":{"@id":"https:\/\/saveurduliban.com\/product\/onion-chutney-with-red-wine-hot\/#breadcrumb"},"inLanguage":"fr-CA","potentialAction":[{"@type":"ReadAction","target":["https:\/\/saveurduliban.com\/product\/onion-chutney-with-red-wine-hot\/"]}]},{"@type":"ImageObject","inLanguage":"fr-CA","@id":"https:\/\/saveurduliban.com\/product\/onion-chutney-with-red-wine-hot\/#primaryimage","url":"https:\/\/saveurduliban.com\/wp-content\/uploads\/2024\/01\/12-scaled.jpg","contentUrl":"https:\/\/saveurduliban.com\/wp-content\/uploads\/2024\/01\/12-scaled.jpg","width":2560,"height":2560},{"@type":"BreadcrumbList","@id":"https:\/\/saveurduliban.com\/product\/onion-chutney-with-red-wine-hot\/#breadcrumb","itemListElement":[{"@type":"ListItem","position":1,"name":"Home","item":"https:\/\/saveurduliban.com\/"},{"@type":"ListItem","position":2,"name":"Shop","item":"https:\/\/saveurduliban.com\/shop-homemade-goods\/"},{"@type":"ListItem","position":3,"name":"Lebanese Homemade Onion Chutney with Red Wine &#8211; Hot"}]},{"@type":"WebSite","@id":"https:\/\/saveurduliban.com\/#website","url":"https:\/\/saveurduliban.com\/","name":"Saveurs Du Liban - Taste of Lebanon","description":"Saveurs Du Liban livre des produits faits maison du Liban au Canada. Nos artisans pr\u00e9parent professionnellement des produits savoureux qui contiennent de l'amour et un sentiment d'appartenance \u00e0 la maison.","publisher":{"@id":"https:\/\/saveurduliban.com\/#organization"},"potentialAction":[{"@type":"SearchAction","target":{"@type":"EntryPoint","urlTemplate":"https:\/\/saveurduliban.com\/?s={search_term_string}"},"query-input":{"@type":"PropertyValueSpecification","valueRequired":true,"valueName":"search_term_string"}}],"inLanguage":"fr-CA"},{"@type":"Organization","@id":"https:\/\/saveurduliban.com\/#organization","name":"Saveurs Du Liban - Taste of Lebanon","url":"https:\/\/saveurduliban.com\/","logo":{"@type":"ImageObject","inLanguage":"fr-CA","@id":"https:\/\/saveurduliban.com\/#\/schema\/logo\/image\/","url":"https:\/\/saveurduliban.com\/wp-content\/uploads\/2024\/01\/logo-03-2.png","contentUrl":"https:\/\/saveurduliban.com\/wp-content\/uploads\/2024\/01\/logo-03-2.png","width":480,"height":530,"caption":"Saveurs Du Liban - Taste of Lebanon"},"image":{"@id":"https:\/\/saveurduliban.com\/#\/schema\/logo\/image\/"},"sameAs":["https:\/\/instagram.com\/saveurduliban"]}]}},"jetpack_sharing_enabled":true,"_links":{"self":[{"href":"https:\/\/saveurduliban.com\/fr\/wp-json\/wp\/v2\/product\/644","targetHints":{"allow":["GET"]}}],"collection":[{"href":"https:\/\/saveurduliban.com\/fr\/wp-json\/wp\/v2\/product"}],"about":[{"href":"https:\/\/saveurduliban.com\/fr\/wp-json\/wp\/v2\/types\/product"}],"replies":[{"embeddable":true,"href":"https:\/\/saveurduliban.com\/fr\/wp-json\/wp\/v2\/comments?post=644"}],"wp:featuredmedia":[{"embeddable":true,"href":"https:\/\/saveurduliban.com\/fr\/wp-json\/wp\/v2\/media\/645"}],"wp:attachment":[{"href":"https:\/\/saveurduliban.com\/fr\/wp-json\/wp\/v2\/media?parent=644"}],"wp:term":[{"taxonomy":"product_brand","embeddable":true,"href":"https:\/\/saveurduliban.com\/fr\/wp-json\/wp\/v2\/product_brand?post=644"},{"taxonomy":"product_cat","embeddable":true,"href":"https:\/\/saveurduliban.com\/fr\/wp-json\/wp\/v2\/product_cat?post=644"},{"taxonomy":"product_tag","embeddable":true,"href":"https:\/\/saveurduliban.com\/fr\/wp-json\/wp\/v2\/product_tag?post=644"}],"curies":[{"name":"wp","href":"https:\/\/api.w.org\/{rel}","templated":true}]}}