{"id":647,"date":"2024-01-21T08:27:25","date_gmt":"2024-01-21T08:27:25","guid":{"rendered":"https:\/\/saveurduliban.com\/?post_type=product&#038;p=647"},"modified":"2026-04-24T23:21:31","modified_gmt":"2026-04-24T23:21:31","slug":"fleur-doranger","status":"publish","type":"product","link":"https:\/\/saveurduliban.com\/fr\/product\/orange-blossom\/","title":{"rendered":"Fleur d'oranger"},"content":{"rendered":"<p><img decoding=\"async\" src=\"https:\/\/cdn.shopify.com\/s\/files\/1\/0808\/5605\/6109\/files\/OrangeBlossom_480x480.jpg?v=1702386678\" alt=\"ingr\u00e9dients de la fleur d&#039;oranger\" data-sanitized-data-mce-fragment=\"1\" data-sanitized-data-mce-src=\"https:\/\/cdn.shopify.com\/s\/files\/1\/0808\/5605\/6109\/files\/OrangeBlossom_480x480.jpg?v=1702386678\" \/><\/p>","protected":false},"excerpt":{"rendered":"<p>Lumineux, parfum\u00e9 et authentiquement libanais.<\/p>\n<p data-start=\"567\" data-end=\"859\">Notre eau de fleur d'oranger libanaise est soigneusement distill\u00e9e \u00e0 partir de fleurs d'oranger gorg\u00e9es de soleil, capturant ainsi leur parfum naturel et leur douce saveur. Son utilisation la plus populaire est dans <strong data-start=\"769\" data-end=\"801\">Caf\u00e9 blanc\u201c de la M\u00e9diterran\u00e9e\u201d<\/strong>-Une simple infusion d'eau chaude qui apaise et rafra\u00eechit.<\/p>\n<p data-start=\"861\" data-end=\"1129\">Au-del\u00e0 du caf\u00e9 blanc classique, il peut rehausser d\u00e9licatement des desserts tels que <strong data-start=\"930\" data-end=\"964\">ma'amoul, baklava ou biscuits<\/strong>, Il peut \u00eatre utilis\u00e9 dans les p\u00e2tisseries et les boissons pour leur donner une note florale d\u00e9licate. Sans conservateurs, ar\u00f4mes artificiels ou additifs, il s'agit d'un aliment de base pur et polyvalent.<\/p>\n<p data-start=\"1739\" data-end=\"1791\"><strong data-start=\"1739\" data-end=\"1755\">Ingr\u00e9dients :<\/strong><br data-start=\"1755\" data-end=\"1758\" \/>100% fleurs d'oranger distill\u00e9es.<\/p>\n<p data-start=\"1739\" data-end=\"1791\">Conserver dans un endroit frais, sec et sombre pour pr\u00e9server la fra\u00eecheur et l'ar\u00f4me.<\/p>","protected":false},"featured_media":6744,"comment_status":"open","ping_status":"closed","template":"","meta":[],"product_brand":[],"product_cat":[31,38],"product_tag":[],"class_list":{"0":"post-647","1":"product","2":"type-product","3":"status-publish","4":"has-post-thumbnail","6":"product_cat-all-products","7":"product_cat-floral-waters-and-extracts","9":"first","10":"instock","11":"taxable","12":"shipping-taxable","13":"purchasable","14":"product-type-variable"},"yoast_head":"<!-- This site is optimized with the Yoast SEO plugin v27.5 - https:\/\/yoast.com\/product\/yoast-seo-wordpress\/ -->\n<title>Orange Blossom - Saveurs Du Liban<\/title>\n<meta name=\"robots\" content=\"index, follow, max-snippet:-1, max-image-preview:large, max-video-preview:-1\" \/>\n<link rel=\"canonical\" href=\"https:\/\/saveurduliban.com\/fr\/produit\/fleur-doranger\/\" \/>\n<meta property=\"og:locale\" content=\"fr_CA\" \/>\n<meta property=\"og:type\" content=\"article\" \/>\n<meta property=\"og:title\" content=\"Orange Blossom - Saveurs Du Liban\" \/>\n<meta property=\"og:description\" content=\"Bright, fragrant, and authentically Lebanese. Our Lebanese Orange Blossom Water is carefully distilled from sun-kissed orange blossoms, capturing their natural fragrance and gentle flavor. Its most popular use is in Mediterranean \u201cWhite Coffee\u201d\u2014a simple hot water infusion that soothes and refreshes. Beyond the classic white coffee, it can gently enhance desserts like ma\u2019amoul, baklava, or biscuits, and add a delicate floral note to baked goods or beverages. Free from preservatives, artificial flavors, or additives, it is a pure and versatile kitchen staple. Ingredients:100% distilled orange blossoms. Store in a cool, dry, and dark place to preserve freshness and aroma.\" \/>\n<meta property=\"og:url\" content=\"https:\/\/saveurduliban.com\/fr\/produit\/fleur-doranger\/\" \/>\n<meta property=\"og:site_name\" content=\"Saveurs Du Liban\" \/>\n<meta property=\"article:modified_time\" content=\"2026-04-24T23:21:31+00:00\" \/>\n<meta property=\"og:image\" content=\"https:\/\/saveurduliban.com\/wp-content\/uploads\/2025\/08\/DSC_8994-scaled-e1757007449604.jpg\" \/>\n\t<meta property=\"og:image:width\" content=\"1015\" \/>\n\t<meta property=\"og:image:height\" content=\"1270\" \/>\n\t<meta property=\"og:image:type\" content=\"image\/jpeg\" \/>\n<meta name=\"twitter:card\" content=\"summary_large_image\" \/>\n<meta name=\"twitter:label1\" content=\"Estimation du temps de lecture\" \/>\n\t<meta name=\"twitter:data1\" content=\"1 minute\" \/>\n<script type=\"application\/ld+json\" class=\"yoast-schema-graph\">{\"@context\":\"https:\\\/\\\/schema.org\",\"@graph\":[{\"@type\":\"WebPage\",\"@id\":\"https:\\\/\\\/saveurduliban.com\\\/product\\\/orange-blossom\\\/\",\"url\":\"https:\\\/\\\/saveurduliban.com\\\/product\\\/orange-blossom\\\/\",\"name\":\"Orange Blossom - Saveurs Du Liban\",\"isPartOf\":{\"@id\":\"https:\\\/\\\/saveurduliban.com\\\/#website\"},\"primaryImageOfPage\":{\"@id\":\"https:\\\/\\\/saveurduliban.com\\\/product\\\/orange-blossom\\\/#primaryimage\"},\"image\":{\"@id\":\"https:\\\/\\\/saveurduliban.com\\\/product\\\/orange-blossom\\\/#primaryimage\"},\"thumbnailUrl\":\"https:\\\/\\\/saveurduliban.com\\\/wp-content\\\/uploads\\\/2025\\\/08\\\/DSC_8994-scaled-e1757007449604.jpg\",\"datePublished\":\"2024-01-21T08:27:25+00:00\",\"dateModified\":\"2026-04-24T23:21:31+00:00\",\"breadcrumb\":{\"@id\":\"https:\\\/\\\/saveurduliban.com\\\/product\\\/orange-blossom\\\/#breadcrumb\"},\"inLanguage\":\"fr-CA\",\"potentialAction\":[{\"@type\":\"ReadAction\",\"target\":[\"https:\\\/\\\/saveurduliban.com\\\/product\\\/orange-blossom\\\/\"]}]},{\"@type\":\"ImageObject\",\"inLanguage\":\"fr-CA\",\"@id\":\"https:\\\/\\\/saveurduliban.com\\\/product\\\/orange-blossom\\\/#primaryimage\",\"url\":\"https:\\\/\\\/saveurduliban.com\\\/wp-content\\\/uploads\\\/2025\\\/08\\\/DSC_8994-scaled-e1757007449604.jpg\",\"contentUrl\":\"https:\\\/\\\/saveurduliban.com\\\/wp-content\\\/uploads\\\/2025\\\/08\\\/DSC_8994-scaled-e1757007449604.jpg\",\"width\":1015,\"height\":1270},{\"@type\":\"BreadcrumbList\",\"@id\":\"https:\\\/\\\/saveurduliban.com\\\/product\\\/orange-blossom\\\/#breadcrumb\",\"itemListElement\":[{\"@type\":\"ListItem\",\"position\":1,\"name\":\"Home\",\"item\":\"https:\\\/\\\/saveurduliban.com\\\/\"},{\"@type\":\"ListItem\",\"position\":2,\"name\":\"Shop\",\"item\":\"https:\\\/\\\/saveurduliban.com\\\/shop-homemade-goods\\\/\"},{\"@type\":\"ListItem\",\"position\":3,\"name\":\"Orange Blossom\"}]},{\"@type\":\"WebSite\",\"@id\":\"https:\\\/\\\/saveurduliban.com\\\/#website\",\"url\":\"https:\\\/\\\/saveurduliban.com\\\/\",\"name\":\"Saveurs Du Liban - Taste of Lebanon\",\"description\":\"Saveurs Du Liban delivers homemade goods from Lebanon to Canada. Our artisans professionally prepare tasty goods that contain love and a feel of home.\",\"publisher\":{\"@id\":\"https:\\\/\\\/saveurduliban.com\\\/#organization\"},\"potentialAction\":[{\"@type\":\"SearchAction\",\"target\":{\"@type\":\"EntryPoint\",\"urlTemplate\":\"https:\\\/\\\/saveurduliban.com\\\/?s={search_term_string}\"},\"query-input\":{\"@type\":\"PropertyValueSpecification\",\"valueRequired\":true,\"valueName\":\"search_term_string\"}}],\"inLanguage\":\"fr-CA\"},{\"@type\":\"Organization\",\"@id\":\"https:\\\/\\\/saveurduliban.com\\\/#organization\",\"name\":\"Saveurs Du Liban - Taste of Lebanon\",\"url\":\"https:\\\/\\\/saveurduliban.com\\\/\",\"logo\":{\"@type\":\"ImageObject\",\"inLanguage\":\"fr-CA\",\"@id\":\"https:\\\/\\\/saveurduliban.com\\\/#\\\/schema\\\/logo\\\/image\\\/\",\"url\":\"https:\\\/\\\/saveurduliban.com\\\/wp-content\\\/uploads\\\/2024\\\/01\\\/logo-03-2.png\",\"contentUrl\":\"https:\\\/\\\/saveurduliban.com\\\/wp-content\\\/uploads\\\/2024\\\/01\\\/logo-03-2.png\",\"width\":480,\"height\":530,\"caption\":\"Saveurs Du Liban - Taste of Lebanon\"},\"image\":{\"@id\":\"https:\\\/\\\/saveurduliban.com\\\/#\\\/schema\\\/logo\\\/image\\\/\"},\"sameAs\":[\"https:\\\/\\\/instagram.com\\\/saveurduliban\"]}]}<\/script>\n<!-- \/ Yoast SEO plugin. -->","yoast_head_json":{"title":"Orange Blossom - Saveurs Du Liban","robots":{"index":"index","follow":"follow","max-snippet":"max-snippet:-1","max-image-preview":"max-image-preview:large","max-video-preview":"max-video-preview:-1"},"canonical":"https:\/\/saveurduliban.com\/fr\/produit\/fleur-doranger\/","og_locale":"fr_CA","og_type":"article","og_title":"Orange Blossom - Saveurs Du Liban","og_description":"Bright, fragrant, and authentically Lebanese. Our Lebanese Orange Blossom Water is carefully distilled from sun-kissed orange blossoms, capturing their natural fragrance and gentle flavor. Its most popular use is in Mediterranean \u201cWhite Coffee\u201d\u2014a simple hot water infusion that soothes and refreshes. Beyond the classic white coffee, it can gently enhance desserts like ma\u2019amoul, baklava, or biscuits, and add a delicate floral note to baked goods or beverages. Free from preservatives, artificial flavors, or additives, it is a pure and versatile kitchen staple. Ingredients:100% distilled orange blossoms. Store in a cool, dry, and dark place to preserve freshness and aroma.","og_url":"https:\/\/saveurduliban.com\/fr\/produit\/fleur-doranger\/","og_site_name":"Saveurs Du Liban","article_modified_time":"2026-04-24T23:21:31+00:00","og_image":[{"width":1015,"height":1270,"url":"https:\/\/saveurduliban.com\/wp-content\/uploads\/2025\/08\/DSC_8994-scaled-e1757007449604.jpg","type":"image\/jpeg"}],"twitter_card":"summary_large_image","twitter_misc":{"Estimation du temps de lecture":"1 minute"},"schema":{"@context":"https:\/\/schema.org","@graph":[{"@type":"WebPage","@id":"https:\/\/saveurduliban.com\/product\/orange-blossom\/","url":"https:\/\/saveurduliban.com\/product\/orange-blossom\/","name":"Orange Blossom - Saveurs Du Liban","isPartOf":{"@id":"https:\/\/saveurduliban.com\/#website"},"primaryImageOfPage":{"@id":"https:\/\/saveurduliban.com\/product\/orange-blossom\/#primaryimage"},"image":{"@id":"https:\/\/saveurduliban.com\/product\/orange-blossom\/#primaryimage"},"thumbnailUrl":"https:\/\/saveurduliban.com\/wp-content\/uploads\/2025\/08\/DSC_8994-scaled-e1757007449604.jpg","datePublished":"2024-01-21T08:27:25+00:00","dateModified":"2026-04-24T23:21:31+00:00","breadcrumb":{"@id":"https:\/\/saveurduliban.com\/product\/orange-blossom\/#breadcrumb"},"inLanguage":"fr-CA","potentialAction":[{"@type":"ReadAction","target":["https:\/\/saveurduliban.com\/product\/orange-blossom\/"]}]},{"@type":"ImageObject","inLanguage":"fr-CA","@id":"https:\/\/saveurduliban.com\/product\/orange-blossom\/#primaryimage","url":"https:\/\/saveurduliban.com\/wp-content\/uploads\/2025\/08\/DSC_8994-scaled-e1757007449604.jpg","contentUrl":"https:\/\/saveurduliban.com\/wp-content\/uploads\/2025\/08\/DSC_8994-scaled-e1757007449604.jpg","width":1015,"height":1270},{"@type":"BreadcrumbList","@id":"https:\/\/saveurduliban.com\/product\/orange-blossom\/#breadcrumb","itemListElement":[{"@type":"ListItem","position":1,"name":"Home","item":"https:\/\/saveurduliban.com\/"},{"@type":"ListItem","position":2,"name":"Shop","item":"https:\/\/saveurduliban.com\/shop-homemade-goods\/"},{"@type":"ListItem","position":3,"name":"Orange Blossom"}]},{"@type":"WebSite","@id":"https:\/\/saveurduliban.com\/#website","url":"https:\/\/saveurduliban.com\/","name":"Saveurs Du Liban - Taste of Lebanon","description":"Saveurs Du Liban livre des produits faits maison du Liban au Canada. Nos artisans pr\u00e9parent professionnellement des produits savoureux qui contiennent de l'amour et un sentiment d'appartenance \u00e0 la maison.","publisher":{"@id":"https:\/\/saveurduliban.com\/#organization"},"potentialAction":[{"@type":"SearchAction","target":{"@type":"EntryPoint","urlTemplate":"https:\/\/saveurduliban.com\/?s={search_term_string}"},"query-input":{"@type":"PropertyValueSpecification","valueRequired":true,"valueName":"search_term_string"}}],"inLanguage":"fr-CA"},{"@type":"Organization","@id":"https:\/\/saveurduliban.com\/#organization","name":"Saveurs Du Liban - Taste of Lebanon","url":"https:\/\/saveurduliban.com\/","logo":{"@type":"ImageObject","inLanguage":"fr-CA","@id":"https:\/\/saveurduliban.com\/#\/schema\/logo\/image\/","url":"https:\/\/saveurduliban.com\/wp-content\/uploads\/2024\/01\/logo-03-2.png","contentUrl":"https:\/\/saveurduliban.com\/wp-content\/uploads\/2024\/01\/logo-03-2.png","width":480,"height":530,"caption":"Saveurs Du Liban - Taste of Lebanon"},"image":{"@id":"https:\/\/saveurduliban.com\/#\/schema\/logo\/image\/"},"sameAs":["https:\/\/instagram.com\/saveurduliban"]}]}},"jetpack_sharing_enabled":true,"_links":{"self":[{"href":"https:\/\/saveurduliban.com\/fr\/wp-json\/wp\/v2\/product\/647","targetHints":{"allow":["GET"]}}],"collection":[{"href":"https:\/\/saveurduliban.com\/fr\/wp-json\/wp\/v2\/product"}],"about":[{"href":"https:\/\/saveurduliban.com\/fr\/wp-json\/wp\/v2\/types\/product"}],"replies":[{"embeddable":true,"href":"https:\/\/saveurduliban.com\/fr\/wp-json\/wp\/v2\/comments?post=647"}],"wp:featuredmedia":[{"embeddable":true,"href":"https:\/\/saveurduliban.com\/fr\/wp-json\/wp\/v2\/media\/6744"}],"wp:attachment":[{"href":"https:\/\/saveurduliban.com\/fr\/wp-json\/wp\/v2\/media?parent=647"}],"wp:term":[{"taxonomy":"product_brand","embeddable":true,"href":"https:\/\/saveurduliban.com\/fr\/wp-json\/wp\/v2\/product_brand?post=647"},{"taxonomy":"product_cat","embeddable":true,"href":"https:\/\/saveurduliban.com\/fr\/wp-json\/wp\/v2\/product_cat?post=647"},{"taxonomy":"product_tag","embeddable":true,"href":"https:\/\/saveurduliban.com\/fr\/wp-json\/wp\/v2\/product_tag?post=647"}],"curies":[{"name":"wp","href":"https:\/\/api.w.org\/{rel}","templated":true}]}}