{"id":665,"date":"2024-01-21T08:44:54","date_gmt":"2024-01-21T08:44:54","guid":{"rendered":"https:\/\/saveurduliban.com\/?post_type=product&#038;p=665"},"modified":"2026-04-24T23:21:28","modified_gmt":"2026-04-24T23:21:28","slug":"melasse-de-grenade","status":"publish","type":"product","link":"https:\/\/saveurduliban.com\/fr\/product\/pomegranate-molasses\/","title":{"rendered":"M\u00e9lasse de grenade"},"content":{"rendered":"<p><img decoding=\"async\" src=\"https:\/\/cdn.shopify.com\/s\/files\/1\/0808\/5605\/6109\/files\/pomegranatemolasses_480x480.jpg?v=1702387153\" alt=\"\" data-sanitized-data-mce-fragment=\"1\" data-sanitized-data-mce-src=\"https:\/\/cdn.shopify.com\/s\/files\/1\/0808\/5605\/6109\/files\/pomegranatemolasses_480x480.jpg?v=1702387153\" \/><\/p>","protected":false},"excerpt":{"rendered":"<p data-start=\"204\" data-end=\"267\">Piquant, sucr\u00e9 et audacieux - un vrai produit de base libanais.<\/p>\n<p data-start=\"269\" data-end=\"485\">Notre m\u00e9lasse de grenade libanaise est fabriqu\u00e9e en r\u00e9duisant lentement du jus de grenade pur en un sirop riche et velout\u00e9 avec un \u00e9quilibre parfait entre le piquant et le sucr\u00e9. Pierre angulaire de la cuisine du Moyen-Orient, elle donne de la profondeur et de l'\u00e9clat aux plats sal\u00e9s et aux marinades.<\/p>\n<p data-start=\"269\" data-end=\"485\">Contrairement aux sirops du commerce, notre m\u00e9lasse ne contient ni sucre ajout\u00e9 ni conservateur - juste un pur ar\u00f4me de fruit. Qu'elle soit utilis\u00e9e dans une simple vinaigrette ou pour enrichir des recettes libanaises traditionnelles telles que <strong data-start=\"995\" data-end=\"1007\">fattoush<\/strong>, Il apporte un go\u00fbt audacieux et authentique \u00e0 votre cuisine.<\/p>\n<p data-start=\"269\" data-end=\"485\"><strong>Ingr\u00e9dients<\/strong>: Jus de grenade naturel, sel de mer.<\/p>\n<p data-start=\"269\" data-end=\"485\">Conserver dans un endroit frais et sec, \u00e0 l'abri de la lumi\u00e8re directe du soleil. R\u00e9frig\u00e9rer apr\u00e8s ouverture.<\/p>","protected":false},"featured_media":6748,"comment_status":"open","ping_status":"closed","template":"","meta":[],"product_brand":[],"product_cat":[31,40,37],"product_tag":[],"class_list":{"0":"post-665","1":"product","2":"type-product","3":"status-publish","4":"has-post-thumbnail","6":"product_cat-all-products","7":"product_cat-best-sellers","8":"product_cat-molasses","10":"first","11":"instock","12":"taxable","13":"shipping-taxable","14":"purchasable","15":"product-type-variable"},"yoast_head":"<!-- This site is optimized with the Yoast SEO plugin v27.5 - https:\/\/yoast.com\/product\/yoast-seo-wordpress\/ -->\n<title>Pomegranate Molasses - Saveurs Du Liban<\/title>\n<meta name=\"robots\" content=\"index, follow, max-snippet:-1, max-image-preview:large, max-video-preview:-1\" \/>\n<link rel=\"canonical\" href=\"https:\/\/saveurduliban.com\/fr\/produit\/melasse-de-grenade\/\" \/>\n<meta property=\"og:locale\" content=\"fr_CA\" \/>\n<meta property=\"og:type\" content=\"article\" \/>\n<meta property=\"og:title\" content=\"Pomegranate Molasses - Saveurs Du Liban\" \/>\n<meta property=\"og:description\" content=\"Tangy, sweet, and bold \u2014 a true Lebanese staple. Our Lebanese Pomegranate Molasses is made by slowly reducing pure pomegranate juice into a rich, velvety syrup with the perfect balance of tanginess and sweetness. A cornerstone of Middle Eastern cuisine, it adds depth and brightness to savory dishes, and marinades. Unlike commercial syrups, our molasses contains no added sugar or preservatives\u2014just pure fruit flavor. Whether used in a simple salad dressing or to enrich traditional Lebanese recipes like fattoush, it brings a bold, authentic taste to your kitchen. Ingredients: Natural Pomegranate juice, Sea salt. Store in a cool, dry place away from direct sunlight. Refrigerate after opening.\" \/>\n<meta property=\"og:url\" content=\"https:\/\/saveurduliban.com\/fr\/produit\/melasse-de-grenade\/\" \/>\n<meta property=\"og:site_name\" content=\"Saveurs Du Liban\" \/>\n<meta property=\"article:modified_time\" content=\"2026-04-24T23:21:28+00:00\" \/>\n<meta property=\"og:image\" content=\"https:\/\/saveurduliban.com\/wp-content\/uploads\/2025\/08\/DSC_9004-scaled.jpg\" \/>\n\t<meta property=\"og:image:width\" content=\"2048\" \/>\n\t<meta property=\"og:image:height\" content=\"2560\" \/>\n\t<meta property=\"og:image:type\" content=\"image\/jpeg\" \/>\n<meta name=\"twitter:card\" content=\"summary_large_image\" \/>\n<meta name=\"twitter:label1\" content=\"Estimation du temps de lecture\" \/>\n\t<meta name=\"twitter:data1\" content=\"1 minute\" \/>\n<script type=\"application\/ld+json\" class=\"yoast-schema-graph\">{\"@context\":\"https:\\\/\\\/schema.org\",\"@graph\":[{\"@type\":\"WebPage\",\"@id\":\"https:\\\/\\\/saveurduliban.com\\\/product\\\/pomegranate-molasses\\\/\",\"url\":\"https:\\\/\\\/saveurduliban.com\\\/product\\\/pomegranate-molasses\\\/\",\"name\":\"Pomegranate Molasses - Saveurs Du Liban\",\"isPartOf\":{\"@id\":\"https:\\\/\\\/saveurduliban.com\\\/#website\"},\"primaryImageOfPage\":{\"@id\":\"https:\\\/\\\/saveurduliban.com\\\/product\\\/pomegranate-molasses\\\/#primaryimage\"},\"image\":{\"@id\":\"https:\\\/\\\/saveurduliban.com\\\/product\\\/pomegranate-molasses\\\/#primaryimage\"},\"thumbnailUrl\":\"https:\\\/\\\/saveurduliban.com\\\/wp-content\\\/uploads\\\/2025\\\/08\\\/DSC_9004-scaled.jpg\",\"datePublished\":\"2024-01-21T08:44:54+00:00\",\"dateModified\":\"2026-04-24T23:21:28+00:00\",\"breadcrumb\":{\"@id\":\"https:\\\/\\\/saveurduliban.com\\\/product\\\/pomegranate-molasses\\\/#breadcrumb\"},\"inLanguage\":\"fr-CA\",\"potentialAction\":[{\"@type\":\"ReadAction\",\"target\":[\"https:\\\/\\\/saveurduliban.com\\\/product\\\/pomegranate-molasses\\\/\"]}]},{\"@type\":\"ImageObject\",\"inLanguage\":\"fr-CA\",\"@id\":\"https:\\\/\\\/saveurduliban.com\\\/product\\\/pomegranate-molasses\\\/#primaryimage\",\"url\":\"https:\\\/\\\/saveurduliban.com\\\/wp-content\\\/uploads\\\/2025\\\/08\\\/DSC_9004-scaled.jpg\",\"contentUrl\":\"https:\\\/\\\/saveurduliban.com\\\/wp-content\\\/uploads\\\/2025\\\/08\\\/DSC_9004-scaled.jpg\",\"width\":2048,\"height\":2560},{\"@type\":\"BreadcrumbList\",\"@id\":\"https:\\\/\\\/saveurduliban.com\\\/product\\\/pomegranate-molasses\\\/#breadcrumb\",\"itemListElement\":[{\"@type\":\"ListItem\",\"position\":1,\"name\":\"Home\",\"item\":\"https:\\\/\\\/saveurduliban.com\\\/\"},{\"@type\":\"ListItem\",\"position\":2,\"name\":\"Shop\",\"item\":\"https:\\\/\\\/saveurduliban.com\\\/shop-homemade-goods\\\/\"},{\"@type\":\"ListItem\",\"position\":3,\"name\":\"Pomegranate Molasses\"}]},{\"@type\":\"WebSite\",\"@id\":\"https:\\\/\\\/saveurduliban.com\\\/#website\",\"url\":\"https:\\\/\\\/saveurduliban.com\\\/\",\"name\":\"Saveurs Du Liban - Taste of Lebanon\",\"description\":\"Saveurs Du Liban delivers homemade goods from Lebanon to Canada. Our artisans professionally prepare tasty goods that contain love and a feel of home.\",\"publisher\":{\"@id\":\"https:\\\/\\\/saveurduliban.com\\\/#organization\"},\"potentialAction\":[{\"@type\":\"SearchAction\",\"target\":{\"@type\":\"EntryPoint\",\"urlTemplate\":\"https:\\\/\\\/saveurduliban.com\\\/?s={search_term_string}\"},\"query-input\":{\"@type\":\"PropertyValueSpecification\",\"valueRequired\":true,\"valueName\":\"search_term_string\"}}],\"inLanguage\":\"fr-CA\"},{\"@type\":\"Organization\",\"@id\":\"https:\\\/\\\/saveurduliban.com\\\/#organization\",\"name\":\"Saveurs Du Liban - Taste of Lebanon\",\"url\":\"https:\\\/\\\/saveurduliban.com\\\/\",\"logo\":{\"@type\":\"ImageObject\",\"inLanguage\":\"fr-CA\",\"@id\":\"https:\\\/\\\/saveurduliban.com\\\/#\\\/schema\\\/logo\\\/image\\\/\",\"url\":\"https:\\\/\\\/saveurduliban.com\\\/wp-content\\\/uploads\\\/2024\\\/01\\\/logo-03-2.png\",\"contentUrl\":\"https:\\\/\\\/saveurduliban.com\\\/wp-content\\\/uploads\\\/2024\\\/01\\\/logo-03-2.png\",\"width\":480,\"height\":530,\"caption\":\"Saveurs Du Liban - Taste of Lebanon\"},\"image\":{\"@id\":\"https:\\\/\\\/saveurduliban.com\\\/#\\\/schema\\\/logo\\\/image\\\/\"},\"sameAs\":[\"https:\\\/\\\/instagram.com\\\/saveurduliban\"]}]}<\/script>\n<!-- \/ Yoast SEO plugin. -->","yoast_head_json":{"title":"Pomegranate Molasses - Saveurs Du Liban","robots":{"index":"index","follow":"follow","max-snippet":"max-snippet:-1","max-image-preview":"max-image-preview:large","max-video-preview":"max-video-preview:-1"},"canonical":"https:\/\/saveurduliban.com\/fr\/produit\/melasse-de-grenade\/","og_locale":"fr_CA","og_type":"article","og_title":"Pomegranate Molasses - Saveurs Du Liban","og_description":"Tangy, sweet, and bold \u2014 a true Lebanese staple. Our Lebanese Pomegranate Molasses is made by slowly reducing pure pomegranate juice into a rich, velvety syrup with the perfect balance of tanginess and sweetness. A cornerstone of Middle Eastern cuisine, it adds depth and brightness to savory dishes, and marinades. Unlike commercial syrups, our molasses contains no added sugar or preservatives\u2014just pure fruit flavor. Whether used in a simple salad dressing or to enrich traditional Lebanese recipes like fattoush, it brings a bold, authentic taste to your kitchen. Ingredients: Natural Pomegranate juice, Sea salt. Store in a cool, dry place away from direct sunlight. Refrigerate after opening.","og_url":"https:\/\/saveurduliban.com\/fr\/produit\/melasse-de-grenade\/","og_site_name":"Saveurs Du Liban","article_modified_time":"2026-04-24T23:21:28+00:00","og_image":[{"width":2048,"height":2560,"url":"https:\/\/saveurduliban.com\/wp-content\/uploads\/2025\/08\/DSC_9004-scaled.jpg","type":"image\/jpeg"}],"twitter_card":"summary_large_image","twitter_misc":{"Estimation du temps de lecture":"1 minute"},"schema":{"@context":"https:\/\/schema.org","@graph":[{"@type":"WebPage","@id":"https:\/\/saveurduliban.com\/product\/pomegranate-molasses\/","url":"https:\/\/saveurduliban.com\/product\/pomegranate-molasses\/","name":"Pomegranate Molasses - Saveurs Du Liban","isPartOf":{"@id":"https:\/\/saveurduliban.com\/#website"},"primaryImageOfPage":{"@id":"https:\/\/saveurduliban.com\/product\/pomegranate-molasses\/#primaryimage"},"image":{"@id":"https:\/\/saveurduliban.com\/product\/pomegranate-molasses\/#primaryimage"},"thumbnailUrl":"https:\/\/saveurduliban.com\/wp-content\/uploads\/2025\/08\/DSC_9004-scaled.jpg","datePublished":"2024-01-21T08:44:54+00:00","dateModified":"2026-04-24T23:21:28+00:00","breadcrumb":{"@id":"https:\/\/saveurduliban.com\/product\/pomegranate-molasses\/#breadcrumb"},"inLanguage":"fr-CA","potentialAction":[{"@type":"ReadAction","target":["https:\/\/saveurduliban.com\/product\/pomegranate-molasses\/"]}]},{"@type":"ImageObject","inLanguage":"fr-CA","@id":"https:\/\/saveurduliban.com\/product\/pomegranate-molasses\/#primaryimage","url":"https:\/\/saveurduliban.com\/wp-content\/uploads\/2025\/08\/DSC_9004-scaled.jpg","contentUrl":"https:\/\/saveurduliban.com\/wp-content\/uploads\/2025\/08\/DSC_9004-scaled.jpg","width":2048,"height":2560},{"@type":"BreadcrumbList","@id":"https:\/\/saveurduliban.com\/product\/pomegranate-molasses\/#breadcrumb","itemListElement":[{"@type":"ListItem","position":1,"name":"Home","item":"https:\/\/saveurduliban.com\/"},{"@type":"ListItem","position":2,"name":"Shop","item":"https:\/\/saveurduliban.com\/shop-homemade-goods\/"},{"@type":"ListItem","position":3,"name":"Pomegranate Molasses"}]},{"@type":"WebSite","@id":"https:\/\/saveurduliban.com\/#website","url":"https:\/\/saveurduliban.com\/","name":"Saveurs Du Liban - Taste of Lebanon","description":"Saveurs Du Liban livre des produits faits maison du Liban au Canada. Nos artisans pr\u00e9parent professionnellement des produits savoureux qui contiennent de l'amour et un sentiment d'appartenance \u00e0 la maison.","publisher":{"@id":"https:\/\/saveurduliban.com\/#organization"},"potentialAction":[{"@type":"SearchAction","target":{"@type":"EntryPoint","urlTemplate":"https:\/\/saveurduliban.com\/?s={search_term_string}"},"query-input":{"@type":"PropertyValueSpecification","valueRequired":true,"valueName":"search_term_string"}}],"inLanguage":"fr-CA"},{"@type":"Organization","@id":"https:\/\/saveurduliban.com\/#organization","name":"Saveurs Du Liban - Taste of Lebanon","url":"https:\/\/saveurduliban.com\/","logo":{"@type":"ImageObject","inLanguage":"fr-CA","@id":"https:\/\/saveurduliban.com\/#\/schema\/logo\/image\/","url":"https:\/\/saveurduliban.com\/wp-content\/uploads\/2024\/01\/logo-03-2.png","contentUrl":"https:\/\/saveurduliban.com\/wp-content\/uploads\/2024\/01\/logo-03-2.png","width":480,"height":530,"caption":"Saveurs Du Liban - Taste of Lebanon"},"image":{"@id":"https:\/\/saveurduliban.com\/#\/schema\/logo\/image\/"},"sameAs":["https:\/\/instagram.com\/saveurduliban"]}]}},"jetpack_sharing_enabled":true,"_links":{"self":[{"href":"https:\/\/saveurduliban.com\/fr\/wp-json\/wp\/v2\/product\/665","targetHints":{"allow":["GET"]}}],"collection":[{"href":"https:\/\/saveurduliban.com\/fr\/wp-json\/wp\/v2\/product"}],"about":[{"href":"https:\/\/saveurduliban.com\/fr\/wp-json\/wp\/v2\/types\/product"}],"replies":[{"embeddable":true,"href":"https:\/\/saveurduliban.com\/fr\/wp-json\/wp\/v2\/comments?post=665"}],"wp:featuredmedia":[{"embeddable":true,"href":"https:\/\/saveurduliban.com\/fr\/wp-json\/wp\/v2\/media\/6748"}],"wp:attachment":[{"href":"https:\/\/saveurduliban.com\/fr\/wp-json\/wp\/v2\/media?parent=665"}],"wp:term":[{"taxonomy":"product_brand","embeddable":true,"href":"https:\/\/saveurduliban.com\/fr\/wp-json\/wp\/v2\/product_brand?post=665"},{"taxonomy":"product_cat","embeddable":true,"href":"https:\/\/saveurduliban.com\/fr\/wp-json\/wp\/v2\/product_cat?post=665"},{"taxonomy":"product_tag","embeddable":true,"href":"https:\/\/saveurduliban.com\/fr\/wp-json\/wp\/v2\/product_tag?post=665"}],"curies":[{"name":"wp","href":"https:\/\/api.w.org\/{rel}","templated":true}]}}