{"id":7081,"date":"2025-11-18T04:06:51","date_gmt":"2025-11-18T04:06:51","guid":{"rendered":"https:\/\/saveurduliban.com\/?post_type=product&#038;p=7081"},"modified":"2025-12-09T20:26:38","modified_gmt":"2025-12-09T20:26:38","slug":"le-coffret-de-delicatesse-florale","status":"publish","type":"product","link":"https:\/\/saveurduliban.com\/fr\/product\/the-floral-delicacy-box\/","title":{"rendered":"Le coffret de d\u00e9licatesse florale"},"content":{"rendered":"<p>Un trio parfum\u00e9 et d\u00e9licat qui met en valeur l'\u00e2me florale de la gastronomie libanaise. Avec de l'eau de rose, de l'eau de fleur d'oranger et notre fine fleur de sel, ce coffret est id\u00e9al pour la p\u00e2tisserie, les desserts et pour ajouter une touche d'\u00e9l\u00e9gance \u00e0 la cuisine de tous les jours.<\/p>\n<div class=\"woocommerce-product-details__short-description\">\n<p data-start=\"585\" data-end=\"925\">Notre fleur de sel de mer libanaise est la forme de sel de mer la plus rare et la plus pris\u00e9e. Elle se forme naturellement sous forme de cristaux minces et floconneux \u00e0 la surface d'\u00e9tangs sal\u00e9s baign\u00e9s de soleil. Soigneusement r\u00e9colt\u00e9 \u00e0 la main en petites quantit\u00e9s, il conserve ses min\u00e9raux naturels et son humidit\u00e9, ce qui lui conf\u00e8re un go\u00fbt franc et un croquant subtil et satisfaisant.<\/p>\n<p data-start=\"927\" data-end=\"1153\">Contrairement au sel de table ordinaire, la fleur de sel se dissout lentement dans le palais, ajoutant une texture et une finition raffin\u00e9e \u00e0 tout plat.<\/p>\n<p data-start=\"927\" data-end=\"1153\"><strong data-start=\"2047\" data-end=\"2063\">Ingr\u00e9dients :\u00a0<\/strong>100% fleur de sel naturelle r\u00e9colt\u00e9e \u00e0 la main.<\/p>\n<p data-start=\"927\" data-end=\"1153\">Sans conservateurs, ar\u00f4mes artificiels ou additifs. Emball\u00e9s dans des sachets kraft durables.<br \/>\nConserver dans un endroit frais, sec et sombre. Refermer herm\u00e9tiquement le sac kraft apr\u00e8s chaque utilisation afin de pr\u00e9server la fra\u00eecheur et d'\u00e9viter la formation de grumeaux.<\/p>\n<p data-start=\"567\" data-end=\"859\">Notre eau de fleur d'oranger libanaise est soigneusement distill\u00e9e \u00e0 partir de fleurs d'oranger gorg\u00e9es de soleil, capturant ainsi leur parfum naturel et leur douce saveur. Son utilisation la plus populaire est dans\u00a0<strong data-start=\"769\" data-end=\"801\">Caf\u00e9 blanc\u201c de la M\u00e9diterran\u00e9e\u201d<\/strong>-Une simple infusion d'eau chaude qui apaise et rafra\u00eechit.<\/p>\n<p data-start=\"861\" data-end=\"1129\">Au-del\u00e0 du caf\u00e9 blanc classique, il peut rehausser d\u00e9licatement des desserts tels que\u00a0<strong data-start=\"930\" data-end=\"964\">ma'amoul, baklava ou biscuits<\/strong>, Il peut \u00eatre utilis\u00e9 dans les p\u00e2tisseries et les boissons pour leur donner une note florale d\u00e9licate. Sans conservateurs, ar\u00f4mes artificiels ou additifs, il s'agit d'un aliment de base pur et polyvalent.<\/p>\n<p data-start=\"1739\" data-end=\"1791\"><strong data-start=\"1739\" data-end=\"1755\">Ingr\u00e9dients :<\/strong><br data-start=\"1755\" data-end=\"1758\" \/>100% fleurs d'oranger distill\u00e9es.<\/p>\n<p data-start=\"1739\" data-end=\"1791\">Conserver dans un endroit frais, sec et sombre pour pr\u00e9server la fra\u00eecheur et l'ar\u00f4me.<\/p>\n<div class=\"woocommerce-product-details__short-description\">\n<p data-start=\"454\" data-end=\"740\">Notre eau de rose libanaise est fabriqu\u00e9e selon un processus de distillation traditionnel qui capture l'essence des roses fra\u00eechement \u00e9closes. Avec ses douces notes florales et sa profondeur aromatique, c'est un ingr\u00e9dient polyvalent appr\u00e9ci\u00e9 dans la cuisine du Moyen-Orient et au-del\u00e0.<\/p>\n<p data-start=\"742\" data-end=\"1027\">Traditionnellement utilis\u00e9 dans des desserts tels que\u00a0<strong data-start=\"778\" data-end=\"790\">ma'amoul<\/strong>, L'eau de rose, qui peut \u00eatre utilis\u00e9e dans la pr\u00e9paration de g\u00e2teaux, de puddings au riz et de baklavas, rehausse \u00e9galement les boissons, les th\u00e9s et les recettes sal\u00e9es gr\u00e2ce \u00e0 son parfum inimitable. Au-del\u00e0 de la cuisine, l'eau de rose est appr\u00e9ci\u00e9e pour ses qualit\u00e9s apaisantes et rafra\u00eechissantes, ce qui en fait un aliment de base appr\u00e9ci\u00e9 des m\u00e9nages.<\/p>\n<p data-start=\"1760\" data-end=\"1808\"><strong data-start=\"1760\" data-end=\"1776\">Ingr\u00e9dients :<\/strong><br data-start=\"1776\" data-end=\"1779\" \/>P\u00e9tales de rose distill\u00e9s 100%.<\/p>\n<p data-start=\"1810\" data-end=\"1956\">Conserver dans un endroit frais et sombre, \u00e0 l'abri de la lumi\u00e8re directe du soleil. R\u00e9frig\u00e9rer apr\u00e8s ouverture pour pr\u00e9server l'ar\u00f4me et la fra\u00eecheur.<\/p>\n<\/div>\n<\/div>","protected":false},"excerpt":{"rendered":"<p>Cette bo\u00eete contient<\/p>\n<p>500 grammes de Fleur de Sel<\/p>\n<p>250 ml Fleur d'oranger<\/p>\n<p>250 ml d'eau de rose<\/p>","protected":false},"featured_media":7074,"comment_status":"open","ping_status":"closed","template":"","meta":[],"product_brand":[],"product_cat":[31,40,91],"product_tag":[92],"class_list":{"0":"post-7081","1":"product","2":"type-product","3":"status-publish","4":"has-post-thumbnail","6":"product_cat-all-products","7":"product_cat-best-sellers","8":"product_cat-holiday-gift-sets","9":"product_tag-holiday-gift-sets","11":"first","12":"instock","13":"featured","14":"taxable","15":"shipping-taxable","16":"purchasable","17":"product-type-simple"},"yoast_head":"<!-- This site is optimized with the Yoast SEO plugin v27.5 - https:\/\/yoast.com\/product\/yoast-seo-wordpress\/ -->\n<title>The Floral Delicacy Box - Saveurs Du Liban<\/title>\n<meta name=\"robots\" content=\"index, follow, max-snippet:-1, max-image-preview:large, max-video-preview:-1\" \/>\n<link rel=\"canonical\" href=\"https:\/\/saveurduliban.com\/fr\/produit\/le-coffret-de-delicatesse-florale\/\" \/>\n<meta property=\"og:locale\" content=\"fr_CA\" \/>\n<meta property=\"og:type\" content=\"article\" \/>\n<meta property=\"og:title\" content=\"The Floral Delicacy Box - Saveurs Du Liban\" \/>\n<meta property=\"og:description\" content=\"This box contains:  500 grams of Fleur de Sel  250 mL Orange Blossom  250 mL Rose Water\" \/>\n<meta property=\"og:url\" content=\"https:\/\/saveurduliban.com\/fr\/produit\/le-coffret-de-delicatesse-florale\/\" \/>\n<meta property=\"og:site_name\" content=\"Saveurs Du Liban\" \/>\n<meta property=\"article:modified_time\" content=\"2025-12-09T20:26:38+00:00\" \/>\n<meta property=\"og:image\" content=\"https:\/\/saveurduliban.com\/wp-content\/uploads\/2025\/11\/Photoroom_20251116_233032.jpg\" \/>\n\t<meta property=\"og:image:width\" content=\"2400\" \/>\n\t<meta property=\"og:image:height\" content=\"2400\" \/>\n\t<meta property=\"og:image:type\" content=\"image\/jpeg\" \/>\n<meta name=\"twitter:card\" content=\"summary_large_image\" \/>\n<meta name=\"twitter:label1\" content=\"Estimation du temps de lecture\" \/>\n\t<meta name=\"twitter:data1\" content=\"2 minutes\" \/>\n<script type=\"application\/ld+json\" class=\"yoast-schema-graph\">{\"@context\":\"https:\\\/\\\/schema.org\",\"@graph\":[{\"@type\":\"WebPage\",\"@id\":\"https:\\\/\\\/saveurduliban.com\\\/product\\\/the-floral-delicacy-box\\\/\",\"url\":\"https:\\\/\\\/saveurduliban.com\\\/product\\\/the-floral-delicacy-box\\\/\",\"name\":\"The Floral Delicacy Box - Saveurs Du Liban\",\"isPartOf\":{\"@id\":\"https:\\\/\\\/saveurduliban.com\\\/#website\"},\"primaryImageOfPage\":{\"@id\":\"https:\\\/\\\/saveurduliban.com\\\/product\\\/the-floral-delicacy-box\\\/#primaryimage\"},\"image\":{\"@id\":\"https:\\\/\\\/saveurduliban.com\\\/product\\\/the-floral-delicacy-box\\\/#primaryimage\"},\"thumbnailUrl\":\"https:\\\/\\\/saveurduliban.com\\\/wp-content\\\/uploads\\\/2025\\\/11\\\/Photoroom_20251116_233032.jpg\",\"datePublished\":\"2025-11-18T04:06:51+00:00\",\"dateModified\":\"2025-12-09T20:26:38+00:00\",\"breadcrumb\":{\"@id\":\"https:\\\/\\\/saveurduliban.com\\\/product\\\/the-floral-delicacy-box\\\/#breadcrumb\"},\"inLanguage\":\"fr-CA\",\"potentialAction\":[{\"@type\":\"ReadAction\",\"target\":[\"https:\\\/\\\/saveurduliban.com\\\/product\\\/the-floral-delicacy-box\\\/\"]}]},{\"@type\":\"ImageObject\",\"inLanguage\":\"fr-CA\",\"@id\":\"https:\\\/\\\/saveurduliban.com\\\/product\\\/the-floral-delicacy-box\\\/#primaryimage\",\"url\":\"https:\\\/\\\/saveurduliban.com\\\/wp-content\\\/uploads\\\/2025\\\/11\\\/Photoroom_20251116_233032.jpg\",\"contentUrl\":\"https:\\\/\\\/saveurduliban.com\\\/wp-content\\\/uploads\\\/2025\\\/11\\\/Photoroom_20251116_233032.jpg\",\"width\":2400,\"height\":2400},{\"@type\":\"BreadcrumbList\",\"@id\":\"https:\\\/\\\/saveurduliban.com\\\/product\\\/the-floral-delicacy-box\\\/#breadcrumb\",\"itemListElement\":[{\"@type\":\"ListItem\",\"position\":1,\"name\":\"Home\",\"item\":\"https:\\\/\\\/saveurduliban.com\\\/\"},{\"@type\":\"ListItem\",\"position\":2,\"name\":\"Shop\",\"item\":\"https:\\\/\\\/saveurduliban.com\\\/shop-homemade-goods\\\/\"},{\"@type\":\"ListItem\",\"position\":3,\"name\":\"The Floral Delicacy Box\"}]},{\"@type\":\"WebSite\",\"@id\":\"https:\\\/\\\/saveurduliban.com\\\/#website\",\"url\":\"https:\\\/\\\/saveurduliban.com\\\/\",\"name\":\"Saveurs Du Liban - Taste of Lebanon\",\"description\":\"Saveurs Du Liban delivers homemade goods from Lebanon to Canada. Our artisans professionally prepare tasty goods that contain love and a feel of home.\",\"publisher\":{\"@id\":\"https:\\\/\\\/saveurduliban.com\\\/#organization\"},\"potentialAction\":[{\"@type\":\"SearchAction\",\"target\":{\"@type\":\"EntryPoint\",\"urlTemplate\":\"https:\\\/\\\/saveurduliban.com\\\/?s={search_term_string}\"},\"query-input\":{\"@type\":\"PropertyValueSpecification\",\"valueRequired\":true,\"valueName\":\"search_term_string\"}}],\"inLanguage\":\"fr-CA\"},{\"@type\":\"Organization\",\"@id\":\"https:\\\/\\\/saveurduliban.com\\\/#organization\",\"name\":\"Saveurs Du Liban - Taste of Lebanon\",\"url\":\"https:\\\/\\\/saveurduliban.com\\\/\",\"logo\":{\"@type\":\"ImageObject\",\"inLanguage\":\"fr-CA\",\"@id\":\"https:\\\/\\\/saveurduliban.com\\\/#\\\/schema\\\/logo\\\/image\\\/\",\"url\":\"https:\\\/\\\/saveurduliban.com\\\/wp-content\\\/uploads\\\/2024\\\/01\\\/logo-03-2.png\",\"contentUrl\":\"https:\\\/\\\/saveurduliban.com\\\/wp-content\\\/uploads\\\/2024\\\/01\\\/logo-03-2.png\",\"width\":480,\"height\":530,\"caption\":\"Saveurs Du Liban - Taste of Lebanon\"},\"image\":{\"@id\":\"https:\\\/\\\/saveurduliban.com\\\/#\\\/schema\\\/logo\\\/image\\\/\"},\"sameAs\":[\"https:\\\/\\\/instagram.com\\\/saveurduliban\"]}]}<\/script>\n<!-- \/ Yoast SEO plugin. -->","yoast_head_json":{"title":"The Floral Delicacy Box - Saveurs Du Liban","robots":{"index":"index","follow":"follow","max-snippet":"max-snippet:-1","max-image-preview":"max-image-preview:large","max-video-preview":"max-video-preview:-1"},"canonical":"https:\/\/saveurduliban.com\/fr\/produit\/le-coffret-de-delicatesse-florale\/","og_locale":"fr_CA","og_type":"article","og_title":"The Floral Delicacy Box - Saveurs Du Liban","og_description":"This box contains:  500 grams of Fleur de Sel  250 mL Orange Blossom  250 mL Rose Water","og_url":"https:\/\/saveurduliban.com\/fr\/produit\/le-coffret-de-delicatesse-florale\/","og_site_name":"Saveurs Du Liban","article_modified_time":"2025-12-09T20:26:38+00:00","og_image":[{"width":2400,"height":2400,"url":"https:\/\/saveurduliban.com\/wp-content\/uploads\/2025\/11\/Photoroom_20251116_233032.jpg","type":"image\/jpeg"}],"twitter_card":"summary_large_image","twitter_misc":{"Estimation du temps de lecture":"2 minutes"},"schema":{"@context":"https:\/\/schema.org","@graph":[{"@type":"WebPage","@id":"https:\/\/saveurduliban.com\/product\/the-floral-delicacy-box\/","url":"https:\/\/saveurduliban.com\/product\/the-floral-delicacy-box\/","name":"The Floral Delicacy Box - Saveurs Du Liban","isPartOf":{"@id":"https:\/\/saveurduliban.com\/#website"},"primaryImageOfPage":{"@id":"https:\/\/saveurduliban.com\/product\/the-floral-delicacy-box\/#primaryimage"},"image":{"@id":"https:\/\/saveurduliban.com\/product\/the-floral-delicacy-box\/#primaryimage"},"thumbnailUrl":"https:\/\/saveurduliban.com\/wp-content\/uploads\/2025\/11\/Photoroom_20251116_233032.jpg","datePublished":"2025-11-18T04:06:51+00:00","dateModified":"2025-12-09T20:26:38+00:00","breadcrumb":{"@id":"https:\/\/saveurduliban.com\/product\/the-floral-delicacy-box\/#breadcrumb"},"inLanguage":"fr-CA","potentialAction":[{"@type":"ReadAction","target":["https:\/\/saveurduliban.com\/product\/the-floral-delicacy-box\/"]}]},{"@type":"ImageObject","inLanguage":"fr-CA","@id":"https:\/\/saveurduliban.com\/product\/the-floral-delicacy-box\/#primaryimage","url":"https:\/\/saveurduliban.com\/wp-content\/uploads\/2025\/11\/Photoroom_20251116_233032.jpg","contentUrl":"https:\/\/saveurduliban.com\/wp-content\/uploads\/2025\/11\/Photoroom_20251116_233032.jpg","width":2400,"height":2400},{"@type":"BreadcrumbList","@id":"https:\/\/saveurduliban.com\/product\/the-floral-delicacy-box\/#breadcrumb","itemListElement":[{"@type":"ListItem","position":1,"name":"Home","item":"https:\/\/saveurduliban.com\/"},{"@type":"ListItem","position":2,"name":"Shop","item":"https:\/\/saveurduliban.com\/shop-homemade-goods\/"},{"@type":"ListItem","position":3,"name":"The Floral Delicacy Box"}]},{"@type":"WebSite","@id":"https:\/\/saveurduliban.com\/#website","url":"https:\/\/saveurduliban.com\/","name":"Saveurs Du Liban - Taste of Lebanon","description":"Saveurs Du Liban livre des produits faits maison du Liban au Canada. Nos artisans pr\u00e9parent professionnellement des produits savoureux qui contiennent de l'amour et un sentiment d'appartenance \u00e0 la maison.","publisher":{"@id":"https:\/\/saveurduliban.com\/#organization"},"potentialAction":[{"@type":"SearchAction","target":{"@type":"EntryPoint","urlTemplate":"https:\/\/saveurduliban.com\/?s={search_term_string}"},"query-input":{"@type":"PropertyValueSpecification","valueRequired":true,"valueName":"search_term_string"}}],"inLanguage":"fr-CA"},{"@type":"Organization","@id":"https:\/\/saveurduliban.com\/#organization","name":"Saveurs Du Liban - Taste of Lebanon","url":"https:\/\/saveurduliban.com\/","logo":{"@type":"ImageObject","inLanguage":"fr-CA","@id":"https:\/\/saveurduliban.com\/#\/schema\/logo\/image\/","url":"https:\/\/saveurduliban.com\/wp-content\/uploads\/2024\/01\/logo-03-2.png","contentUrl":"https:\/\/saveurduliban.com\/wp-content\/uploads\/2024\/01\/logo-03-2.png","width":480,"height":530,"caption":"Saveurs Du Liban - Taste of Lebanon"},"image":{"@id":"https:\/\/saveurduliban.com\/#\/schema\/logo\/image\/"},"sameAs":["https:\/\/instagram.com\/saveurduliban"]}]}},"jetpack_sharing_enabled":true,"_links":{"self":[{"href":"https:\/\/saveurduliban.com\/fr\/wp-json\/wp\/v2\/product\/7081","targetHints":{"allow":["GET"]}}],"collection":[{"href":"https:\/\/saveurduliban.com\/fr\/wp-json\/wp\/v2\/product"}],"about":[{"href":"https:\/\/saveurduliban.com\/fr\/wp-json\/wp\/v2\/types\/product"}],"replies":[{"embeddable":true,"href":"https:\/\/saveurduliban.com\/fr\/wp-json\/wp\/v2\/comments?post=7081"}],"wp:featuredmedia":[{"embeddable":true,"href":"https:\/\/saveurduliban.com\/fr\/wp-json\/wp\/v2\/media\/7074"}],"wp:attachment":[{"href":"https:\/\/saveurduliban.com\/fr\/wp-json\/wp\/v2\/media?parent=7081"}],"wp:term":[{"taxonomy":"product_brand","embeddable":true,"href":"https:\/\/saveurduliban.com\/fr\/wp-json\/wp\/v2\/product_brand?post=7081"},{"taxonomy":"product_cat","embeddable":true,"href":"https:\/\/saveurduliban.com\/fr\/wp-json\/wp\/v2\/product_cat?post=7081"},{"taxonomy":"product_tag","embeddable":true,"href":"https:\/\/saveurduliban.com\/fr\/wp-json\/wp\/v2\/product_tag?post=7081"}],"curies":[{"name":"wp","href":"https:\/\/api.w.org\/{rel}","templated":true}]}}