{"id":7084,"date":"2025-11-18T04:15:41","date_gmt":"2025-11-18T04:15:41","guid":{"rendered":"https:\/\/saveurduliban.com\/?post_type=product&#038;p=7084"},"modified":"2025-12-09T20:27:52","modified_gmt":"2025-12-09T20:27:52","slug":"le-nec-plus-ultra-des-gourmets-libanais","status":"publish","type":"product","link":"https:\/\/saveurduliban.com\/fr\/product\/the-ultimate-lebanese-gourmet\/","title":{"rendered":"L'ultime gourmet libanais"},"content":{"rendered":"<p data-start=\"488\" data-end=\"834\">D\u00e9couvrez les saveurs riches et vibrantes du Liban dans un luxueux coffret cadeau. Avec notre huile d'olive extra vierge, notre fleur de sel artisanale, notre zaatar authentique et notre m\u00e9lasse de grenade piquante, ce panier est un \u00e9quilibre parfait entre tradition, profondeur et \u00e9clat. Id\u00e9al pour les amateurs de cuisine, les h\u00f4tes ou tous ceux qui appr\u00e9cient l'art de la cuisine libanaise.<\/p>\n<div class=\"woocommerce-product-details__short-description\">\n<p>100% Huile d'olive libanaise extra vierge, press\u00e9e \u00e0 froid.<\/p>\n<p>Press\u00e9e \u00e0 froid \u00e0 partir d'olives nord-libanaises r\u00e9colt\u00e9es \u00e0 la main, notre huile d'olive extra vierge est douce, poivr\u00e9e et naturellement riche en antioxydants. Parfaite pour tremper, arroser et cuisiner.<\/p>\n<p><strong>Ingr\u00e9dients<\/strong>: Huile d'olive press\u00e9e \u00e0 froid.<\/p>\n<p>Sans conservateurs, ar\u00f4mes artificiels ou additifs.<br \/>\nConserver dans un endroit frais, sec et sombre.<\/p>\n<div class=\"woocommerce-product-details__short-description\">\n<p data-start=\"585\" data-end=\"925\">Notre fleur de sel de mer libanaise est la forme de sel de mer la plus rare et la plus pris\u00e9e. Elle se forme naturellement sous forme de cristaux minces et floconneux \u00e0 la surface d'\u00e9tangs sal\u00e9s baign\u00e9s de soleil. Soigneusement r\u00e9colt\u00e9 \u00e0 la main en petites quantit\u00e9s, il conserve ses min\u00e9raux naturels et son humidit\u00e9, ce qui lui conf\u00e8re un go\u00fbt franc et un croquant subtil et satisfaisant.<\/p>\n<p data-start=\"927\" data-end=\"1153\">Contrairement au sel de table ordinaire, la fleur de sel se dissout lentement dans le palais, ajoutant une texture et une finition raffin\u00e9e \u00e0 tout plat.<\/p>\n<p data-start=\"927\" data-end=\"1153\"><strong data-start=\"2047\" data-end=\"2063\">Ingr\u00e9dients :\u00a0<\/strong>100% fleur de sel naturelle r\u00e9colt\u00e9e \u00e0 la main.<\/p>\n<p data-start=\"927\" data-end=\"1153\">Sans conservateurs, ar\u00f4mes artificiels ou additifs. Emball\u00e9s dans des sachets kraft durables.<br \/>\nConserver dans un endroit frais, sec et sombre. Refermer herm\u00e9tiquement le sac kraft apr\u00e8s chaque utilisation afin de pr\u00e9server la fra\u00eecheur et d'\u00e9viter la formation de grumeaux.<\/p>\n<div class=\"woocommerce-product-details__short-description\">\n<p data-start=\"204\" data-end=\"267\">Piquant, sucr\u00e9 et audacieux - un vrai produit de base libanais.<\/p>\n<p data-start=\"269\" data-end=\"485\">Notre m\u00e9lasse de grenade libanaise est fabriqu\u00e9e en r\u00e9duisant lentement du jus de grenade pur en un sirop riche et velout\u00e9 avec un \u00e9quilibre parfait entre le piquant et le sucr\u00e9. Pierre angulaire de la cuisine du Moyen-Orient, elle donne de la profondeur et de l'\u00e9clat aux plats sal\u00e9s et aux marinades.<\/p>\n<p data-start=\"269\" data-end=\"485\">Contrairement aux sirops du commerce, notre m\u00e9lasse ne contient ni sucre ajout\u00e9 ni conservateur - juste un pur ar\u00f4me de fruit. Qu'elle soit utilis\u00e9e dans une simple vinaigrette ou pour enrichir des recettes libanaises traditionnelles telles que\u00a0<strong data-start=\"995\" data-end=\"1007\">fattoush<\/strong>, Il apporte un go\u00fbt audacieux et authentique \u00e0 votre cuisine.<\/p>\n<p data-start=\"269\" data-end=\"485\"><strong>Ingr\u00e9dients<\/strong>: Jus de grenade naturel, sel de mer.<\/p>\n<p data-start=\"269\" data-end=\"485\">Conserver dans un endroit frais et sec, \u00e0 l'abri de la lumi\u00e8re directe du soleil. R\u00e9frig\u00e9rer apr\u00e8s ouverture.<\/p>\n<div class=\"woocommerce-product-details__short-description\">\n<p>Notre m\u00e9lange de thym libanais (za'atar) est un m\u00e9lange d'\u00e9pices parfum\u00e9, terreux et piquant, soigneusement \u00e9labor\u00e9 \u00e0 partir de thym, d'origan, de sumac, de graines de s\u00e9same et de sel de mer de haute qualit\u00e9. Pierre angulaire de la cuisine du Moyen-Orient, il apporte des saveurs m\u00e9diterran\u00e9ennes audacieuses dans votre cuisine, qu'il soit saupoudr\u00e9 sur du pain chaud avec de l'huile d'olive, m\u00e9lang\u00e9 \u00e0 des trempettes ou utilis\u00e9 pour assaisonner des l\u00e9gumes r\u00f4tis et des viandes grill\u00e9es.<\/p>\n<p data-start=\"1625\" data-end=\"1692\"><strong data-start=\"1625\" data-end=\"1641\">Ingr\u00e9dients :\u00a0<\/strong>Thym, origan, sumac, graines de s\u00e9same, sel de mer.<\/p>\n<p data-start=\"1694\" data-end=\"1824\">Sans conservateurs, ar\u00f4mes artificiels ou additifs. Emball\u00e9s dans des sachets kraft durables.<br \/>\nConserver dans un endroit frais, sec et sombre. Refermer herm\u00e9tiquement le sac kraft apr\u00e8s chaque utilisation pour pr\u00e9server la saveur et l'ar\u00f4me.<\/p>\n<\/div>\n<\/div>\n<\/div>\n<\/div>","protected":false},"excerpt":{"rendered":"<p data-start=\"488\" data-end=\"834\">Ce panier contient :<\/p>\n<p data-start=\"488\" data-end=\"834\">1 litre d'huile d'olive extra vierge<\/p>\n<p data-start=\"488\" data-end=\"834\">500 grammes de m\u00e9lange Zaatar classique<\/p>\n<p data-start=\"488\" data-end=\"834\">500 grammes de Fleur de Sel<\/p>\n<p data-start=\"488\" data-end=\"834\">250 ml de m\u00e9lasse de grenade<\/p>","protected":false},"featured_media":7085,"comment_status":"open","ping_status":"closed","template":"","meta":[],"product_brand":[],"product_cat":[31,40,91],"product_tag":[92],"class_list":{"0":"post-7084","1":"product","2":"type-product","3":"status-publish","4":"has-post-thumbnail","6":"product_cat-all-products","7":"product_cat-best-sellers","8":"product_cat-holiday-gift-sets","9":"product_tag-holiday-gift-sets","11":"first","12":"instock","13":"featured","14":"taxable","15":"shipping-taxable","16":"purchasable","17":"product-type-simple"},"yoast_head":"<!-- This site is optimized with the Yoast SEO plugin v27.5 - https:\/\/yoast.com\/product\/yoast-seo-wordpress\/ -->\n<title>The Ultimate Lebanese Gourmet - Saveurs Du Liban<\/title>\n<meta name=\"robots\" content=\"index, follow, max-snippet:-1, max-image-preview:large, max-video-preview:-1\" \/>\n<link rel=\"canonical\" href=\"https:\/\/saveurduliban.com\/fr\/produit\/le-nec-plus-ultra-des-gourmets-libanais\/\" \/>\n<meta property=\"og:locale\" content=\"fr_CA\" \/>\n<meta property=\"og:type\" content=\"article\" \/>\n<meta property=\"og:title\" content=\"The Ultimate Lebanese Gourmet - Saveurs Du Liban\" \/>\n<meta property=\"og:description\" content=\"This basket contains: 1L extra virgin olive oil 500 grams of Classic Zaatar Mix 500 grams of Fleur de Sel 250 mL of Pomegranate Molasses\" \/>\n<meta property=\"og:url\" content=\"https:\/\/saveurduliban.com\/fr\/produit\/le-nec-plus-ultra-des-gourmets-libanais\/\" \/>\n<meta property=\"og:site_name\" content=\"Saveurs Du Liban\" \/>\n<meta property=\"article:modified_time\" content=\"2025-12-09T20:27:52+00:00\" \/>\n<meta property=\"og:image\" content=\"https:\/\/saveurduliban.com\/wp-content\/uploads\/2025\/11\/Photoroom_20251117_230430.jpg\" \/>\n\t<meta property=\"og:image:width\" content=\"2400\" \/>\n\t<meta property=\"og:image:height\" content=\"2400\" \/>\n\t<meta property=\"og:image:type\" content=\"image\/jpeg\" \/>\n<meta name=\"twitter:card\" content=\"summary_large_image\" \/>\n<meta name=\"twitter:label1\" content=\"Estimation du temps de lecture\" \/>\n\t<meta name=\"twitter:data1\" content=\"3 minutes\" \/>\n<script type=\"application\/ld+json\" class=\"yoast-schema-graph\">{\"@context\":\"https:\\\/\\\/schema.org\",\"@graph\":[{\"@type\":\"WebPage\",\"@id\":\"https:\\\/\\\/saveurduliban.com\\\/product\\\/the-ultimate-lebanese-gourmet\\\/\",\"url\":\"https:\\\/\\\/saveurduliban.com\\\/product\\\/the-ultimate-lebanese-gourmet\\\/\",\"name\":\"The Ultimate Lebanese Gourmet - Saveurs Du Liban\",\"isPartOf\":{\"@id\":\"https:\\\/\\\/saveurduliban.com\\\/#website\"},\"primaryImageOfPage\":{\"@id\":\"https:\\\/\\\/saveurduliban.com\\\/product\\\/the-ultimate-lebanese-gourmet\\\/#primaryimage\"},\"image\":{\"@id\":\"https:\\\/\\\/saveurduliban.com\\\/product\\\/the-ultimate-lebanese-gourmet\\\/#primaryimage\"},\"thumbnailUrl\":\"https:\\\/\\\/saveurduliban.com\\\/wp-content\\\/uploads\\\/2025\\\/11\\\/Photoroom_20251117_230430.jpg\",\"datePublished\":\"2025-11-18T04:15:41+00:00\",\"dateModified\":\"2025-12-09T20:27:52+00:00\",\"breadcrumb\":{\"@id\":\"https:\\\/\\\/saveurduliban.com\\\/product\\\/the-ultimate-lebanese-gourmet\\\/#breadcrumb\"},\"inLanguage\":\"fr-CA\",\"potentialAction\":[{\"@type\":\"ReadAction\",\"target\":[\"https:\\\/\\\/saveurduliban.com\\\/product\\\/the-ultimate-lebanese-gourmet\\\/\"]}]},{\"@type\":\"ImageObject\",\"inLanguage\":\"fr-CA\",\"@id\":\"https:\\\/\\\/saveurduliban.com\\\/product\\\/the-ultimate-lebanese-gourmet\\\/#primaryimage\",\"url\":\"https:\\\/\\\/saveurduliban.com\\\/wp-content\\\/uploads\\\/2025\\\/11\\\/Photoroom_20251117_230430.jpg\",\"contentUrl\":\"https:\\\/\\\/saveurduliban.com\\\/wp-content\\\/uploads\\\/2025\\\/11\\\/Photoroom_20251117_230430.jpg\",\"width\":2400,\"height\":2400},{\"@type\":\"BreadcrumbList\",\"@id\":\"https:\\\/\\\/saveurduliban.com\\\/product\\\/the-ultimate-lebanese-gourmet\\\/#breadcrumb\",\"itemListElement\":[{\"@type\":\"ListItem\",\"position\":1,\"name\":\"Home\",\"item\":\"https:\\\/\\\/saveurduliban.com\\\/\"},{\"@type\":\"ListItem\",\"position\":2,\"name\":\"Shop\",\"item\":\"https:\\\/\\\/saveurduliban.com\\\/shop-homemade-goods\\\/\"},{\"@type\":\"ListItem\",\"position\":3,\"name\":\"The Ultimate Lebanese Gourmet\"}]},{\"@type\":\"WebSite\",\"@id\":\"https:\\\/\\\/saveurduliban.com\\\/#website\",\"url\":\"https:\\\/\\\/saveurduliban.com\\\/\",\"name\":\"Saveurs Du Liban - Taste of Lebanon\",\"description\":\"Saveurs Du Liban delivers homemade goods from Lebanon to Canada. Our artisans professionally prepare tasty goods that contain love and a feel of home.\",\"publisher\":{\"@id\":\"https:\\\/\\\/saveurduliban.com\\\/#organization\"},\"potentialAction\":[{\"@type\":\"SearchAction\",\"target\":{\"@type\":\"EntryPoint\",\"urlTemplate\":\"https:\\\/\\\/saveurduliban.com\\\/?s={search_term_string}\"},\"query-input\":{\"@type\":\"PropertyValueSpecification\",\"valueRequired\":true,\"valueName\":\"search_term_string\"}}],\"inLanguage\":\"fr-CA\"},{\"@type\":\"Organization\",\"@id\":\"https:\\\/\\\/saveurduliban.com\\\/#organization\",\"name\":\"Saveurs Du Liban - Taste of Lebanon\",\"url\":\"https:\\\/\\\/saveurduliban.com\\\/\",\"logo\":{\"@type\":\"ImageObject\",\"inLanguage\":\"fr-CA\",\"@id\":\"https:\\\/\\\/saveurduliban.com\\\/#\\\/schema\\\/logo\\\/image\\\/\",\"url\":\"https:\\\/\\\/saveurduliban.com\\\/wp-content\\\/uploads\\\/2024\\\/01\\\/logo-03-2.png\",\"contentUrl\":\"https:\\\/\\\/saveurduliban.com\\\/wp-content\\\/uploads\\\/2024\\\/01\\\/logo-03-2.png\",\"width\":480,\"height\":530,\"caption\":\"Saveurs Du Liban - Taste of Lebanon\"},\"image\":{\"@id\":\"https:\\\/\\\/saveurduliban.com\\\/#\\\/schema\\\/logo\\\/image\\\/\"},\"sameAs\":[\"https:\\\/\\\/instagram.com\\\/saveurduliban\"]}]}<\/script>\n<!-- \/ Yoast SEO plugin. -->","yoast_head_json":{"title":"The Ultimate Lebanese Gourmet - Saveurs Du Liban","robots":{"index":"index","follow":"follow","max-snippet":"max-snippet:-1","max-image-preview":"max-image-preview:large","max-video-preview":"max-video-preview:-1"},"canonical":"https:\/\/saveurduliban.com\/fr\/produit\/le-nec-plus-ultra-des-gourmets-libanais\/","og_locale":"fr_CA","og_type":"article","og_title":"The Ultimate Lebanese Gourmet - Saveurs Du Liban","og_description":"This basket contains: 1L extra virgin olive oil 500 grams of Classic Zaatar Mix 500 grams of Fleur de Sel 250 mL of Pomegranate Molasses","og_url":"https:\/\/saveurduliban.com\/fr\/produit\/le-nec-plus-ultra-des-gourmets-libanais\/","og_site_name":"Saveurs Du Liban","article_modified_time":"2025-12-09T20:27:52+00:00","og_image":[{"width":2400,"height":2400,"url":"https:\/\/saveurduliban.com\/wp-content\/uploads\/2025\/11\/Photoroom_20251117_230430.jpg","type":"image\/jpeg"}],"twitter_card":"summary_large_image","twitter_misc":{"Estimation du temps de lecture":"3 minutes"},"schema":{"@context":"https:\/\/schema.org","@graph":[{"@type":"WebPage","@id":"https:\/\/saveurduliban.com\/product\/the-ultimate-lebanese-gourmet\/","url":"https:\/\/saveurduliban.com\/product\/the-ultimate-lebanese-gourmet\/","name":"The Ultimate Lebanese Gourmet - Saveurs Du Liban","isPartOf":{"@id":"https:\/\/saveurduliban.com\/#website"},"primaryImageOfPage":{"@id":"https:\/\/saveurduliban.com\/product\/the-ultimate-lebanese-gourmet\/#primaryimage"},"image":{"@id":"https:\/\/saveurduliban.com\/product\/the-ultimate-lebanese-gourmet\/#primaryimage"},"thumbnailUrl":"https:\/\/saveurduliban.com\/wp-content\/uploads\/2025\/11\/Photoroom_20251117_230430.jpg","datePublished":"2025-11-18T04:15:41+00:00","dateModified":"2025-12-09T20:27:52+00:00","breadcrumb":{"@id":"https:\/\/saveurduliban.com\/product\/the-ultimate-lebanese-gourmet\/#breadcrumb"},"inLanguage":"fr-CA","potentialAction":[{"@type":"ReadAction","target":["https:\/\/saveurduliban.com\/product\/the-ultimate-lebanese-gourmet\/"]}]},{"@type":"ImageObject","inLanguage":"fr-CA","@id":"https:\/\/saveurduliban.com\/product\/the-ultimate-lebanese-gourmet\/#primaryimage","url":"https:\/\/saveurduliban.com\/wp-content\/uploads\/2025\/11\/Photoroom_20251117_230430.jpg","contentUrl":"https:\/\/saveurduliban.com\/wp-content\/uploads\/2025\/11\/Photoroom_20251117_230430.jpg","width":2400,"height":2400},{"@type":"BreadcrumbList","@id":"https:\/\/saveurduliban.com\/product\/the-ultimate-lebanese-gourmet\/#breadcrumb","itemListElement":[{"@type":"ListItem","position":1,"name":"Home","item":"https:\/\/saveurduliban.com\/"},{"@type":"ListItem","position":2,"name":"Shop","item":"https:\/\/saveurduliban.com\/shop-homemade-goods\/"},{"@type":"ListItem","position":3,"name":"The Ultimate Lebanese Gourmet"}]},{"@type":"WebSite","@id":"https:\/\/saveurduliban.com\/#website","url":"https:\/\/saveurduliban.com\/","name":"Saveurs Du Liban - Taste of Lebanon","description":"Saveurs Du Liban livre des produits faits maison du Liban au Canada. Nos artisans pr\u00e9parent professionnellement des produits savoureux qui contiennent de l'amour et un sentiment d'appartenance \u00e0 la maison.","publisher":{"@id":"https:\/\/saveurduliban.com\/#organization"},"potentialAction":[{"@type":"SearchAction","target":{"@type":"EntryPoint","urlTemplate":"https:\/\/saveurduliban.com\/?s={search_term_string}"},"query-input":{"@type":"PropertyValueSpecification","valueRequired":true,"valueName":"search_term_string"}}],"inLanguage":"fr-CA"},{"@type":"Organization","@id":"https:\/\/saveurduliban.com\/#organization","name":"Saveurs Du Liban - Taste of Lebanon","url":"https:\/\/saveurduliban.com\/","logo":{"@type":"ImageObject","inLanguage":"fr-CA","@id":"https:\/\/saveurduliban.com\/#\/schema\/logo\/image\/","url":"https:\/\/saveurduliban.com\/wp-content\/uploads\/2024\/01\/logo-03-2.png","contentUrl":"https:\/\/saveurduliban.com\/wp-content\/uploads\/2024\/01\/logo-03-2.png","width":480,"height":530,"caption":"Saveurs Du Liban - Taste of Lebanon"},"image":{"@id":"https:\/\/saveurduliban.com\/#\/schema\/logo\/image\/"},"sameAs":["https:\/\/instagram.com\/saveurduliban"]}]}},"jetpack_sharing_enabled":true,"_links":{"self":[{"href":"https:\/\/saveurduliban.com\/fr\/wp-json\/wp\/v2\/product\/7084","targetHints":{"allow":["GET"]}}],"collection":[{"href":"https:\/\/saveurduliban.com\/fr\/wp-json\/wp\/v2\/product"}],"about":[{"href":"https:\/\/saveurduliban.com\/fr\/wp-json\/wp\/v2\/types\/product"}],"replies":[{"embeddable":true,"href":"https:\/\/saveurduliban.com\/fr\/wp-json\/wp\/v2\/comments?post=7084"}],"wp:featuredmedia":[{"embeddable":true,"href":"https:\/\/saveurduliban.com\/fr\/wp-json\/wp\/v2\/media\/7085"}],"wp:attachment":[{"href":"https:\/\/saveurduliban.com\/fr\/wp-json\/wp\/v2\/media?parent=7084"}],"wp:term":[{"taxonomy":"product_brand","embeddable":true,"href":"https:\/\/saveurduliban.com\/fr\/wp-json\/wp\/v2\/product_brand?post=7084"},{"taxonomy":"product_cat","embeddable":true,"href":"https:\/\/saveurduliban.com\/fr\/wp-json\/wp\/v2\/product_cat?post=7084"},{"taxonomy":"product_tag","embeddable":true,"href":"https:\/\/saveurduliban.com\/fr\/wp-json\/wp\/v2\/product_tag?post=7084"}],"curies":[{"name":"wp","href":"https:\/\/api.w.org\/{rel}","templated":true}]}}